{"id":1094,"date":"2015-12-19T19:56:07","date_gmt":"2015-12-19T19:56:07","guid":{"rendered":"http:\/\/artistdesign.de\/blog\/?page_id=1094"},"modified":"2019-11-26T14:12:21","modified_gmt":"2019-11-26T14:12:21","slug":"costa-del-cub","status":"publish","type":"page","link":"https:\/\/artistdesign.de\/blog\/costa-del-cub","title":{"rendered":"jan Costa del Cubo"},"content":{"rendered":"<p>An der Costa del Cubo treffen sich die Gegens\u00e4tze. Antiquarisch und postmodern beginnen zu interagieren, auch rund und eckig verhalten sich hier kooperativ.<\/p>\n<div id=\"attachment_1052\" style=\"width: 594px\" class=\"wp-caption alignleft\"><a href=\"https:\/\/artistdesign.de\/blog\/wp-content\/uploads\/2015\/12\/Costa-del-cubo.jpg\"><img loading=\"lazy\" decoding=\"async\" aria-describedby=\"caption-attachment-1052\" class=\"size-large wp-image-1052\" title=\"Cost del cubo\" src=\"https:\/\/artistdesign.de\/blog\/wp-content\/uploads\/2015\/12\/Costa-del-cubo-1024x626.jpg\" alt=\"\" width=\"584\" height=\"357\" srcset=\"https:\/\/artistdesign.de\/blog\/wp-content\/uploads\/2015\/12\/Costa-del-cubo-1024x626.jpg 1024w, https:\/\/artistdesign.de\/blog\/wp-content\/uploads\/2015\/12\/Costa-del-cubo-300x183.jpg 300w, https:\/\/artistdesign.de\/blog\/wp-content\/uploads\/2015\/12\/Costa-del-cubo-490x300.jpg 490w, https:\/\/artistdesign.de\/blog\/wp-content\/uploads\/2015\/12\/Costa-del-cubo.jpg 1920w\" sizes=\"auto, (max-width: 584px) 100vw, 584px\" \/><\/a><p id=\"caption-attachment-1052\" class=\"wp-caption-text\">Unidentified Flying Object | 99 Red Ballons | Costa del Cubo<\/p><\/div>\n<p>&nbsp;<\/p>\n<p>Digital Work | 2015<\/p>\n<p>F\u00fcr alle, die sich mit dieser Architektur umgeben m\u00f6chten: Auf <a title=\"Architektur Artflakes\" href=\"http:\/\/www.artflakes.com\/de\/products\/unidentified-flying-object---99-red-ballons---costa-del-cubo\" target=\"_blank\" rel=\"noopener noreferrer\">ARTFLAKES<\/a> l\u00e4sst sich dieses Opus als Poster, Kunstdruck oder Gru\u00dfkarte kaufen!<br \/>\nGet in touch with this architectural artwork as a touchable poster, art print or canvas print on <a title=\"Architecture on Artflakes\" href=\"http:\/\/www.artflakes.com\/en\/products\/unidentified-flying-object---99-red-ballons---costa-del-cubo\" target=\"_blank\" rel=\"noopener noreferrer\">ARTFLAKES<\/a>!<\/p>\n<p>Die beiden architektonischen Grundbilder kommen von der Costa del Sol:<br \/>\n<a title=\"Iglesia San Miguel\" href=\"http:\/\/www.panoramio.com\/photo\/121878028\" target=\"_blank\" rel=\"noopener noreferrer\">http:\/\/www.panoramio.com\/photo\/121878028<br \/>\n<\/a><a title=\"Teatro y Auditorio\" href=\"http:\/\/www.panoramio.com\/photo\/121877773\" target=\"_blank\" rel=\"noopener noreferrer\">http:\/\/www.panoramio.com\/photo\/121877773<\/a><\/p>\n<p><a title=\"dec Triviales Leuchten\" href=\"https:\/\/artistdesign.de\/blog\/trivialicht\">\u25c0<\/a> PREV\u00a0 \u263c\u00a0 NEXT <a title=\"feb Farbfeldweltraum\" href=\"https:\/\/artistdesign.de\/blog\/farbfeldweltraum\">\u25ba<\/a><\/p>\n<p>&nbsp;<\/p>\n","protected":false},"excerpt":{"rendered":"<p>An der Costa del Cubo treffen sich die Gegens\u00e4tze. Antiquarisch und postmodern beginnen zu interagieren, auch rund und eckig verhalten sich hier kooperativ. &nbsp; Digital Work | 2015 F\u00fcr alle, die sich mit dieser Architektur umgeben m\u00f6chten: Auf ARTFLAKES l\u00e4sst sich dieses Opus als Poster, Kunstdruck oder Gru\u00dfkarte kaufen! Get in touch with this architectural&hellip; <br \/> <a class=\"read-more\" href=\"https:\/\/artistdesign.de\/blog\/costa-del-cub\">Weiterlesen<\/a><\/p>\n","protected":false},"author":2,"featured_media":0,"parent":0,"menu_order":0,"comment_status":"closed","ping_status":"closed","template":"sidebar-page.php","meta":{"ngg_post_thumbnail":0,"footnotes":""},"class_list":["post-1094","page","type-page","status-publish","hentry"],"_links":{"self":[{"href":"https:\/\/artistdesign.de\/blog\/wp-json\/wp\/v2\/pages\/1094","targetHints":{"allow":["GET"]}}],"collection":[{"href":"https:\/\/artistdesign.de\/blog\/wp-json\/wp\/v2\/pages"}],"about":[{"href":"https:\/\/artistdesign.de\/blog\/wp-json\/wp\/v2\/types\/page"}],"author":[{"embeddable":true,"href":"https:\/\/artistdesign.de\/blog\/wp-json\/wp\/v2\/users\/2"}],"replies":[{"embeddable":true,"href":"https:\/\/artistdesign.de\/blog\/wp-json\/wp\/v2\/comments?post=1094"}],"version-history":[{"count":12,"href":"https:\/\/artistdesign.de\/blog\/wp-json\/wp\/v2\/pages\/1094\/revisions"}],"predecessor-version":[{"id":1097,"href":"https:\/\/artistdesign.de\/blog\/wp-json\/wp\/v2\/pages\/1094\/revisions\/1097"}],"wp:attachment":[{"href":"https:\/\/artistdesign.de\/blog\/wp-json\/wp\/v2\/media?parent=1094"}],"curies":[{"name":"wp","href":"https:\/\/api.w.org\/{rel}","templated":true}]}}