{"id":1209,"date":"2016-12-30T17:24:02","date_gmt":"2016-12-30T17:24:02","guid":{"rendered":"http:\/\/artistdesign.de\/blog\/?page_id=1209"},"modified":"2016-12-30T19:22:11","modified_gmt":"2016-12-30T19:22:11","slug":"fence-4-defence","status":"publish","type":"page","link":"https:\/\/artistdesign.de\/blog\/fence-4-defence","title":{"rendered":"mar Fence for Defence"},"content":{"rendered":"<p>An dieser K\u00fcste<br \/>\nfehlen nur die L\u00fcste.<\/p>\n<div id=\"attachment_1183\" style=\"width: 594px\" class=\"wp-caption alignleft\"><a href=\"https:\/\/artistdesign.de\/blog\/wp-content\/uploads\/2016\/12\/Fence-for-Defence.jpg\"><img loading=\"lazy\" decoding=\"async\" aria-describedby=\"caption-attachment-1183\" class=\"wp-image-1183 size-large\" title=\"Sonnen-Geflecht\" src=\"https:\/\/artistdesign.de\/blog\/wp-content\/uploads\/2016\/12\/Fence-for-Defence-1024x627.jpg\" width=\"584\" height=\"358\" srcset=\"https:\/\/artistdesign.de\/blog\/wp-content\/uploads\/2016\/12\/Fence-for-Defence-1024x627.jpg 1024w, https:\/\/artistdesign.de\/blog\/wp-content\/uploads\/2016\/12\/Fence-for-Defence-300x184.jpg 300w, https:\/\/artistdesign.de\/blog\/wp-content\/uploads\/2016\/12\/Fence-for-Defence-768x470.jpg 768w, https:\/\/artistdesign.de\/blog\/wp-content\/uploads\/2016\/12\/Fence-for-Defence-490x300.jpg 490w, https:\/\/artistdesign.de\/blog\/wp-content\/uploads\/2016\/12\/Fence-for-Defence.jpg 1920w\" sizes=\"auto, (max-width: 584px) 100vw, 584px\" \/><\/a><p id=\"caption-attachment-1183\" class=\"wp-caption-text\">&nbsp;&nbsp;&nbsp;&nbsp;&nbsp;Tr\u00e4ume sind Sch\u00e4ume sind Z\u00e4une\u00a0 |\u00a0 Fence for Defence\u00a0 |\u00a0 Lago del Mar<\/p><\/div>\n<p>&nbsp;<\/p>\n<p>Digital work, 2016<\/p>\n<p><a title=\"Bienvenidos en Utopia\" href=\"https:\/\/artistdesign.de\/blog\/bienvenidos-en-utopia\">\u25c4<\/a> PREV\u00a0 \u263c\u00a0 NEXT <a title=\"Meine Mobilit\u00e4tsgarantie\" href=\"https:\/\/artistdesign.de\/blog\/mobile-memories\">\u25ba<\/a><\/p>\n<p>&nbsp;<\/p>\n","protected":false},"excerpt":{"rendered":"<p>An dieser K\u00fcste fehlen nur die L\u00fcste. &nbsp; Digital work, 2016 \u25c4 PREV\u00a0 \u263c\u00a0 NEXT \u25ba &nbsp;<\/p>\n","protected":false},"author":2,"featured_media":0,"parent":0,"menu_order":0,"comment_status":"open","ping_status":"open","template":"sidebar-page.php","meta":{"ngg_post_thumbnail":0,"footnotes":""},"class_list":["post-1209","page","type-page","status-publish","hentry"],"_links":{"self":[{"href":"https:\/\/artistdesign.de\/blog\/wp-json\/wp\/v2\/pages\/1209","targetHints":{"allow":["GET"]}}],"collection":[{"href":"https:\/\/artistdesign.de\/blog\/wp-json\/wp\/v2\/pages"}],"about":[{"href":"https:\/\/artistdesign.de\/blog\/wp-json\/wp\/v2\/types\/page"}],"author":[{"embeddable":true,"href":"https:\/\/artistdesign.de\/blog\/wp-json\/wp\/v2\/users\/2"}],"replies":[{"embeddable":true,"href":"https:\/\/artistdesign.de\/blog\/wp-json\/wp\/v2\/comments?post=1209"}],"version-history":[{"count":7,"href":"https:\/\/artistdesign.de\/blog\/wp-json\/wp\/v2\/pages\/1209\/revisions"}],"predecessor-version":[{"id":1282,"href":"https:\/\/artistdesign.de\/blog\/wp-json\/wp\/v2\/pages\/1209\/revisions\/1282"}],"wp:attachment":[{"href":"https:\/\/artistdesign.de\/blog\/wp-json\/wp\/v2\/media?parent=1209"}],"curies":[{"name":"wp","href":"https:\/\/api.w.org\/{rel}","templated":true}]}}