{"id":1217,"date":"2016-12-30T17:37:24","date_gmt":"2016-12-30T17:37:24","guid":{"rendered":"http:\/\/artistdesign.de\/blog\/?page_id=1217"},"modified":"2017-04-02T08:00:22","modified_gmt":"2017-04-02T08:00:22","slug":"mobile-memories","status":"publish","type":"page","link":"https:\/\/artistdesign.de\/blog\/mobile-memories","title":{"rendered":"apr Mobile Memories"},"content":{"rendered":"<p>Moderne Mobilit\u00e4tsgarantie fehlt nie.<\/p>\n<div id=\"attachment_1188\" style=\"width: 594px\" class=\"wp-caption alignleft\"><a href=\"https:\/\/artistdesign.de\/blog\/wp-content\/uploads\/2016\/12\/Mobile-Memories.jpg\"><img loading=\"lazy\" decoding=\"async\" aria-describedby=\"caption-attachment-1188\" class=\"wp-image-1188 size-large\" title=\"Sonnen-Geflecht\" src=\"https:\/\/artistdesign.de\/blog\/wp-content\/uploads\/2016\/12\/Mobile-Memories-1024x627.jpg\" width=\"584\" height=\"358\" srcset=\"https:\/\/artistdesign.de\/blog\/wp-content\/uploads\/2016\/12\/Mobile-Memories-1024x627.jpg 1024w, https:\/\/artistdesign.de\/blog\/wp-content\/uploads\/2016\/12\/Mobile-Memories-300x184.jpg 300w, https:\/\/artistdesign.de\/blog\/wp-content\/uploads\/2016\/12\/Mobile-Memories-768x470.jpg 768w, https:\/\/artistdesign.de\/blog\/wp-content\/uploads\/2016\/12\/Mobile-Memories-490x300.jpg 490w, https:\/\/artistdesign.de\/blog\/wp-content\/uploads\/2016\/12\/Mobile-Memories.jpg 1920w\" sizes=\"auto, (max-width: 584px) 100vw, 584px\" \/><\/a><p id=\"caption-attachment-1188\" class=\"wp-caption-text\">Meine Mobilit\u00e4tsgarantie | Mobile Memories | Recuerdo retrogrado.<\/p><\/div>\n<p>&nbsp;<\/p>\n<p>Doch wo bleibt die Mobilit\u00e4t wenn zu viele Mobilisten unterwegs sind, bleibet sie dann auf der Strecke liegen, f\u00e4llt sie dann etwa ins Wasser?<\/p>\n<p>Digital work, 2001-2016<\/p>\n<p><a title=\"Fence for Defence\" href=\"https:\/\/artistdesign.de\/blog\/fence-4-defence\">\u25c4<\/a> PREV\u00a0 \u263c\u00a0 NEXT <a title=\"Der Gr\u00fcnstreifen\" href=\"https:\/\/artistdesign.de\/blog\/der-gruenstreifen\">\u25ba<\/a><\/p>\n<p>&nbsp;<\/p>\n","protected":false},"excerpt":{"rendered":"<p>Moderne Mobilit\u00e4tsgarantie fehlt nie. &nbsp; Doch wo bleibt die Mobilit\u00e4t wenn zu viele Mobilisten unterwegs sind, bleibet sie dann auf der Strecke liegen, f\u00e4llt sie dann etwa ins Wasser? Digital work, 2001-2016 \u25c4 PREV\u00a0 \u263c\u00a0 NEXT \u25ba &nbsp;<\/p>\n","protected":false},"author":2,"featured_media":0,"parent":0,"menu_order":0,"comment_status":"open","ping_status":"open","template":"sidebar-page.php","meta":{"ngg_post_thumbnail":0,"footnotes":""},"class_list":["post-1217","page","type-page","status-publish","hentry"],"_links":{"self":[{"href":"https:\/\/artistdesign.de\/blog\/wp-json\/wp\/v2\/pages\/1217","targetHints":{"allow":["GET"]}}],"collection":[{"href":"https:\/\/artistdesign.de\/blog\/wp-json\/wp\/v2\/pages"}],"about":[{"href":"https:\/\/artistdesign.de\/blog\/wp-json\/wp\/v2\/types\/page"}],"author":[{"embeddable":true,"href":"https:\/\/artistdesign.de\/blog\/wp-json\/wp\/v2\/users\/2"}],"replies":[{"embeddable":true,"href":"https:\/\/artistdesign.de\/blog\/wp-json\/wp\/v2\/comments?post=1217"}],"version-history":[{"count":9,"href":"https:\/\/artistdesign.de\/blog\/wp-json\/wp\/v2\/pages\/1217\/revisions"}],"predecessor-version":[{"id":1311,"href":"https:\/\/artistdesign.de\/blog\/wp-json\/wp\/v2\/pages\/1217\/revisions\/1311"}],"wp:attachment":[{"href":"https:\/\/artistdesign.de\/blog\/wp-json\/wp\/v2\/media?parent=1217"}],"curies":[{"name":"wp","href":"https:\/\/api.w.org\/{rel}","templated":true}]}}