{"id":1232,"date":"2016-12-30T18:04:06","date_gmt":"2016-12-30T18:04:06","guid":{"rendered":"http:\/\/artistdesign.de\/blog\/?page_id=1232"},"modified":"2016-12-30T18:21:47","modified_gmt":"2016-12-30T18:21:47","slug":"gruene-grenzen","status":"publish","type":"page","link":"https:\/\/artistdesign.de\/blog\/gruene-grenzen","title":{"rendered":"jun Gr\u00fcne Grenzen"},"content":{"rendered":"<p>Gr\u00fcnes Feld f\u00e4llt.<br \/>\nGr\u00fcnes Feld gef\u00e4llt..<\/p>\n<div id=\"attachment_1184\" style=\"width: 594px\" class=\"wp-caption alignleft\"><a href=\"https:\/\/artistdesign.de\/blog\/wp-content\/uploads\/2016\/12\/Gruene-Grenzen.jpg\"><img loading=\"lazy\" decoding=\"async\" aria-describedby=\"caption-attachment-1184\" class=\"wp-image-1184 size-large\" title=\"Sonnen-Geflecht\" src=\"https:\/\/artistdesign.de\/blog\/wp-content\/uploads\/2016\/12\/Gruene-Grenzen-1024x627.jpg\" width=\"584\" height=\"358\" srcset=\"https:\/\/artistdesign.de\/blog\/wp-content\/uploads\/2016\/12\/Gruene-Grenzen-1024x627.jpg 1024w, https:\/\/artistdesign.de\/blog\/wp-content\/uploads\/2016\/12\/Gruene-Grenzen-300x184.jpg 300w, https:\/\/artistdesign.de\/blog\/wp-content\/uploads\/2016\/12\/Gruene-Grenzen-768x470.jpg 768w, https:\/\/artistdesign.de\/blog\/wp-content\/uploads\/2016\/12\/Gruene-Grenzen-490x300.jpg 490w, https:\/\/artistdesign.de\/blog\/wp-content\/uploads\/2016\/12\/Gruene-Grenzen.jpg 1920w\" sizes=\"auto, (max-width: 584px) 100vw, 584px\" \/><\/a><p id=\"caption-attachment-1184\" class=\"wp-caption-text\">&nbsp;&nbsp;&nbsp;&nbsp;&nbsp;Gr\u00fcne Grenzen\u00a0 |\u00a0 Golfer\u2018s Green\u00a0 |\u00a0 El Gran Verde.<\/p><\/div>\n<p>&nbsp;<\/p>\n<p>Digital work, 2011-2016<\/p>\n<p><a title=\"Der Gr\u00fcnstreifen\" href=\"https:\/\/artistdesign.de\/blog\/der-gruenstreifen\">\u25c4<\/a> PREV\u00a0 \u263c\u00a0 NEXT <a title=\"Felsenfeste Postkarte\" href=\"https:\/\/artistdesign.de\/blog\/rock-solid-postcard\">\u25ba<\/a><\/p>\n<p>&nbsp;<\/p>\n","protected":false},"excerpt":{"rendered":"<p>Gr\u00fcnes Feld f\u00e4llt. Gr\u00fcnes Feld gef\u00e4llt.. &nbsp; Digital work, 2011-2016 \u25c4 PREV\u00a0 \u263c\u00a0 NEXT \u25ba &nbsp;<\/p>\n","protected":false},"author":2,"featured_media":0,"parent":0,"menu_order":0,"comment_status":"open","ping_status":"open","template":"sidebar-page.php","meta":{"ngg_post_thumbnail":0,"footnotes":""},"class_list":["post-1232","page","type-page","status-publish","hentry"],"_links":{"self":[{"href":"https:\/\/artistdesign.de\/blog\/wp-json\/wp\/v2\/pages\/1232","targetHints":{"allow":["GET"]}}],"collection":[{"href":"https:\/\/artistdesign.de\/blog\/wp-json\/wp\/v2\/pages"}],"about":[{"href":"https:\/\/artistdesign.de\/blog\/wp-json\/wp\/v2\/types\/page"}],"author":[{"embeddable":true,"href":"https:\/\/artistdesign.de\/blog\/wp-json\/wp\/v2\/users\/2"}],"replies":[{"embeddable":true,"href":"https:\/\/artistdesign.de\/blog\/wp-json\/wp\/v2\/comments?post=1232"}],"version-history":[{"count":7,"href":"https:\/\/artistdesign.de\/blog\/wp-json\/wp\/v2\/pages\/1232\/revisions"}],"predecessor-version":[{"id":1245,"href":"https:\/\/artistdesign.de\/blog\/wp-json\/wp\/v2\/pages\/1232\/revisions\/1245"}],"wp:attachment":[{"href":"https:\/\/artistdesign.de\/blog\/wp-json\/wp\/v2\/media?parent=1232"}],"curies":[{"name":"wp","href":"https:\/\/api.w.org\/{rel}","templated":true}]}}