{"id":1344,"date":"2017-12-28T23:05:07","date_gmt":"2017-12-28T23:05:07","guid":{"rendered":"http:\/\/artistdesign.de\/blog\/?page_id=1344"},"modified":"2017-12-29T14:43:13","modified_gmt":"2017-12-29T14:43:13","slug":"schneeball-urknall","status":"publish","type":"page","link":"https:\/\/artistdesign.de\/blog\/schneeball-urknall","title":{"rendered":"jan Urknall durch Schneefall"},"content":{"rendered":"<p>Der gr\u00f6\u00dfte anzunehmende Urknall f\u00fchrt bei Schneeb\u00e4llen zu einem explosiven sytemischen Konzept, dem sog. Schneeball-System. Knallt es zentral, so werden sich verzweigenden Ersch\u00fctterungen sogar peripher sicht- und messbar | The biggest supposed big bang in snowballs leads to an explosive systemic concept, the so-called snowball system. If it bangs centrally, branching vibrations even become peripherally visible and measurable.<\/p>\n<div id=\"attachment_1348\" style=\"width: 594px\" class=\"wp-caption alignleft\"><a href=\"https:\/\/artistdesign.de\/blog\/wp-content\/uploads\/2017\/12\/SystemSchneeball-1.jpg\"><img loading=\"lazy\" decoding=\"async\" aria-describedby=\"caption-attachment-1348\" class=\"wp-image-1348 size-large\" title=\"Sonnen-Geflecht\" src=\"https:\/\/artistdesign.de\/blog\/wp-content\/uploads\/2017\/12\/SystemSchneeball-1-1024x628.jpg\" alt=\"\" width=\"584\" height=\"358\" srcset=\"https:\/\/artistdesign.de\/blog\/wp-content\/uploads\/2017\/12\/SystemSchneeball-1-1024x628.jpg 1024w, https:\/\/artistdesign.de\/blog\/wp-content\/uploads\/2017\/12\/SystemSchneeball-1-300x184.jpg 300w, https:\/\/artistdesign.de\/blog\/wp-content\/uploads\/2017\/12\/SystemSchneeball-1-768x471.jpg 768w, https:\/\/artistdesign.de\/blog\/wp-content\/uploads\/2017\/12\/SystemSchneeball-1-489x300.jpg 489w, https:\/\/artistdesign.de\/blog\/wp-content\/uploads\/2017\/12\/SystemSchneeball-1.jpg 1920w\" sizes=\"auto, (max-width: 584px) 100vw, 584px\" \/><\/a><p id=\"caption-attachment-1348\" class=\"wp-caption-text\">\u00a0\u00a0\u00a0\u00a0 Schneefallball zum Urknall | Pyramid Selling | Bola de nieve sist\u00e9mica en el Big Bang<\/p><\/div>\n<p>Digital Work on Paper, 1985-2017<\/p>\n<p><a title=\"Kreis zum Quadrat\" href=\"https:\/\/artistdesign.de\/blog\/regebogen\">\u25c4<\/a> PREV\u00a0 \u263c\u00a0 NEXT <a title=\"Heiter bis wolkig\" href=\"https:\/\/artistdesign.de\/blog\/noway-tostay-today\">\u25ba<\/a><\/p>\n<p>&nbsp;<\/p>\n","protected":false},"excerpt":{"rendered":"<p>Der gr\u00f6\u00dfte anzunehmende Urknall f\u00fchrt bei Schneeb\u00e4llen zu einem explosiven sytemischen Konzept, dem sog. Schneeball-System. Knallt es zentral, so werden sich verzweigenden Ersch\u00fctterungen sogar peripher sicht- und messbar | The biggest supposed big bang in snowballs leads to an explosive systemic concept, the so-called snowball system. If it bangs centrally, branching vibrations even become peripherally&hellip; <br \/> <a class=\"read-more\" href=\"https:\/\/artistdesign.de\/blog\/schneeball-urknall\">Weiterlesen<\/a><\/p>\n","protected":false},"author":2,"featured_media":0,"parent":0,"menu_order":0,"comment_status":"open","ping_status":"open","template":"sidebar-page.php","meta":{"ngg_post_thumbnail":0,"footnotes":""},"class_list":["post-1344","page","type-page","status-publish","hentry"],"_links":{"self":[{"href":"https:\/\/artistdesign.de\/blog\/wp-json\/wp\/v2\/pages\/1344","targetHints":{"allow":["GET"]}}],"collection":[{"href":"https:\/\/artistdesign.de\/blog\/wp-json\/wp\/v2\/pages"}],"about":[{"href":"https:\/\/artistdesign.de\/blog\/wp-json\/wp\/v2\/types\/page"}],"author":[{"embeddable":true,"href":"https:\/\/artistdesign.de\/blog\/wp-json\/wp\/v2\/users\/2"}],"replies":[{"embeddable":true,"href":"https:\/\/artistdesign.de\/blog\/wp-json\/wp\/v2\/comments?post=1344"}],"version-history":[{"count":11,"href":"https:\/\/artistdesign.de\/blog\/wp-json\/wp\/v2\/pages\/1344\/revisions"}],"predecessor-version":[{"id":1507,"href":"https:\/\/artistdesign.de\/blog\/wp-json\/wp\/v2\/pages\/1344\/revisions\/1507"}],"wp:attachment":[{"href":"https:\/\/artistdesign.de\/blog\/wp-json\/wp\/v2\/media?parent=1344"}],"curies":[{"name":"wp","href":"https:\/\/api.w.org\/{rel}","templated":true}]}}