{"id":1370,"date":"2017-12-28T23:07:04","date_gmt":"2017-12-28T23:07:04","guid":{"rendered":"http:\/\/artistdesign.de\/blog\/?page_id=1370"},"modified":"2017-12-29T14:41:00","modified_gmt":"2017-12-29T14:41:00","slug":"small-wall-tall","status":"publish","type":"page","link":"https:\/\/artistdesign.de\/blog\/small-wall-tall","title":{"rendered":"mar Small Wall Tall"},"content":{"rendered":"<p>Je gr\u00f6\u00dfer die Kleine,<br \/>\ndesto kleiner die Gr\u00f6\u00dfe<\/p>\n<div id=\"attachment_1353\" style=\"width: 594px\" class=\"wp-caption alignleft\"><a href=\"https:\/\/artistdesign.de\/blog\/wp-content\/uploads\/2017\/12\/KeineGroesse.jpg\"><img loading=\"lazy\" decoding=\"async\" aria-describedby=\"caption-attachment-1353\" class=\"wp-image-1353 size-large\" title=\"Sonnen-Geflecht\" src=\"https:\/\/artistdesign.de\/blog\/wp-content\/uploads\/2017\/12\/KeineGroesse-1024x628.jpg\" alt=\"\" width=\"584\" height=\"358\" srcset=\"https:\/\/artistdesign.de\/blog\/wp-content\/uploads\/2017\/12\/KeineGroesse-1024x628.jpg 1024w, https:\/\/artistdesign.de\/blog\/wp-content\/uploads\/2017\/12\/KeineGroesse-300x184.jpg 300w, https:\/\/artistdesign.de\/blog\/wp-content\/uploads\/2017\/12\/KeineGroesse-768x471.jpg 768w, https:\/\/artistdesign.de\/blog\/wp-content\/uploads\/2017\/12\/KeineGroesse-489x300.jpg 489w, https:\/\/artistdesign.de\/blog\/wp-content\/uploads\/2017\/12\/KeineGroesse.jpg 1920w\" sizes=\"auto, (max-width: 584px) 100vw, 584px\" \/><\/a><p id=\"caption-attachment-1353\" class=\"wp-caption-text\">\u00a0\u00a0\u00a0\u00a0 Vernachl\u00e4ssigbare Gr\u00f6\u00dfe | Small Wall Tall | Grandeza peque\u00f1a<\/p><\/div>\n<p>&nbsp;<\/p>\n<p>Digital Work, 2015-2017<\/p>\n<p><a title=\"Kreis zum Quadrat\" href=\"https:\/\/artistdesign.de\/blog\/noway-tostay-today\">\u25c4<\/a> PREV\u00a0 \u263c\u00a0 NEXT <a title=\"Heiter bis wolkig\" href=\"https:\/\/artistdesign.de\/blog\/sea-inter-view\">\u25ba<\/a><\/p>\n<p>&nbsp;<\/p>\n","protected":false},"excerpt":{"rendered":"<p>Je gr\u00f6\u00dfer die Kleine, desto kleiner die Gr\u00f6\u00dfe &nbsp; Digital Work, 2015-2017 \u25c4 PREV\u00a0 \u263c\u00a0 NEXT \u25ba &nbsp;<\/p>\n","protected":false},"author":2,"featured_media":0,"parent":0,"menu_order":0,"comment_status":"open","ping_status":"open","template":"sidebar-page.php","meta":{"ngg_post_thumbnail":0,"footnotes":""},"class_list":["post-1370","page","type-page","status-publish","hentry"],"_links":{"self":[{"href":"https:\/\/artistdesign.de\/blog\/wp-json\/wp\/v2\/pages\/1370","targetHints":{"allow":["GET"]}}],"collection":[{"href":"https:\/\/artistdesign.de\/blog\/wp-json\/wp\/v2\/pages"}],"about":[{"href":"https:\/\/artistdesign.de\/blog\/wp-json\/wp\/v2\/types\/page"}],"author":[{"embeddable":true,"href":"https:\/\/artistdesign.de\/blog\/wp-json\/wp\/v2\/users\/2"}],"replies":[{"embeddable":true,"href":"https:\/\/artistdesign.de\/blog\/wp-json\/wp\/v2\/comments?post=1370"}],"version-history":[{"count":7,"href":"https:\/\/artistdesign.de\/blog\/wp-json\/wp\/v2\/pages\/1370\/revisions"}],"predecessor-version":[{"id":1505,"href":"https:\/\/artistdesign.de\/blog\/wp-json\/wp\/v2\/pages\/1370\/revisions\/1505"}],"wp:attachment":[{"href":"https:\/\/artistdesign.de\/blog\/wp-json\/wp\/v2\/media?parent=1370"}],"curies":[{"name":"wp","href":"https:\/\/api.w.org\/{rel}","templated":true}]}}