{"id":1447,"date":"2017-12-28T23:45:10","date_gmt":"2017-12-28T23:45:10","guid":{"rendered":"http:\/\/artistdesign.de\/blog\/?page_id=1447"},"modified":"2017-12-29T14:22:54","modified_gmt":"2017-12-29T14:22:54","slug":"kalender-2018-calendar","status":"publish","type":"page","link":"https:\/\/artistdesign.de\/blog\/kalender-2018-calendar","title":{"rendered":"Kalender 2018 Calendar"},"content":{"rendered":"<p><strong>IGNORANCE F1RST!<\/strong><\/p>\n<p>Das Jahr 2018 als \u00fcbergang zu etwas Anderem zu verstehen, bringt etwas Licht in die j\u00fcngste Vergangenheit, in die der letzten 12 Monate. Wir haben erkennen m\u00fcssen, dass nicht alles in gewohnten Bahnen verl\u00e4uft und dass als selbstverst\u00e4ndlich Hingenommenes nicht wirklich selbstverst\u00e4ndlich ist. Gleichg\u00fcltigkeit \u00fcber Frieden und Demokratie macht sich in saturierten Gesellschaften breit, in denen sich gro\u00dfe Teile der Bev\u00f6lkerung abgeh\u00e4ngt f\u00fchlen. Statt selbst gestaltend einzugreifen, werden nur noch Denkzettel an die Etablierten ausgeteilt.<\/p>\n<p><strong>DO YOU FEEL BAD, GOOD ORWELL: ALTERNATIVE FACTS<\/strong><\/p>\n<p>Offentliches Verdrehen von Tatsachen wird salonf\u00e4hig, Wahrheit mutiert zu pluralen Ansichten derselben und wird damit beliebig. Wahrheit und Recht bekommt, wer die besten Rechtsbrecher hinter sich versammeln, also bezahlen, kann.<br \/>\nWer in der Kakophonie die lauteste Trompete (trumpet) spielt, wird am ehesten geh\u00f6rt.<\/p>\n<p>Je globaler das Dorf wird, desto \u00e4ngstlicher muss der m\u00fchsam erarbeitete lokale pers\u00f6nliche Status gegen ubiquit\u00e4re reale oder fiktive Angriffe verteidigt werden..<\/p>\n<div id=\"attachment_1451\" style=\"width: 594px\" class=\"wp-caption alignleft\"><a href=\"https:\/\/artistdesign.de\/blog\/wp-content\/uploads\/2017\/12\/CRD_Kalend2018_Titel.jpg\"><img loading=\"lazy\" decoding=\"async\" aria-describedby=\"caption-attachment-1451\" class=\"wp-image-1451 size-large\" title=\"Kalender-Titelbild 2016\" src=\"https:\/\/artistdesign.de\/blog\/wp-content\/uploads\/2017\/12\/CRD_K18_Objekt_Titel_01-1024x768.jpg\" alt=\"\" width=\"584\" height=\"438\" srcset=\"https:\/\/artistdesign.de\/blog\/wp-content\/uploads\/2017\/12\/CRD_K18_Objekt_Titel_01-1024x768.jpg 1024w, https:\/\/artistdesign.de\/blog\/wp-content\/uploads\/2017\/12\/CRD_K18_Objekt_Titel_01-300x225.jpg 300w, https:\/\/artistdesign.de\/blog\/wp-content\/uploads\/2017\/12\/CRD_K18_Objekt_Titel_01-768x576.jpg 768w, https:\/\/artistdesign.de\/blog\/wp-content\/uploads\/2017\/12\/CRD_K18_Objekt_Titel_01-400x300.jpg 400w, https:\/\/artistdesign.de\/blog\/wp-content\/uploads\/2017\/12\/CRD_K18_Objekt_Titel_01.jpg 1600w\" sizes=\"auto, (max-width: 584px) 100vw, 584px\" \/><\/a><p id=\"caption-attachment-1451\" class=\"wp-caption-text\">tRAUMZEITen<\/p><\/div>\n<p>&nbsp;<\/p>\n<p>Der diesj\u00e4hrige Claim &#8218;tRAUMZEITen&#8216; gibt uns die Chance, in eigene Bildwelten abzutauchen statt nur permanent pro- oder reaktiv zu konsumieren.<br \/>\nLetztlich lieben wir die eigenen inneren Bilder, die in unseren Alltag ausstrahlen, nicht die fremdbestimmt-medial in uns einstrahlenden.<br \/>\nNehmen wir 2018 also als Chance, die eigenen Bilder wahr- und damit ernstzunehmen.<\/p>\n<p><strong>12 Dateinamen stehen exemplarisch f\u00fcr 12 Monate:<\/strong><br \/>\n<a href=\"https:\/\/artistdesign.de\/blog\/schneeball-urknall\">SystemSchneeball.jpg<\/a><br \/>\n<a href=\"https:\/\/artistdesign.de\/blog\/noway-tostay-today\">HolzKohleWeg.jpg<\/a><br \/>\n<a href=\"https:\/\/artistdesign.de\/blog\/small-wall-tall\">KeineGroesse.jpg<\/a><br \/>\n<a href=\"https:\/\/artistdesign.de\/blog\/sea-inter-view\">MeeresZwischenBlick.jpg<\/a><br \/>\n<a href=\"https:\/\/artistdesign.de\/blog\/under-water-cycle\">SubmarineBike.jpg<\/a><br \/>\n<a href=\"https:\/\/artistdesign.de\/blog\/true-blue\">FelsenMeer.jpg<\/a><br \/>\n<a href=\"https:\/\/artistdesign.de\/blog\/pave-appear\">ScheinSteinReich.jpg<\/a><br \/>\n<a href=\"https:\/\/artistdesign.de\/blog\/face2face\">GesichtGewichtGedicht.jpg<\/a><br \/>\n<a href=\"https:\/\/artistdesign.de\/blog\/we-are-sun\">WirSonnen.jpg<\/a><br \/>\n<a href=\"https:\/\/artistdesign.de\/blog\/color-port\">BuntesTor.jpg<\/a><br \/>\n<a href=\"https:\/\/artistdesign.de\/blog\/wind-call-center\">WindCallCenter.jpg<\/a><br \/>\n<a href=\"https:\/\/artistdesign.de\/blog\/dec-prisma-plexus\">SpektralGeflecht.jpg<\/a><\/p>\n<p>&nbsp;<\/p>\n<p>&nbsp;<\/p>\n","protected":false},"excerpt":{"rendered":"<p>IGNORANCE F1RST! Das Jahr 2018 als \u00fcbergang zu etwas Anderem zu verstehen, bringt etwas Licht in die j\u00fcngste Vergangenheit, in die der letzten 12 Monate. Wir haben erkennen m\u00fcssen, dass nicht alles in gewohnten Bahnen verl\u00e4uft und dass als selbstverst\u00e4ndlich Hingenommenes nicht wirklich selbstverst\u00e4ndlich ist. Gleichg\u00fcltigkeit \u00fcber Frieden und Demokratie macht sich in saturierten Gesellschaften&hellip; <br \/> <a class=\"read-more\" href=\"https:\/\/artistdesign.de\/blog\/kalender-2018-calendar\">Weiterlesen<\/a><\/p>\n","protected":false},"author":2,"featured_media":0,"parent":0,"menu_order":0,"comment_status":"closed","ping_status":"closed","template":"sidebar-page.php","meta":{"ngg_post_thumbnail":0,"footnotes":""},"class_list":["post-1447","page","type-page","status-publish","hentry"],"_links":{"self":[{"href":"https:\/\/artistdesign.de\/blog\/wp-json\/wp\/v2\/pages\/1447","targetHints":{"allow":["GET"]}}],"collection":[{"href":"https:\/\/artistdesign.de\/blog\/wp-json\/wp\/v2\/pages"}],"about":[{"href":"https:\/\/artistdesign.de\/blog\/wp-json\/wp\/v2\/types\/page"}],"author":[{"embeddable":true,"href":"https:\/\/artistdesign.de\/blog\/wp-json\/wp\/v2\/users\/2"}],"replies":[{"embeddable":true,"href":"https:\/\/artistdesign.de\/blog\/wp-json\/wp\/v2\/comments?post=1447"}],"version-history":[{"count":14,"href":"https:\/\/artistdesign.de\/blog\/wp-json\/wp\/v2\/pages\/1447\/revisions"}],"predecessor-version":[{"id":1478,"href":"https:\/\/artistdesign.de\/blog\/wp-json\/wp\/v2\/pages\/1447\/revisions\/1478"}],"wp:attachment":[{"href":"https:\/\/artistdesign.de\/blog\/wp-json\/wp\/v2\/media?parent=1447"}],"curies":[{"name":"wp","href":"https:\/\/api.w.org\/{rel}","templated":true}]}}