{"id":1516,"date":"2018-12-30T19:46:58","date_gmt":"2018-12-30T19:46:58","guid":{"rendered":"http:\/\/artistdesign.de\/blog\/?page_id=1516"},"modified":"2019-11-26T14:13:03","modified_gmt":"2019-11-26T14:13:03","slug":"kalender-2019-calendar","status":"publish","type":"page","link":"https:\/\/artistdesign.de\/blog\/kalender-2019-calendar","title":{"rendered":"Kalender 2019 Calendar"},"content":{"rendered":"<p><strong>Neues Spiel, neues Gl\u00fcck?<\/strong><\/p>\n<p>Der \u00dcbergang in ein neues Jahr bedeutet ja nicht per se, dass alles anders oder v\u00f6llig neu sei.<\/p>\n<p><strong>JE MEHR DU MIT DIR HERUMSCHLEPPST, DESTO VERSTELLLTER IST DEIN BLICK AUF DAS WESENDE, DAS WIRKENDE<br \/>\n<\/strong><\/p>\n<p>Das neue Jahr bietet zun\u00e4chst einmal die Chance, unn\u00f6tigen Ballast abzuwerfen, aber auch, Bew\u00e4hrtes zu erkennen und nicht einfach \u00fcber Bord zu werfen.<\/p>\n<div id=\"attachment_1522\" style=\"width: 594px\" class=\"wp-caption alignleft\"><a href=\"https:\/\/artistdesign.de\/blog\/alles-bereits-gelesen\"><img loading=\"lazy\" decoding=\"async\" aria-describedby=\"caption-attachment-1522\" class=\"wp-image-1522 size-large\" title=\"Kalender-Titelbild 2019\" src=\"https:\/\/artistdesign.de\/blog\/wp-content\/uploads\/2018\/12\/CRD_K19_Objekt_Titel_06_1920px-2-1024x682.jpg\" alt=\"Calendar 2019 in the studio\" width=\"584\" height=\"389\" srcset=\"https:\/\/artistdesign.de\/blog\/wp-content\/uploads\/2018\/12\/CRD_K19_Objekt_Titel_06_1920px-2-1024x682.jpg 1024w, https:\/\/artistdesign.de\/blog\/wp-content\/uploads\/2018\/12\/CRD_K19_Objekt_Titel_06_1920px-2-300x200.jpg 300w, https:\/\/artistdesign.de\/blog\/wp-content\/uploads\/2018\/12\/CRD_K19_Objekt_Titel_06_1920px-2-768x512.jpg 768w, https:\/\/artistdesign.de\/blog\/wp-content\/uploads\/2018\/12\/CRD_K19_Objekt_Titel_06_1920px-2-450x300.jpg 450w, https:\/\/artistdesign.de\/blog\/wp-content\/uploads\/2018\/12\/CRD_K19_Objekt_Titel_06_1920px-2.jpg 1920w\" sizes=\"auto, (max-width: 584px) 100vw, 584px\" \/><\/a><p id=\"caption-attachment-1522\" class=\"wp-caption-text\">TRANCEFORMATIV<\/p><\/div>\n<p>&nbsp;<\/p>\n<p>Der diesj\u00e4hrige Kalender steht unter dem Motto TRANCE|FORM|ATI|V und kann uns dazu anregen, nicht statisch auf einmal Bew\u00e4hrtem zu beharren, sondern uns in der Wandlung wohlf\u00fchlend einzurichten, also dort begleitend mitzugehen, wo es angesagt ist. Wer in der Lage ist, in seine un- oder bewusst stattfindende Transformation seine inneren Bilder erkennend zu integrieren, kann sich gl\u00fccklich sch\u00e4tzen.<\/p>\n<p><strong>12 Dateinamen stehen exemplarisch f\u00fcr 12 Monate:<\/strong><br \/>\n<a href=\"https:\/\/artistdesign.de\/blog\/alles-bereits-gelesen\">Alles-Bereits-Gelesen.jpg<\/a><br \/>\n<a href=\"https:\/\/artistdesign.de\/blog\/wahlfreiheiten\">Wahl-Freiheiten.jpg<\/a><br \/>\n<a href=\"https:\/\/artistdesign.de\/blog\/mar-fetz-flirr-well\">Fetz-Flirr-Welle.jpg<\/a><br \/>\n<a href=\"https:\/\/artistdesign.de\/blog\/rauschende-rollen\">Rauschende-Rollen.jpg<\/a><br \/>\n<a href=\"https:\/\/artistdesign.de\/blog\/melone-ohne-bohne\">Melone-ohne-Bohne.jpg<\/a><br \/>\n<a href=\"https:\/\/artistdesign.de\/blog\/interaktion-maritim\">Interaktion_Maritim.jpg<\/a><br \/>\n<a href=\"https:\/\/artistdesign.de\/blog\/kaktus-konzept\">Kaktus-Konzept.jpg<\/a><br \/>\n<a href=\"https:\/\/artistdesign.de\/blog\/sonnenkind\">Sonnenkind.jpg<\/a><br \/>\n<a href=\"https:\/\/artistdesign.de\/blog\/religious-roundabout\">Religioese-Rundreise.jpg<\/a><br \/>\n<a href=\"https:\/\/artistdesign.de\/blog\/farben-falle\">Herbst-Geflirre.jpg<\/a><br \/>\n<a href=\"https:\/\/artistdesign.de\/blog\/studio-hardcore\">Studio-Hardcore.jpg<\/a><br \/>\n<a href=\"https:\/\/artistdesign.de\/blog\/star-tup-moment\">Sterns-tunde.jpg<\/a><\/p>\n<p>&nbsp;<\/p>\n<p>&nbsp;<\/p>\n","protected":false},"excerpt":{"rendered":"<p>Neues Spiel, neues Gl\u00fcck? Der \u00dcbergang in ein neues Jahr bedeutet ja nicht per se, dass alles anders oder v\u00f6llig neu sei. JE MEHR DU MIT DIR HERUMSCHLEPPST, DESTO VERSTELLLTER IST DEIN BLICK AUF DAS WESENDE, DAS WIRKENDE Das neue Jahr bietet zun\u00e4chst einmal die Chance, unn\u00f6tigen Ballast abzuwerfen, aber auch, Bew\u00e4hrtes zu erkennen und&hellip; <br \/> <a class=\"read-more\" href=\"https:\/\/artistdesign.de\/blog\/kalender-2019-calendar\">Weiterlesen<\/a><\/p>\n","protected":false},"author":2,"featured_media":0,"parent":0,"menu_order":0,"comment_status":"closed","ping_status":"closed","template":"sidebar-page.php","meta":{"ngg_post_thumbnail":0,"footnotes":""},"class_list":["post-1516","page","type-page","status-publish","hentry"],"_links":{"self":[{"href":"https:\/\/artistdesign.de\/blog\/wp-json\/wp\/v2\/pages\/1516","targetHints":{"allow":["GET"]}}],"collection":[{"href":"https:\/\/artistdesign.de\/blog\/wp-json\/wp\/v2\/pages"}],"about":[{"href":"https:\/\/artistdesign.de\/blog\/wp-json\/wp\/v2\/types\/page"}],"author":[{"embeddable":true,"href":"https:\/\/artistdesign.de\/blog\/wp-json\/wp\/v2\/users\/2"}],"replies":[{"embeddable":true,"href":"https:\/\/artistdesign.de\/blog\/wp-json\/wp\/v2\/comments?post=1516"}],"version-history":[{"count":8,"href":"https:\/\/artistdesign.de\/blog\/wp-json\/wp\/v2\/pages\/1516\/revisions"}],"predecessor-version":[{"id":1600,"href":"https:\/\/artistdesign.de\/blog\/wp-json\/wp\/v2\/pages\/1516\/revisions\/1600"}],"wp:attachment":[{"href":"https:\/\/artistdesign.de\/blog\/wp-json\/wp\/v2\/media?parent=1516"}],"curies":[{"name":"wp","href":"https:\/\/api.w.org\/{rel}","templated":true}]}}