{"id":1538,"date":"2018-12-30T19:45:46","date_gmt":"2018-12-30T19:45:46","guid":{"rendered":"http:\/\/artistdesign.de\/blog\/?page_id=1538"},"modified":"2019-02-15T21:57:53","modified_gmt":"2019-02-15T21:57:53","slug":"alles-bereits-gelesen","status":"publish","type":"page","link":"https:\/\/artistdesign.de\/blog\/alles-bereits-gelesen","title":{"rendered":"jan Alles Bereits Gelesen"},"content":{"rendered":"<p>ABC without B generates AC or DC current<br \/>\ncurrent currencies occur obscure<br \/>\ncamera obscura is hidden in your cell phone<br \/>\nmemory cells surrogate your memory<br \/>\neducation generates letters within terms<br \/>\nwithin sentences within paragraphs<br \/>\nwithin texts within books<br \/>\nwithin libraries within with in<br \/>\nwith infinity no alphabeta gamma rays<br \/>\ndisturb your nonverbal perception<\/p>\n<div id=\"attachment_1525\" style=\"width: 594px\" class=\"wp-caption alignleft\"><a href=\"https:\/\/artistdesign.de\/blog\/wp-content\/uploads\/2018\/12\/Alles-Bereits-Gelesen_1920px.jpg\"><img loading=\"lazy\" decoding=\"async\" aria-describedby=\"caption-attachment-1525\" class=\"wp-image-1525 size-large\" title=\"Sonnen-Geflecht\" src=\"https:\/\/artistdesign.de\/blog\/wp-content\/uploads\/2018\/12\/Alles-Bereits-Gelesen_1920px-1024x628.jpg\" alt=\"Alpha | Beta | Gamma\" width=\"584\" height=\"358\" srcset=\"https:\/\/artistdesign.de\/blog\/wp-content\/uploads\/2018\/12\/Alles-Bereits-Gelesen_1920px-1024x628.jpg 1024w, https:\/\/artistdesign.de\/blog\/wp-content\/uploads\/2018\/12\/Alles-Bereits-Gelesen_1920px-300x184.jpg 300w, https:\/\/artistdesign.de\/blog\/wp-content\/uploads\/2018\/12\/Alles-Bereits-Gelesen_1920px-768x471.jpg 768w, https:\/\/artistdesign.de\/blog\/wp-content\/uploads\/2018\/12\/Alles-Bereits-Gelesen_1920px-489x300.jpg 489w, https:\/\/artistdesign.de\/blog\/wp-content\/uploads\/2018\/12\/Alles-Bereits-Gelesen_1920px.jpg 1920w\" sizes=\"auto, (max-width: 584px) 100vw, 584px\" \/><\/a><p id=\"caption-attachment-1525\" class=\"wp-caption-text\">Alles Bereits Gelesen Alpha | Beta | Gamma<\/p><\/div>\n<p>Composition of Digital Works, 2001-2018<\/p>\n<p><a title=\"Kreis zum Quadrat\" href=\"https:\/\/artistdesign.de\/blog\/dec-prisma-plexus\">\u25c4<\/a> PREV\u00a0 \u263c\u00a0 NEXT <a title=\"Heiter bis wolkig\" href=\"https:\/\/artistdesign.de\/blog\/wahlfreiheiten\">\u25ba<\/a><\/p>\n<p><iframe loading=\"lazy\" width=\"280\" height=\"157\" src=\"https:\/\/www.youtube.com\/embed\/B1W2Rf0yD7s\" frameborder=\"0\" allow=\"accelerometer; autoplay=0; encrypted-media; gyroscope; picture-in-picture\" allowfullscreen><\/iframe><\/p>\n<p>Der Mensch hat die Tendenz, durch Abstraktion zum begrifflichen Denken vorzudringen. Das erleichtert den Umgang mit den Dingen ungemein, da nicht st\u00e4ndig alle unter einen Begriff fallenden Eigenschaften aufgez\u00e4hlt werden m\u00fcssen.<br \/>\nAuf der anderen Seite hindern die Begriffe uns aber daran, das aktuell, in diesem Augenblick Wahrgenommene ohne Beschr\u00e4nkungen wahrzunehmen, da sich unversehens der stellvertretende Begriff einschleicht und das augenblicklich Wirkende zu \u00fcbert\u00f6nen versucht.<\/p>\n<p>ABC die Katze liegt im Schnee<br \/>\nder Schnee tut ihr nicht weh<br \/>\nshould I go or should I stay<br \/>\nBildung braucht Buchst\u00e4be<br \/>\nBuchst\u00fctzen werden n\u00fctzen<br \/>\nCBA das ist nicht wahr<\/p>\n","protected":false},"excerpt":{"rendered":"<p>ABC without B generates AC or DC current current currencies occur obscure camera obscura is hidden in your cell phone memory cells surrogate your memory education generates letters within terms within sentences within paragraphs within texts within books within libraries within with in with infinity no alphabeta gamma rays disturb your nonverbal perception Composition of&hellip; <br \/> <a class=\"read-more\" href=\"https:\/\/artistdesign.de\/blog\/alles-bereits-gelesen\">Weiterlesen<\/a><\/p>\n","protected":false},"author":2,"featured_media":0,"parent":0,"menu_order":0,"comment_status":"open","ping_status":"open","template":"sidebar-page.php","meta":{"ngg_post_thumbnail":0,"footnotes":""},"class_list":["post-1538","page","type-page","status-publish","hentry"],"_links":{"self":[{"href":"https:\/\/artistdesign.de\/blog\/wp-json\/wp\/v2\/pages\/1538","targetHints":{"allow":["GET"]}}],"collection":[{"href":"https:\/\/artistdesign.de\/blog\/wp-json\/wp\/v2\/pages"}],"about":[{"href":"https:\/\/artistdesign.de\/blog\/wp-json\/wp\/v2\/types\/page"}],"author":[{"embeddable":true,"href":"https:\/\/artistdesign.de\/blog\/wp-json\/wp\/v2\/users\/2"}],"replies":[{"embeddable":true,"href":"https:\/\/artistdesign.de\/blog\/wp-json\/wp\/v2\/comments?post=1538"}],"version-history":[{"count":11,"href":"https:\/\/artistdesign.de\/blog\/wp-json\/wp\/v2\/pages\/1538\/revisions"}],"predecessor-version":[{"id":1597,"href":"https:\/\/artistdesign.de\/blog\/wp-json\/wp\/v2\/pages\/1538\/revisions\/1597"}],"wp:attachment":[{"href":"https:\/\/artistdesign.de\/blog\/wp-json\/wp\/v2\/media?parent=1538"}],"curies":[{"name":"wp","href":"https:\/\/api.w.org\/{rel}","templated":true}]}}