{"id":1551,"date":"2018-12-30T20:18:44","date_gmt":"2018-12-30T20:18:44","guid":{"rendered":"http:\/\/artistdesign.de\/blog\/?page_id=1551"},"modified":"2018-12-30T22:35:24","modified_gmt":"2018-12-30T22:35:24","slug":"interaktion-maritim","status":"publish","type":"page","link":"https:\/\/artistdesign.de\/blog\/interaktion-maritim","title":{"rendered":"jun Interaktion Maritim"},"content":{"rendered":"<p>An der K\u00fcste kommen L\u00fcste<br \/>\ndoch der Mann nur schirmen kann<br \/>\ndoch die Frau beschirmt bestirnt<br \/>\nalles bleibt wie alles bleibt<br \/>\nkeine Seele hier jetzt schreit<\/p>\n<div id=\"attachment_1529\" style=\"width: 594px\" class=\"wp-caption alignleft\"><a href=\"https:\/\/artistdesign.de\/blog\/wp-content\/uploads\/2018\/12\/Interaktion_Maritim_1920px.jpg\"><img loading=\"lazy\" decoding=\"async\" aria-describedby=\"caption-attachment-1529\" class=\"wp-image-1529 size-large\" title=\"Sonnen-Geflecht\" src=\"https:\/\/artistdesign.de\/blog\/wp-content\/uploads\/2018\/12\/Interaktion_Maritim_1920px-1024x628.jpg\" alt=\"Interaktion Maritim\" width=\"584\" height=\"358\" srcset=\"https:\/\/artistdesign.de\/blog\/wp-content\/uploads\/2018\/12\/Interaktion_Maritim_1920px-1024x628.jpg 1024w, https:\/\/artistdesign.de\/blog\/wp-content\/uploads\/2018\/12\/Interaktion_Maritim_1920px-300x184.jpg 300w, https:\/\/artistdesign.de\/blog\/wp-content\/uploads\/2018\/12\/Interaktion_Maritim_1920px-768x471.jpg 768w, https:\/\/artistdesign.de\/blog\/wp-content\/uploads\/2018\/12\/Interaktion_Maritim_1920px-489x300.jpg 489w, https:\/\/artistdesign.de\/blog\/wp-content\/uploads\/2018\/12\/Interaktion_Maritim_1920px.jpg 1920w\" sizes=\"auto, (max-width: 584px) 100vw, 584px\" \/><\/a><p id=\"caption-attachment-1529\" class=\"wp-caption-text\">Vorstellung windiger Spieler | Minding Dubious Players | Jugadores de viento<\/p><\/div>\n<p>Digital Work, 2013-2017<\/p>\n<p><a title=\"Kreis zum Quadrat\" href=\"https:\/\/artistdesign.de\/blog\/melone-ohne-bohne\">\u25c4<\/a> PREV\u00a0 \u263c\u00a0 NEXT <a title=\"Heiter bis wolkig\" href=\"https:\/\/artistdesign.de\/blog\/kaktus-konzept\">\u25ba<\/a><\/p>\n<p>Das moderne Beziehungsleben gestaltet sich von Anfang an als h\u00f6chst schwierig. Jeder bringt seine pers\u00f6nlichen Vorstellungen, Erwartungen, Illusionsblasen mit, die sich nicht als wirklichkeitstauglich erweisen k\u00f6nnen. So ist eine echte Kontakaufnahme kaum m\u00f6glich, jedes Ego kreist nur so um sich selbst.<br \/>\nSelbst in st\u00fcrmischen Zeiten wird an Vor-Stellungen festgehalten, bis zum Sturz.<\/p>\n","protected":false},"excerpt":{"rendered":"<p>An der K\u00fcste kommen L\u00fcste doch der Mann nur schirmen kann doch die Frau beschirmt bestirnt alles bleibt wie alles bleibt keine Seele hier jetzt schreit Digital Work, 2013-2017 \u25c4 PREV\u00a0 \u263c\u00a0 NEXT \u25ba Das moderne Beziehungsleben gestaltet sich von Anfang an als h\u00f6chst schwierig. Jeder bringt seine pers\u00f6nlichen Vorstellungen, Erwartungen, Illusionsblasen mit, die sich&hellip; <br \/> <a class=\"read-more\" href=\"https:\/\/artistdesign.de\/blog\/interaktion-maritim\">Weiterlesen<\/a><\/p>\n","protected":false},"author":2,"featured_media":0,"parent":0,"menu_order":0,"comment_status":"open","ping_status":"open","template":"sidebar-page.php","meta":{"ngg_post_thumbnail":0,"footnotes":""},"class_list":["post-1551","page","type-page","status-publish","hentry"],"_links":{"self":[{"href":"https:\/\/artistdesign.de\/blog\/wp-json\/wp\/v2\/pages\/1551","targetHints":{"allow":["GET"]}}],"collection":[{"href":"https:\/\/artistdesign.de\/blog\/wp-json\/wp\/v2\/pages"}],"about":[{"href":"https:\/\/artistdesign.de\/blog\/wp-json\/wp\/v2\/types\/page"}],"author":[{"embeddable":true,"href":"https:\/\/artistdesign.de\/blog\/wp-json\/wp\/v2\/users\/2"}],"replies":[{"embeddable":true,"href":"https:\/\/artistdesign.de\/blog\/wp-json\/wp\/v2\/comments?post=1551"}],"version-history":[{"count":3,"href":"https:\/\/artistdesign.de\/blog\/wp-json\/wp\/v2\/pages\/1551\/revisions"}],"predecessor-version":[{"id":1575,"href":"https:\/\/artistdesign.de\/blog\/wp-json\/wp\/v2\/pages\/1551\/revisions\/1575"}],"wp:attachment":[{"href":"https:\/\/artistdesign.de\/blog\/wp-json\/wp\/v2\/media?parent=1551"}],"curies":[{"name":"wp","href":"https:\/\/api.w.org\/{rel}","templated":true}]}}