{"id":1626,"date":"2019-12-30T20:33:10","date_gmt":"2019-12-30T20:33:10","guid":{"rendered":"http:\/\/artistdesign.de\/blog\/?page_id=1626"},"modified":"2019-12-31T17:48:53","modified_gmt":"2019-12-31T17:48:53","slug":"facing-the-faces","status":"publish","type":"page","link":"https:\/\/artistdesign.de\/blog\/facing-the-faces","title":{"rendered":"jan Facing the Faces"},"content":{"rendered":"<p>Die Zeiten werden immer sauberer: Rauch-, Alkohol-, bald folgen Rede-, Kunst- und Denkverbot. Doch l\u00e4sst sich der innere, raue Kern nicht wirklich z\u00e4hmen, Sex&amp;Drugs&amp;Rock&amp;Roll lassen sich nicht g\u00e4nzlich verbieten.<\/p>\n<div id=\"attachment_1628\" style=\"width: 594px\" class=\"wp-caption alignleft\"><a href=\"https:\/\/artistdesign.de\/blog\/wp-content\/uploads\/2019\/12\/Viel-Gesicht-Gedicht_1920p.jpg\"><img loading=\"lazy\" decoding=\"async\" aria-describedby=\"caption-attachment-1628\" class=\"wp-image-1628 size-large\" style=\"background-color: transparent;\" title=\"Facing the Faces\" src=\"https:\/\/artistdesign.de\/blog\/wp-content\/uploads\/2019\/12\/Viel-Gesicht-Gedicht_1920p-1024x629.jpg\" alt=\"Viel Gesicht macht Gedicht | Facing the Faces | Conoce tus caras\" width=\"584\" height=\"359\" srcset=\"https:\/\/artistdesign.de\/blog\/wp-content\/uploads\/2019\/12\/Viel-Gesicht-Gedicht_1920p-1024x629.jpg 1024w, https:\/\/artistdesign.de\/blog\/wp-content\/uploads\/2019\/12\/Viel-Gesicht-Gedicht_1920p-300x184.jpg 300w, https:\/\/artistdesign.de\/blog\/wp-content\/uploads\/2019\/12\/Viel-Gesicht-Gedicht_1920p-768x472.jpg 768w, https:\/\/artistdesign.de\/blog\/wp-content\/uploads\/2019\/12\/Viel-Gesicht-Gedicht_1920p-489x300.jpg 489w, https:\/\/artistdesign.de\/blog\/wp-content\/uploads\/2019\/12\/Viel-Gesicht-Gedicht_1920p.jpg 1920w\" sizes=\"auto, (max-width: 584px) 100vw, 584px\" \/><\/a><p id=\"caption-attachment-1628\" class=\"wp-caption-text\">Viel Gesicht macht Gedicht | Facing the Faces | Conoce tus caras<\/p><\/div>\n<p style=\"background-color: transparent;\">Composition of Painted Works, digitally remastered, 1977-2019<\/p>\n<p><a style=\"background-color: transparent;\" title=\"previous page\" href=\"https:\/\/artistdesign.de\/blog\/star-tup-moment\">\u25c4<\/a> PREV\u00a0 \u263c\u00a0 NEXT <a title=\"next page\" href=\"https:\/\/artistdesign.de\/blog\/home-sweet-dome\">\u25ba<\/a><\/p>\n<p style=\"background-color: transparent;\">Dieses Bild stellt daher eher eine Persiflage auf die vergangenen Zeiten des letzten Jahrhunderts dar, in dem trotz aller Warnungen einfach gelebt wurde, ohne sich Gedanken \u00fcber pers\u00f6nliche Optimierungen machen zu m\u00fcssen.<\/p>\n","protected":false},"excerpt":{"rendered":"<p>Die Zeiten werden immer sauberer: Rauch-, Alkohol-, bald folgen Rede-, Kunst- und Denkverbot. Doch l\u00e4sst sich der innere, raue Kern nicht wirklich z\u00e4hmen, Sex&amp;Drugs&amp;Rock&amp;Roll lassen sich nicht g\u00e4nzlich verbieten. Composition of Painted Works, digitally remastered, 1977-2019 \u25c4 PREV\u00a0 \u263c\u00a0 NEXT \u25ba Dieses Bild stellt daher eher eine Persiflage auf die vergangenen Zeiten des letzten Jahrhunderts&hellip; <br \/> <a class=\"read-more\" href=\"https:\/\/artistdesign.de\/blog\/facing-the-faces\">Weiterlesen<\/a><\/p>\n","protected":false},"author":2,"featured_media":0,"parent":0,"menu_order":0,"comment_status":"open","ping_status":"open","template":"sidebar-page.php","meta":{"ngg_post_thumbnail":0,"footnotes":""},"class_list":["post-1626","page","type-page","status-publish","hentry"],"_links":{"self":[{"href":"https:\/\/artistdesign.de\/blog\/wp-json\/wp\/v2\/pages\/1626","targetHints":{"allow":["GET"]}}],"collection":[{"href":"https:\/\/artistdesign.de\/blog\/wp-json\/wp\/v2\/pages"}],"about":[{"href":"https:\/\/artistdesign.de\/blog\/wp-json\/wp\/v2\/types\/page"}],"author":[{"embeddable":true,"href":"https:\/\/artistdesign.de\/blog\/wp-json\/wp\/v2\/users\/2"}],"replies":[{"embeddable":true,"href":"https:\/\/artistdesign.de\/blog\/wp-json\/wp\/v2\/comments?post=1626"}],"version-history":[{"count":14,"href":"https:\/\/artistdesign.de\/blog\/wp-json\/wp\/v2\/pages\/1626\/revisions"}],"predecessor-version":[{"id":1733,"href":"https:\/\/artistdesign.de\/blog\/wp-json\/wp\/v2\/pages\/1626\/revisions\/1733"}],"wp:attachment":[{"href":"https:\/\/artistdesign.de\/blog\/wp-json\/wp\/v2\/media?parent=1626"}],"curies":[{"name":"wp","href":"https:\/\/api.w.org\/{rel}","templated":true}]}}