{"id":1688,"date":"2019-12-31T16:56:16","date_gmt":"2019-12-31T16:56:16","guid":{"rendered":"http:\/\/artistdesign.de\/blog\/?page_id=1688"},"modified":"2020-01-01T15:09:00","modified_gmt":"2020-01-01T15:09:00","slug":"delicate-dignitaries","status":"publish","type":"page","link":"https:\/\/artistdesign.de\/blog\/delicate-dignitaries","title":{"rendered":"sep Delicate Dignitaries"},"content":{"rendered":"<p style=\"background-color: transparent;\">Je w\u00fcrdiger der Tr\u00e4ger<br \/>desto tr\u00e4ger seine W\u00fcrde<br \/>doch f\u00fcrs Amt ist&#8217;s keine H\u00fcrde:<br \/>Je seniler ist der Tor<br \/>desto besser ist er Senator<br \/>Je m\u00e4nnlicher die Stammesrunde <br \/>desto dringlicher des Weibes Kunde<\/p>\n<div id=\"attachment_1690\" style=\"width: 594px\" class=\"wp-caption alignleft\"><a href=\"https:\/\/artistdesign.de\/blog\/wp-content\/uploads\/2019\/12\/Delicate-Dignitaries_1920p.jpg\"><img loading=\"lazy\" decoding=\"async\" aria-describedby=\"caption-attachment-1690\" class=\"wp-image-1690 size-large\" style=\"background-color: transparent;\" title=\"Inflation w\u00fcrziger W\u00fcrdentr\u00e4ger | Delicate Dignitaries | Dignatarios picantes\" src=\"https:\/\/artistdesign.de\/blog\/wp-content\/uploads\/2019\/12\/Delicate-Dignitaries_1920p-1024x629.jpg\" alt=\"Inflation w\u00fcrziger W\u00fcrdentr\u00e4ger | Delicate Dignitaries | Dignatarios picantes\" width=\"584\" height=\"359\" srcset=\"https:\/\/artistdesign.de\/blog\/wp-content\/uploads\/2019\/12\/Delicate-Dignitaries_1920p-1024x629.jpg 1024w, https:\/\/artistdesign.de\/blog\/wp-content\/uploads\/2019\/12\/Delicate-Dignitaries_1920p-300x184.jpg 300w, https:\/\/artistdesign.de\/blog\/wp-content\/uploads\/2019\/12\/Delicate-Dignitaries_1920p-768x472.jpg 768w, https:\/\/artistdesign.de\/blog\/wp-content\/uploads\/2019\/12\/Delicate-Dignitaries_1920p-489x300.jpg 489w, https:\/\/artistdesign.de\/blog\/wp-content\/uploads\/2019\/12\/Delicate-Dignitaries_1920p.jpg 1920w\" sizes=\"auto, (max-width: 584px) 100vw, 584px\" \/><\/a><p id=\"caption-attachment-1690\" class=\"wp-caption-text\">Inflation w\u00fcrziger W\u00fcrdentr\u00e4ger | Delicate Dignitaries | Dignatarios picantes<\/p><\/div>\n<p style=\"background-color: transparent;\">Figurative drawing on painted background, digitally remastered and composed, 1987-2019<\/p>\n<p style=\"background-color: transparent;\"><a href=\"https:\/\/artistdesign.de\/blog\/fiskalischer-fischkuss\">\u25c4<\/a> PREV\u00a0 \u263c\u00a0 NEXT <a title=\"next page\" href=\"https:\/\/artistdesign.de\/blog\/einsichtschutz\">\u25ba<\/a><\/p>\n<p style=\"background-color: transparent;\">\u00a0<\/p>\n\n\n<p><\/p>\n","protected":false},"excerpt":{"rendered":"<p>Je w\u00fcrdiger der Tr\u00e4gerdesto tr\u00e4ger seine W\u00fcrdedoch f\u00fcrs Amt ist&#8217;s keine H\u00fcrde:Je seniler ist der Tordesto besser ist er SenatorJe m\u00e4nnlicher die Stammesrunde desto dringlicher des Weibes Kunde Figurative drawing on painted background, digitally remastered and composed, 1987-2019 \u25c4 PREV\u00a0 \u263c\u00a0 NEXT \u25ba \u00a0<\/p>\n","protected":false},"author":2,"featured_media":0,"parent":0,"menu_order":0,"comment_status":"open","ping_status":"closed","template":"sidebar-page.php","meta":{"ngg_post_thumbnail":0,"footnotes":""},"class_list":["post-1688","page","type-page","status-publish","hentry"],"_links":{"self":[{"href":"https:\/\/artistdesign.de\/blog\/wp-json\/wp\/v2\/pages\/1688","targetHints":{"allow":["GET"]}}],"collection":[{"href":"https:\/\/artistdesign.de\/blog\/wp-json\/wp\/v2\/pages"}],"about":[{"href":"https:\/\/artistdesign.de\/blog\/wp-json\/wp\/v2\/types\/page"}],"author":[{"embeddable":true,"href":"https:\/\/artistdesign.de\/blog\/wp-json\/wp\/v2\/users\/2"}],"replies":[{"embeddable":true,"href":"https:\/\/artistdesign.de\/blog\/wp-json\/wp\/v2\/comments?post=1688"}],"version-history":[{"count":4,"href":"https:\/\/artistdesign.de\/blog\/wp-json\/wp\/v2\/pages\/1688\/revisions"}],"predecessor-version":[{"id":1729,"href":"https:\/\/artistdesign.de\/blog\/wp-json\/wp\/v2\/pages\/1688\/revisions\/1729"}],"wp:attachment":[{"href":"https:\/\/artistdesign.de\/blog\/wp-json\/wp\/v2\/media?parent=1688"}],"curies":[{"name":"wp","href":"https:\/\/api.w.org\/{rel}","templated":true}]}}