{"id":1762,"date":"2020-12-31T20:19:43","date_gmt":"2020-12-31T20:19:43","guid":{"rendered":"http:\/\/artistdesign.de\/blog\/?page_id=1762"},"modified":"2020-12-31T21:50:38","modified_gmt":"2020-12-31T21:50:38","slug":"plantagenie","status":"publish","type":"page","link":"https:\/\/artistdesign.de\/blog\/plantagenie","title":{"rendered":"may Plantagenie"},"content":{"rendered":"<p style=\"background-color: transparent;\">Steine, die steinen,<br \/>\npflanzen nicht,<br \/>\nPflanzen, die pflanzen,<br \/>\nw\u00e4ssern nicht,<br \/>\nW\u00e4sser, die w\u00e4ssern,<br \/>\nsteinen nicht.<\/p>\n<div id=\"attachment_1764\" style=\"width: 1930px\" class=\"wp-caption alignleft\"><a href=\"https:\/\/artistdesign.de\/blog\/wp-content\/uploads\/2020\/12\/Reservoir-Plantagenie_1920px.jpg\"><img loading=\"lazy\" decoding=\"async\" aria-describedby=\"caption-attachment-1764\" class=\"wp-image-1764 size-full\" style=\"background-color: transparent;\" title=\"Zauber Rotwald | Enchanting Redwood | Secuoya encantadora\" src=\"https:\/\/artistdesign.de\/blog\/wp-content\/uploads\/2020\/12\/Reservoir-Plantagenie_1920px.jpg\" alt=\"Plantagenie  |  Ingenious plantation  |  Genio de la plantaci\u00f3n\" width=\"1920\" height=\"1177\" srcset=\"https:\/\/artistdesign.de\/blog\/wp-content\/uploads\/2020\/12\/Reservoir-Plantagenie_1920px.jpg 1920w, https:\/\/artistdesign.de\/blog\/wp-content\/uploads\/2020\/12\/Reservoir-Plantagenie_1920px-300x184.jpg 300w, https:\/\/artistdesign.de\/blog\/wp-content\/uploads\/2020\/12\/Reservoir-Plantagenie_1920px-768x471.jpg 768w, https:\/\/artistdesign.de\/blog\/wp-content\/uploads\/2020\/12\/Reservoir-Plantagenie_1920px-1024x628.jpg 1024w, https:\/\/artistdesign.de\/blog\/wp-content\/uploads\/2020\/12\/Reservoir-Plantagenie_1920px-489x300.jpg 489w\" sizes=\"auto, (max-width: 1920px) 100vw, 1920px\" \/><\/a><p id=\"caption-attachment-1764\" class=\"wp-caption-text\">Plantagenie | Ingenious plantation | Genio de la plantaci\u00f3n<\/p><\/div>\n<p style=\"background-color: transparent;\">Digital Phantastic Work, 2019-2020<\/p>\n<p style=\"background-color: transparent;\"><a style=\"background-color: transparent;\" href=\"https:\/\/artistdesign.de\/blog\/untouchable\">\u25c4<\/a> PREV&nbsp; \u263c&nbsp; NEXT <a title=\"next page\" href=\"https:\/\/artistdesign.de\/blog\/modeled-models\">\u25ba<\/a><\/p>\n","protected":false},"excerpt":{"rendered":"<p>Steine, die steinen, pflanzen nicht, Pflanzen, die pflanzen, w\u00e4ssern nicht, W\u00e4sser, die w\u00e4ssern, steinen nicht. Digital Phantastic Work, 2019-2020 \u25c4 PREV&nbsp; \u263c&nbsp; NEXT \u25ba<\/p>\n","protected":false},"author":2,"featured_media":0,"parent":0,"menu_order":0,"comment_status":"open","ping_status":"closed","template":"sidebar-page.php","meta":{"ngg_post_thumbnail":0,"footnotes":""},"class_list":["post-1762","page","type-page","status-publish","hentry"],"_links":{"self":[{"href":"https:\/\/artistdesign.de\/blog\/wp-json\/wp\/v2\/pages\/1762","targetHints":{"allow":["GET"]}}],"collection":[{"href":"https:\/\/artistdesign.de\/blog\/wp-json\/wp\/v2\/pages"}],"about":[{"href":"https:\/\/artistdesign.de\/blog\/wp-json\/wp\/v2\/types\/page"}],"author":[{"embeddable":true,"href":"https:\/\/artistdesign.de\/blog\/wp-json\/wp\/v2\/users\/2"}],"replies":[{"embeddable":true,"href":"https:\/\/artistdesign.de\/blog\/wp-json\/wp\/v2\/comments?post=1762"}],"version-history":[{"count":4,"href":"https:\/\/artistdesign.de\/blog\/wp-json\/wp\/v2\/pages\/1762\/revisions"}],"predecessor-version":[{"id":1823,"href":"https:\/\/artistdesign.de\/blog\/wp-json\/wp\/v2\/pages\/1762\/revisions\/1823"}],"wp:attachment":[{"href":"https:\/\/artistdesign.de\/blog\/wp-json\/wp\/v2\/media?parent=1762"}],"curies":[{"name":"wp","href":"https:\/\/api.w.org\/{rel}","templated":true}]}}