{"id":1779,"date":"2020-12-31T20:42:54","date_gmt":"2020-12-31T20:42:54","guid":{"rendered":"http:\/\/artistdesign.de\/blog\/?page_id=1779"},"modified":"2020-12-31T21:55:29","modified_gmt":"2020-12-31T21:55:29","slug":"id-autumn","status":"publish","type":"page","link":"https:\/\/artistdesign.de\/blog\/id-autumn","title":{"rendered":"oct Idees Herbststaub"},"content":{"rendered":"<p style=\"background-color: transparent;\">Leuchtorange auf dem Gr\u00fcn<br \/>\nkomponiere doch mal k\u00fchn<br \/>\nzeige her die sch\u00f6nen Bl\u00e4tter<br \/>\nspende Kraft bei jedem Wetter<\/p>\n<div id=\"attachment_1780\" style=\"width: 1930px\" class=\"wp-caption alignleft\"><a href=\"https:\/\/artistdesign.de\/blog\/wp-content\/uploads\/2020\/12\/Herbststaub_1920px.jpg\"><img loading=\"lazy\" decoding=\"async\" aria-describedby=\"caption-attachment-1780\" class=\"wp-image-1780 size-full\" style=\"background-color: transparent;\" title=\"Zauber Rotwald | Enchanting Redwood | Secuoya encantadora\" src=\"https:\/\/artistdesign.de\/blog\/wp-content\/uploads\/2020\/12\/Herbststaub_1920px.jpg\" alt=\"Idees Herbststaub  |  ID's autumn dust  |  Polvo de identificaci\u00f3n de oto\u00f1o\" width=\"1920\" height=\"1177\" srcset=\"https:\/\/artistdesign.de\/blog\/wp-content\/uploads\/2020\/12\/Herbststaub_1920px.jpg 1920w, https:\/\/artistdesign.de\/blog\/wp-content\/uploads\/2020\/12\/Herbststaub_1920px-300x184.jpg 300w, https:\/\/artistdesign.de\/blog\/wp-content\/uploads\/2020\/12\/Herbststaub_1920px-768x471.jpg 768w, https:\/\/artistdesign.de\/blog\/wp-content\/uploads\/2020\/12\/Herbststaub_1920px-1024x628.jpg 1024w, https:\/\/artistdesign.de\/blog\/wp-content\/uploads\/2020\/12\/Herbststaub_1920px-489x300.jpg 489w\" sizes=\"auto, (max-width: 1920px) 100vw, 1920px\" \/><\/a><p id=\"caption-attachment-1780\" class=\"wp-caption-text\">Idees Herbststaub | ID&#8217;s autumn dust | Polvo de identificaci\u00f3n de oto\u00f1o<\/p><\/div>\n<p style=\"background-color: transparent;\">Digital Work, 2020<\/p>\n<p style=\"background-color: transparent;\"><a style=\"background-color: transparent;\" href=\"https:\/\/artistdesign.de\/blog\/flying-faces\">\u25c4<\/a> PREV&nbsp; \u263c&nbsp; NEXT <a title=\"next page\" href=\"https:\/\/artistdesign.de\/blog\/handmade\">\u25ba<\/a><\/p>\n","protected":false},"excerpt":{"rendered":"<p>Leuchtorange auf dem Gr\u00fcn komponiere doch mal k\u00fchn zeige her die sch\u00f6nen Bl\u00e4tter spende Kraft bei jedem Wetter Digital Work, 2020 \u25c4 PREV&nbsp; \u263c&nbsp; NEXT \u25ba<\/p>\n","protected":false},"author":2,"featured_media":0,"parent":0,"menu_order":0,"comment_status":"open","ping_status":"closed","template":"sidebar-page.php","meta":{"ngg_post_thumbnail":0,"footnotes":""},"class_list":["post-1779","page","type-page","status-publish","hentry"],"_links":{"self":[{"href":"https:\/\/artistdesign.de\/blog\/wp-json\/wp\/v2\/pages\/1779","targetHints":{"allow":["GET"]}}],"collection":[{"href":"https:\/\/artistdesign.de\/blog\/wp-json\/wp\/v2\/pages"}],"about":[{"href":"https:\/\/artistdesign.de\/blog\/wp-json\/wp\/v2\/types\/page"}],"author":[{"embeddable":true,"href":"https:\/\/artistdesign.de\/blog\/wp-json\/wp\/v2\/users\/2"}],"replies":[{"embeddable":true,"href":"https:\/\/artistdesign.de\/blog\/wp-json\/wp\/v2\/comments?post=1779"}],"version-history":[{"count":3,"href":"https:\/\/artistdesign.de\/blog\/wp-json\/wp\/v2\/pages\/1779\/revisions"}],"predecessor-version":[{"id":1828,"href":"https:\/\/artistdesign.de\/blog\/wp-json\/wp\/v2\/pages\/1779\/revisions\/1828"}],"wp:attachment":[{"href":"https:\/\/artistdesign.de\/blog\/wp-json\/wp\/v2\/media?parent=1779"}],"curies":[{"name":"wp","href":"https:\/\/api.w.org\/{rel}","templated":true}]}}