{"id":18,"date":"2011-12-27T20:23:57","date_gmt":"2011-12-27T20:23:57","guid":{"rendered":"http:\/\/artistdesign.de\/blog\/?page_id=18"},"modified":"2024-03-19T15:51:38","modified_gmt":"2024-03-19T15:51:38","slug":"impressum-legal-notice","status":"publish","type":"page","link":"https:\/\/artistdesign.de\/blog\/impressum-legal-notice","title":{"rendered":"Impressum | Legal notice"},"content":{"rendered":"\n<p><strong>Verantwortlich f\u00fcr Inhalt, Konzeption und Gestaltung:<\/strong><br>Clemens-Raphael Dethlefsen<br>ARTISTDESIGN<br>Yorckstra\u00dfe 18<br>28201 Bremen-Germany<br>Mobil: ++49 (0) 178 55 11 99 1<br>info@artistdesign.de<\/p>\n\n\n\n<figure class=\"wp-block-image size-large is-resized\"><a href=\"https:\/\/artistdesign.de\/blog\/wp-content\/uploads\/2024\/03\/Clerade_Port_WasserSchaftLand-scaled.jpg\"><img loading=\"lazy\" decoding=\"async\" width=\"1024\" height=\"1024\" src=\"https:\/\/artistdesign.de\/blog\/wp-content\/uploads\/2024\/03\/Clerade_Port_WasserSchaftLand-1024x1024.jpg\" alt=\"\" class=\"wp-image-2507\" style=\"width:248px;height:auto\" srcset=\"https:\/\/artistdesign.de\/blog\/wp-content\/uploads\/2024\/03\/Clerade_Port_WasserSchaftLand-1024x1024.jpg 1024w, https:\/\/artistdesign.de\/blog\/wp-content\/uploads\/2024\/03\/Clerade_Port_WasserSchaftLand-300x300.jpg 300w, https:\/\/artistdesign.de\/blog\/wp-content\/uploads\/2024\/03\/Clerade_Port_WasserSchaftLand-150x150.jpg 150w, https:\/\/artistdesign.de\/blog\/wp-content\/uploads\/2024\/03\/Clerade_Port_WasserSchaftLand-768x768.jpg 768w, https:\/\/artistdesign.de\/blog\/wp-content\/uploads\/2024\/03\/Clerade_Port_WasserSchaftLand-1536x1536.jpg 1536w, https:\/\/artistdesign.de\/blog\/wp-content\/uploads\/2024\/03\/Clerade_Port_WasserSchaftLand-2048x2048.jpg 2048w, https:\/\/artistdesign.de\/blog\/wp-content\/uploads\/2024\/03\/Clerade_Port_WasserSchaftLand-1080x1080.jpg 1080w\" sizes=\"auto, (max-width: 1024px) 100vw, 1024px\" \/><\/a><\/figure>\n\n\n\n<p><a title=\"here we are\" href=\"http:\/\/artistdesign.de\/\" target=\"_blank\" rel=\"noopener noreferrer\">artistdesign.de<\/a><br><a title=\"Art auf Artflakes\" href=\"http:\/\/www.artflakes.com\/de\/shop\/artistdesign\" target=\"_blank\" rel=\"noopener noreferrer\">artflakes.com<\/a><br><a title=\"Origin\u00e4re Homepage\" href=\"http:\/\/www.clemens-raphael.de\/\" target=\"_blank\" rel=\"noopener noreferrer\">clemens-raphael.de<\/a><br><a title=\"CRD auf facebook\" href=\"https:\/\/www.facebook.com\/clemensraphael.dethlefsen\" target=\"_blank\" rel=\"noopener noreferrer\">facebook.com<\/a><br><a title=\"Artistdesign auf panthermedia\" href=\"http:\/\/bildagentur.panthermedia.net\/u\/medien\/133571\/seite1\/?q=\" target=\"_blank\" rel=\"noopener noreferrer\">panthermedia.net<\/a><br><a title=\"Artistdesign auf shutterstock\" href=\"http:\/\/www.shutterstock.com\/gallery-310198p1.html\" target=\"_blank\" rel=\"noopener noreferrer\">shutterstock.com<\/a><br><a title=\"Foto und Bildcomposings\" href=\"https:\/\/stock.adobe.com\/ee\/contributor\/200699486\/artistdesign-de\" target=\"_blank\" rel=\"noopener noreferrer\">stock.adobe.com<\/a><br><a title=\"Artistdesign-Channel auf YouTube\" href=\"https:\/\/www.youtube.com\/user\/ARTISTDESIGN4U\" target=\"_blank\" rel=\"noopener noreferrer\">youtube.com<\/a><\/p>\n\n\n\n<p>\u00a9 2024 <a href=\"http:\/\/www.clemens-raphael.de\/\" target=\"_blank\" rel=\"noopener noreferrer\">Clemens-Raphael Dethlefsen<\/a> \u00b7 All rights reserved<\/p>\n\n\n\n<p><strong>Allgemeine Datenschutzerkl\u00e4rung<\/strong><br>Durch die Nutzung unserer Website erkl\u00e4ren Sie sich mit der<br>Erhebung, Verarbeitung und Nutzung von Daten gem\u00e4\u00df der nachfolgenden<br>Beschreibung einverstanden. Unsere Website kann grunds\u00e4tzlich ohne<br>Registrierung besucht werden. Dabei werden Daten wie beispielsweise<br>aufgerufene Seiten bzw. Namen der abgerufenen Datei, Datum und Uhrzeit<br>zu statistischen Zwecken auf dem Server gespeichert, ohne dass diese<br>Daten unmittelbar auf Ihre Person bezogen werden. Personenbezogene<br>Daten, insbesondere Name, Adresse oder E-Mail-Adresse werden soweit<br>m\u00f6glich auf freiwilliger Basis erhoben. Ohne Ihre Einwilligung erfolgt<br>keine Weitergabe der Daten an Dritte.<br>Quelle: <a href=\"https:\/\/artistdesign.de\/blog\/\u201chttps:\/\/www.anwalt.de\/vorlage\/muster-datenschutzerklaerung.php\u201c\">anwalt.de<\/a><\/p>\n\n\n\n<p><a style=\"background-color: transparent;\" title=\"Haftungsausschluss \/ Disclaimer\" href=\"http:\/\/www.disclaimer.de\/disclaimer.htm\" target=\"_blank\" rel=\"noopener noreferrer\">Haftungsausschluss \/ Disclaimer<\/a><\/p>\n","protected":false},"excerpt":{"rendered":"<p>Verantwortlich f\u00fcr Inhalt, Konzeption und Gestaltung:Clemens-Raphael DethlefsenARTISTDESIGNYorckstra\u00dfe 1828201 Bremen-GermanyMobil: ++49 (0) 178 55 11 99 1info@artistdesign.de artistdesign.deartflakes.comclemens-raphael.defacebook.companthermedia.netshutterstock.comstock.adobe.comyoutube.com \u00a9 2024 Clemens-Raphael Dethlefsen \u00b7 All rights reserved Allgemeine Datenschutzerkl\u00e4rungDurch die Nutzung unserer Website erkl\u00e4ren Sie sich mit derErhebung, Verarbeitung und Nutzung von Daten gem\u00e4\u00df der nachfolgendenBeschreibung einverstanden. Unsere Website kann grunds\u00e4tzlich ohneRegistrierung besucht werden. Dabei werden Daten&hellip; <br \/> <a class=\"read-more\" href=\"https:\/\/artistdesign.de\/blog\/impressum-legal-notice\">Weiterlesen<\/a><\/p>\n","protected":false},"author":1,"featured_media":0,"parent":0,"menu_order":0,"comment_status":"closed","ping_status":"closed","template":"","meta":{"ngg_post_thumbnail":0,"footnotes":""},"class_list":["post-18","page","type-page","status-publish","hentry"],"_links":{"self":[{"href":"https:\/\/artistdesign.de\/blog\/wp-json\/wp\/v2\/pages\/18","targetHints":{"allow":["GET"]}}],"collection":[{"href":"https:\/\/artistdesign.de\/blog\/wp-json\/wp\/v2\/pages"}],"about":[{"href":"https:\/\/artistdesign.de\/blog\/wp-json\/wp\/v2\/types\/page"}],"author":[{"embeddable":true,"href":"https:\/\/artistdesign.de\/blog\/wp-json\/wp\/v2\/users\/1"}],"replies":[{"embeddable":true,"href":"https:\/\/artistdesign.de\/blog\/wp-json\/wp\/v2\/comments?post=18"}],"version-history":[{"count":15,"href":"https:\/\/artistdesign.de\/blog\/wp-json\/wp\/v2\/pages\/18\/revisions"}],"predecessor-version":[{"id":2509,"href":"https:\/\/artistdesign.de\/blog\/wp-json\/wp\/v2\/pages\/18\/revisions\/2509"}],"wp:attachment":[{"href":"https:\/\/artistdesign.de\/blog\/wp-json\/wp\/v2\/media?parent=18"}],"curies":[{"name":"wp","href":"https:\/\/api.w.org\/{rel}","templated":true}]}}