{"id":1857,"date":"2022-01-04T19:54:37","date_gmt":"2022-01-04T19:54:37","guid":{"rendered":"http:\/\/artistdesign.de\/blog\/?page_id=1857"},"modified":"2022-01-04T21:11:59","modified_gmt":"2022-01-04T21:11:59","slug":"calendart-2022","status":"publish","type":"page","link":"https:\/\/artistdesign.de\/blog\/calendart-2022","title":{"rendered":"Calendart 2022 Kalen*der*die*das"},"content":{"rendered":"<p style=\"background-color: transparent;\"><strong style=\"background-color: transparent;\">Neues Jahr, neues Gl\u00fcck gehabt<br \/>\n<\/strong><\/p>\n<p style=\"background-color: transparent;\">Wer auch immer diesen Text lesen kann, geh\u00f6rt zu den \u00dcberlebenden einer Pandemie: Gl\u00fcck gehabt, der Kelch einer viralen Erkrankung mit m\u00f6glichen schweren Verl\u00e4ufen ist an uns vor\u00fcbergegangen.<\/p>\n<p><strong style=\"background-color: transparent;\">Auch die Long Covid Vaccination hat unser Immunsystem bisher nicht nachhaltig schw\u00e4chen k\u00f6nnen.<br \/>\n<\/strong><\/p>\n<p style=\"background-color: transparent;\">Die Geimpten machen sich sorgen um die Ungeimpften, die Ungeimpften machen sich Sorgen um die Geimpten. Erst&nbsp; die Folgejahre werden zeigen, welche Gruppe sich einem h\u00f6heren Risiko ausgesetzt hat, ob der sich im Salon befindlicge Elefant nun rosa oder gelb ist.<\/p>\n<div id=\"attachment_1858\" style=\"width: 1930px\" class=\"wp-caption alignleft\"><a href=\"https:\/\/artistdesign.de\/blog\/wp-content\/uploads\/2021\/12\/Calendart-2022_Title_1920px.jpg\" target=\"_blank\" rel=\"noopener noreferrer\"><img loading=\"lazy\" decoding=\"async\" aria-describedby=\"caption-attachment-1858\" class=\"wp-image-1858 size-full\" style=\"background-color: transparent;\" title=\"Start Calendart 2020\" src=\"https:\/\/artistdesign.de\/blog\/wp-content\/uploads\/2021\/12\/Calendart-2022_Title_1920px.jpg\" alt=\"Calendart 2022 Title\" width=\"1920\" height=\"1177\" srcset=\"https:\/\/artistdesign.de\/blog\/wp-content\/uploads\/2021\/12\/Calendart-2022_Title_1920px.jpg 1920w, https:\/\/artistdesign.de\/blog\/wp-content\/uploads\/2021\/12\/Calendart-2022_Title_1920px-300x184.jpg 300w, https:\/\/artistdesign.de\/blog\/wp-content\/uploads\/2021\/12\/Calendart-2022_Title_1920px-768x471.jpg 768w, https:\/\/artistdesign.de\/blog\/wp-content\/uploads\/2021\/12\/Calendart-2022_Title_1920px-1024x628.jpg 1024w, https:\/\/artistdesign.de\/blog\/wp-content\/uploads\/2021\/12\/Calendart-2022_Title_1920px-489x300.jpg 489w\" sizes=\"auto, (max-width: 1920px) 100vw, 1920px\" \/><\/a><p id=\"caption-attachment-1858\" class=\"wp-caption-text\">YEAR AFTER FEAR, Calendar Artwork 2022, Title<\/p><\/div>\n<p style=\"background-color: transparent;\">\n<p>Beschriebe ich die Zeitgeister*innen [sic!] von 2020 und 2021 auch nur ann\u00e4herungsweise ehrlich, erg\u00e4be das eine Achterbahn-, genauer eine Geisterbahnfahrt. Alle westlich orientierten L\u00e4nder unseres Globus befinden sich in einer kollektiven Trance, ein Pand\u00e4monium der Angst wurde erfolgreich erzeugt und dankbar in die Mainstream-Bubble aufgenommen. Eine Krankheit, die an weit \u00fcber 90\u2009% der Menschen der Bev\u00f6lkerungen spurlos vorbeigeht, wurde zu einer Pandemie stilisiert.<br \/>\nAllerdings sollten und wollen wir nicht auch noch im Bereich Kultur an unseren coronadominierten Alltag erinnert werden: lieber gelegentliche Aha-Erlebnisse in der Kunst- als st\u00e4ndige AHA-Regeln in der Alltagswelt! Wir starten daher einen Panic Reset: Es ist in allen K\u00fcnsten wichtig, sich zumindest zeitweise von den Zeitgeistern [notabene!] befreien zu k\u00f6nnen, um den eigenen, inneren Stimmen lauschen zu k\u00f6nnen. Ich sage daher allen freigeistigen Zeitgenossen und auch mir selbst: Im YEAR AFTER FEAR sollte es m\u00f6glich sein, eigene Ideen zu kultivieren, bevor sich andere, medial lautstark inszenierte Themen in den Vordergrund zu spielen trachten. Verlasse den Pfad der Angst, bleibe immun gegen alle Anfeindungsversuche.<\/p>\n<p style=\"background-color: transparent;\">Im YEAR AFTER FEAR sollten wir daher lernen, uns nicht als Sklaven unserer \u00c4ngste durchs Leben treiben zu lassen.<\/p>\n<p style=\"background-color: transparent;\"><strong style=\"background-color: transparent;\">12 unterschiedliche M\u00f6glichkeiten, sich ein Bild im Strom der Zeit zu machen:<\/strong><br \/>\n<a href=\"https:\/\/artistdesign.de\/blog\/elderly-elderberry\">Elderly-Elderberry<\/a><br \/>\n<a href=\"https:\/\/artistdesign.de\/blog\/relation-reloaded\">Relation-Reloaded<\/a><br \/>\n<a href=\"https:\/\/artistdesign.de\/blog\/delle-welle\">Delle-Welle<\/a><br \/>\n<a href=\"https:\/\/artistdesign.de\/blog\/facts-figures\">Facts-Figures<\/a><br \/>\n<a href=\"https:\/\/artistdesign.de\/blog\/cabeza-strelitzia\">Head-Strelitzia<\/a><br \/>\n<a href=\"https:\/\/artistdesign.de\/blog\/crisis-crises\">Crisis-Crises<\/a><br \/>\n<a href=\"https:\/\/artistdesign.de\/blog\/narbe-farbe\">Narbe-Farbe<\/a><br \/>\n<a href=\"https:\/\/artistdesign.de\/blog\/tune-dune\">Gr\u00fcne-Duene<\/a><br \/>\n<a href=\"https:\/\/artistdesign.de\/blog\/a-social-distancing\">Antisocial-Distancin<\/a><br \/>\n<a href=\"https:\/\/artistdesign.de\/blog\/year-fear\">Year-Fear<\/a><br \/>\n<a href=\"https:\/\/artistdesign.de\/blog\/spiekers-duenen\">Speakers-Dune<\/a><br \/>\n<a href=\"https:\/\/artistdesign.de\/blog\/ferne-sterne\">Ferne-Sterne<\/a><\/p>\n","protected":false},"excerpt":{"rendered":"<p>Neues Jahr, neues Gl\u00fcck gehabt Wer auch immer diesen Text lesen kann, geh\u00f6rt zu den \u00dcberlebenden einer Pandemie: Gl\u00fcck gehabt, der Kelch einer viralen Erkrankung mit m\u00f6glichen schweren Verl\u00e4ufen ist an uns vor\u00fcbergegangen. Auch die Long Covid Vaccination hat unser Immunsystem bisher nicht nachhaltig schw\u00e4chen k\u00f6nnen. Die Geimpten machen sich sorgen um die Ungeimpften, die&hellip; <br \/> <a class=\"read-more\" href=\"https:\/\/artistdesign.de\/blog\/calendart-2022\">Weiterlesen<\/a><\/p>\n","protected":false},"author":2,"featured_media":0,"parent":0,"menu_order":0,"comment_status":"closed","ping_status":"closed","template":"sidebar-page.php","meta":{"ngg_post_thumbnail":0,"footnotes":""},"class_list":["post-1857","page","type-page","status-publish","hentry"],"_links":{"self":[{"href":"https:\/\/artistdesign.de\/blog\/wp-json\/wp\/v2\/pages\/1857","targetHints":{"allow":["GET"]}}],"collection":[{"href":"https:\/\/artistdesign.de\/blog\/wp-json\/wp\/v2\/pages"}],"about":[{"href":"https:\/\/artistdesign.de\/blog\/wp-json\/wp\/v2\/types\/page"}],"author":[{"embeddable":true,"href":"https:\/\/artistdesign.de\/blog\/wp-json\/wp\/v2\/users\/2"}],"replies":[{"embeddable":true,"href":"https:\/\/artistdesign.de\/blog\/wp-json\/wp\/v2\/comments?post=1857"}],"version-history":[{"count":5,"href":"https:\/\/artistdesign.de\/blog\/wp-json\/wp\/v2\/pages\/1857\/revisions"}],"predecessor-version":[{"id":1933,"href":"https:\/\/artistdesign.de\/blog\/wp-json\/wp\/v2\/pages\/1857\/revisions\/1933"}],"wp:attachment":[{"href":"https:\/\/artistdesign.de\/blog\/wp-json\/wp\/v2\/media?parent=1857"}],"curies":[{"name":"wp","href":"https:\/\/api.w.org\/{rel}","templated":true}]}}