{"id":1897,"date":"2022-01-04T19:50:32","date_gmt":"2022-01-04T19:50:32","guid":{"rendered":"http:\/\/artistdesign.de\/blog\/?page_id=1897"},"modified":"2022-01-09T15:45:33","modified_gmt":"2022-01-09T15:45:33","slug":"relation-reloaded","status":"publish","type":"page","link":"https:\/\/artistdesign.de\/blog\/relation-reloaded","title":{"rendered":"feb Beziehungsgespr\u00e4ch neu aufgeladen"},"content":{"rendered":"<p style=\"background-color: transparent;\">wir b-ziehen unsere B-z\u00fcge<br \/>\naus unserer B-ziehung<br \/>\nso we are related<br \/>\nour subject is debated<br \/>\nsometimes even hated<br \/>\nunser B-Spr\u00e4ch geht auf unendlich<br \/>\nist nur gelegentlich mal sch\u00e4ndlich<br \/>\nlet&#8217;s talk and fight<br \/>\nuntil we feel alright<\/p>\n<div id=\"attachment_1868\" style=\"width: 1930px\" class=\"wp-caption alignleft\"><a href=\"https:\/\/artistdesign.de\/blog\/wp-content\/uploads\/2021\/12\/Relation-Reloaded_1920px.jpg\"><img loading=\"lazy\" decoding=\"async\" aria-describedby=\"caption-attachment-1868\" class=\"wp-image-1868 size-full\" style=\"background-color: transparent;\" src=\"https:\/\/artistdesign.de\/blog\/wp-content\/uploads\/2021\/12\/Relation-Reloaded_1920px.jpg\" alt=\"Relation Reloaded\" width=\"1920\" height=\"1177\" srcset=\"https:\/\/artistdesign.de\/blog\/wp-content\/uploads\/2021\/12\/Relation-Reloaded_1920px.jpg 1920w, https:\/\/artistdesign.de\/blog\/wp-content\/uploads\/2021\/12\/Relation-Reloaded_1920px-300x184.jpg 300w, https:\/\/artistdesign.de\/blog\/wp-content\/uploads\/2021\/12\/Relation-Reloaded_1920px-768x471.jpg 768w, https:\/\/artistdesign.de\/blog\/wp-content\/uploads\/2021\/12\/Relation-Reloaded_1920px-1024x628.jpg 1024w, https:\/\/artistdesign.de\/blog\/wp-content\/uploads\/2021\/12\/Relation-Reloaded_1920px-489x300.jpg 489w\" sizes=\"auto, (max-width: 1920px) 100vw, 1920px\" \/><\/a><p id=\"caption-attachment-1868\" class=\"wp-caption-text\">Beziehungsgespr\u00e4ch neu aufgeladen | Conversation relation reloaded | Relaci\u00f3n de conversaci\u00f3n recargada<\/p><\/div>\n<p>Paint-ed de-tails on digital work, 2008 \u2013 2020<\/p>\n<p style=\"background-color: transparent;\"><a style=\"background-color: transparent;\" href=\"https:\/\/artistdesign.de\/blog\/elderly-elderberry\">\u25c4<\/a> PREV\u00a0 \u263c\u00a0 NEXT <a title=\"next page\" href=\"https:\/\/artistdesign.de\/blog\/delle-welle\">\u25ba<\/a><\/p>\n","protected":false},"excerpt":{"rendered":"<p>wir b-ziehen unsere B-z\u00fcge aus unserer B-ziehung so we are related our subject is debated sometimes even hated unser B-Spr\u00e4ch geht auf unendlich ist nur gelegentlich mal sch\u00e4ndlich let&#8217;s talk and fight until we feel alright Paint-ed de-tails on digital work, 2008 \u2013 2020 \u25c4 PREV\u00a0 \u263c\u00a0 NEXT \u25ba<\/p>\n","protected":false},"author":2,"featured_media":0,"parent":0,"menu_order":0,"comment_status":"open","ping_status":"closed","template":"sidebar-page.php","meta":{"ngg_post_thumbnail":0,"footnotes":""},"class_list":["post-1897","page","type-page","status-publish","hentry"],"_links":{"self":[{"href":"https:\/\/artistdesign.de\/blog\/wp-json\/wp\/v2\/pages\/1897","targetHints":{"allow":["GET"]}}],"collection":[{"href":"https:\/\/artistdesign.de\/blog\/wp-json\/wp\/v2\/pages"}],"about":[{"href":"https:\/\/artistdesign.de\/blog\/wp-json\/wp\/v2\/types\/page"}],"author":[{"embeddable":true,"href":"https:\/\/artistdesign.de\/blog\/wp-json\/wp\/v2\/users\/2"}],"replies":[{"embeddable":true,"href":"https:\/\/artistdesign.de\/blog\/wp-json\/wp\/v2\/comments?post=1897"}],"version-history":[{"count":5,"href":"https:\/\/artistdesign.de\/blog\/wp-json\/wp\/v2\/pages\/1897\/revisions"}],"predecessor-version":[{"id":1958,"href":"https:\/\/artistdesign.de\/blog\/wp-json\/wp\/v2\/pages\/1897\/revisions\/1958"}],"wp:attachment":[{"href":"https:\/\/artistdesign.de\/blog\/wp-json\/wp\/v2\/media?parent=1897"}],"curies":[{"name":"wp","href":"https:\/\/api.w.org\/{rel}","templated":true}]}}