{"id":2034,"date":"2022-12-30T16:26:36","date_gmt":"2022-12-30T16:26:36","guid":{"rendered":"http:\/\/artistdesign.de\/blog\/?page_id=2034"},"modified":"2023-12-09T16:58:04","modified_gmt":"2023-12-09T16:58:04","slug":"cave-allegory","status":"publish","type":"page","link":"https:\/\/artistdesign.de\/blog\/cave-allegory","title":{"rendered":"dec H\u00f6hlen=nis"},"content":{"rendered":"<p style=\"background-color: transparent;\">Nur Gegr\u00f6le und Gen\u00f6le<br \/>\nstatt Erkenntnis durch die H\u00f6hle<\/p>\n<div id=\"attachment_1973\" style=\"width: 1930px\" class=\"wp-caption alignleft\"><a href=\"https:\/\/artistdesign.de\/blog\/wp-content\/uploads\/2022\/12\/HoehleGLEICHnichts_1920px.jpg\"><img loading=\"lazy\" decoding=\"async\" aria-describedby=\"caption-attachment-1973\" class=\"wp-image-1973 size-full\" style=\"background-color: transparent;\" title=\"Wirbels' Turm  |  Twisters' sisters  |  Torre: nado\" src=\"https:\/\/artistdesign.de\/blog\/wp-content\/uploads\/2022\/12\/HoehleGLEICHnichts_1920px.jpg\" alt=\"H\u00f6hlen=nis | Cave allegory | Alegor\u00eda de la cueva\" width=\"1920\" height=\"1177\" srcset=\"https:\/\/artistdesign.de\/blog\/wp-content\/uploads\/2022\/12\/HoehleGLEICHnichts_1920px.jpg 1920w, https:\/\/artistdesign.de\/blog\/wp-content\/uploads\/2022\/12\/HoehleGLEICHnichts_1920px-300x184.jpg 300w, https:\/\/artistdesign.de\/blog\/wp-content\/uploads\/2022\/12\/HoehleGLEICHnichts_1920px-768x471.jpg 768w, https:\/\/artistdesign.de\/blog\/wp-content\/uploads\/2022\/12\/HoehleGLEICHnichts_1920px-1024x628.jpg 1024w, https:\/\/artistdesign.de\/blog\/wp-content\/uploads\/2022\/12\/HoehleGLEICHnichts_1920px-489x300.jpg 489w\" sizes=\"auto, (max-width: 1920px) 100vw, 1920px\" \/><\/a><p id=\"caption-attachment-1973\" class=\"wp-caption-text\">&nbsp;&nbsp;&nbsp;&nbsp;&nbsp; H\u00f6hlen=nis | Cave allegory | Alegor\u00eda de la cueva<\/p><\/div>\n<p style=\"background-color: transparent;\">Acrylic on canvas, approx. 110 x 160 cm, 2022<\/p>\n<p style=\"background-color: transparent;\"><a style=\"background-color: transparent;\" href=\"https:\/\/artistdesign.de\/blog\/stars-n-spikes\">\u25c4<\/a> PREV&nbsp; \u263c&nbsp; NEXT <a title=\"next page\" href=\"https:\/\/artistdesign.de\/blog\/erdgschichten\">\u25ba<\/a><\/p>\n","protected":false},"excerpt":{"rendered":"<p>Nur Gegr\u00f6le und Gen\u00f6le statt Erkenntnis durch die H\u00f6hle Acrylic on canvas, approx. 110 x 160 cm, 2022 \u25c4 PREV&nbsp; \u263c&nbsp; NEXT \u25ba<\/p>\n","protected":false},"author":2,"featured_media":0,"parent":0,"menu_order":0,"comment_status":"open","ping_status":"closed","template":"sidebar-page.php","meta":{"ngg_post_thumbnail":0,"footnotes":""},"class_list":["post-2034","page","type-page","status-publish","hentry"],"_links":{"self":[{"href":"https:\/\/artistdesign.de\/blog\/wp-json\/wp\/v2\/pages\/2034","targetHints":{"allow":["GET"]}}],"collection":[{"href":"https:\/\/artistdesign.de\/blog\/wp-json\/wp\/v2\/pages"}],"about":[{"href":"https:\/\/artistdesign.de\/blog\/wp-json\/wp\/v2\/types\/page"}],"author":[{"embeddable":true,"href":"https:\/\/artistdesign.de\/blog\/wp-json\/wp\/v2\/users\/2"}],"replies":[{"embeddable":true,"href":"https:\/\/artistdesign.de\/blog\/wp-json\/wp\/v2\/comments?post=2034"}],"version-history":[{"count":12,"href":"https:\/\/artistdesign.de\/blog\/wp-json\/wp\/v2\/pages\/2034\/revisions"}],"predecessor-version":[{"id":2268,"href":"https:\/\/artistdesign.de\/blog\/wp-json\/wp\/v2\/pages\/2034\/revisions\/2268"}],"wp:attachment":[{"href":"https:\/\/artistdesign.de\/blog\/wp-json\/wp\/v2\/media?parent=2034"}],"curies":[{"name":"wp","href":"https:\/\/api.w.org\/{rel}","templated":true}]}}