{"id":204,"date":"2012-12-24T11:06:14","date_gmt":"2012-12-24T11:06:14","guid":{"rendered":"http:\/\/artistdesign.de\/blog\/?page_id=204"},"modified":"2012-12-24T12:36:26","modified_gmt":"2012-12-24T12:36:26","slug":"kalender-2013-calendar","status":"publish","type":"page","link":"https:\/\/artistdesign.de\/blog\/kalender-2013-calendar","title":{"rendered":"Kalender 2013 Calendar"},"content":{"rendered":"<p>Auch an dieser, f\u00fcr 2013 aufbereiteten Bild-Kollektion k\u00f6nnnen wir erkennen, dass nicht nur die Zeit weitergeht trotz aller geliebten negativen Prophezeiungen. Der Weltuntergang hat schon wieder nicht statt gefunden, schade eigentlich, denn die Bef\u00fcrchtungen und Vorbereitungen waren wieder einmal umsonst. Hat aber auch sein Gutes, denn jetzt haben wir die M\u00f6glichkeit, unsere Wahrnehmung zu schulen und uns damit auf einer h\u00f6heren Ebene den Ereignissen zu stellen. <a href=\"https:\/\/artistdesign.de\/blog\/wp-content\/uploads\/2012\/12\/Kalender_2013_CleRaDe_Titel.jpg\"><img loading=\"lazy\" decoding=\"async\" class=\"alignleft size-full wp-image-208\" title=\"Kalender 2013 Calendar\" src=\"https:\/\/artistdesign.de\/blog\/wp-content\/uploads\/2012\/12\/Kalender_2013_CleRaDe_Titel.jpg\" alt=\"Titel Kalender 2013 Calendar Title\" width=\"1024\" height=\"724\" srcset=\"https:\/\/artistdesign.de\/blog\/wp-content\/uploads\/2012\/12\/Kalender_2013_CleRaDe_Titel.jpg 1024w, https:\/\/artistdesign.de\/blog\/wp-content\/uploads\/2012\/12\/Kalender_2013_CleRaDe_Titel-300x212.jpg 300w, https:\/\/artistdesign.de\/blog\/wp-content\/uploads\/2012\/12\/Kalender_2013_CleRaDe_Titel-424x300.jpg 424w\" sizes=\"auto, (max-width: 1024px) 100vw, 1024px\" \/><\/a><\/p>\n<p>Eigentlich hilft uns jeder Zeitensprung, Neuanfang immer dabei zu erkennen, dass wir schlussendlich in einer Zeit zu leben, dile wir uns fr\u00fcher schon vorgestellt hatten. Wir sind also angekommen, sind zu Hause.<\/p>\n<p>Der vorliegende Kalender f\u00fcr 2013 belebt unsere Vorstellungskraft aufs Neue, zeigt uns M\u00f6glichkeiten des Seins und Wirkens, legt einen besonderen Fokus auf das Allgemeine.<\/p>\n","protected":false},"excerpt":{"rendered":"<p>Auch an dieser, f\u00fcr 2013 aufbereiteten Bild-Kollektion k\u00f6nnnen wir erkennen, dass nicht nur die Zeit weitergeht trotz aller geliebten negativen Prophezeiungen. Der Weltuntergang hat schon wieder nicht statt gefunden, schade eigentlich, denn die Bef\u00fcrchtungen und Vorbereitungen waren wieder einmal umsonst. Hat aber auch sein Gutes, denn jetzt haben wir die M\u00f6glichkeit, unsere Wahrnehmung zu schulen&hellip; <br \/> <a class=\"read-more\" href=\"https:\/\/artistdesign.de\/blog\/kalender-2013-calendar\">Weiterlesen<\/a><\/p>\n","protected":false},"author":1,"featured_media":0,"parent":0,"menu_order":0,"comment_status":"open","ping_status":"open","template":"sidebar-page.php","meta":{"ngg_post_thumbnail":0,"footnotes":""},"class_list":["post-204","page","type-page","status-publish","hentry"],"_links":{"self":[{"href":"https:\/\/artistdesign.de\/blog\/wp-json\/wp\/v2\/pages\/204","targetHints":{"allow":["GET"]}}],"collection":[{"href":"https:\/\/artistdesign.de\/blog\/wp-json\/wp\/v2\/pages"}],"about":[{"href":"https:\/\/artistdesign.de\/blog\/wp-json\/wp\/v2\/types\/page"}],"author":[{"embeddable":true,"href":"https:\/\/artistdesign.de\/blog\/wp-json\/wp\/v2\/users\/1"}],"replies":[{"embeddable":true,"href":"https:\/\/artistdesign.de\/blog\/wp-json\/wp\/v2\/comments?post=204"}],"version-history":[{"count":11,"href":"https:\/\/artistdesign.de\/blog\/wp-json\/wp\/v2\/pages\/204\/revisions"}],"predecessor-version":[{"id":212,"href":"https:\/\/artistdesign.de\/blog\/wp-json\/wp\/v2\/pages\/204\/revisions\/212"}],"wp:attachment":[{"href":"https:\/\/artistdesign.de\/blog\/wp-json\/wp\/v2\/media?parent=204"}],"curies":[{"name":"wp","href":"https:\/\/api.w.org\/{rel}","templated":true}]}}