{"id":2189,"date":"2023-08-18T16:44:50","date_gmt":"2023-08-18T16:44:50","guid":{"rendered":"https:\/\/artistdesign.de\/blog\/?page_id=2189"},"modified":"2025-06-12T18:51:30","modified_gmt":"2025-06-12T18:51:30","slug":"expositions","status":"publish","type":"page","link":"https:\/\/artistdesign.de\/blog\/expositions","title":{"rendered":"AUSSTELLUNGEN"},"content":{"rendered":"\n<h2 class=\"wp-block-heading\">VISION in FUSION<\/h2>\n\n\n\n<p><strong>Kunstausstellung im Bremer Kunstverein Humboldt &amp; Schl\u00fcter .e.V.<\/strong> <\/p>\n\n\n\n<p>Es ist soweit: Clemens-Raphael Dethlefsen pr\u00e4sentierte ausgew\u00e4hltes, aktuelles <strong>ZEICHEN- UND MALGUT<\/strong> im Kunstverein Humboldt &amp; Schl\u00fcter e. V. im Bremer Viertel, Humboldtstra\u00dfe 67, 28203 Bremen. <br>Die Vernissage fand am Samstag, 22.02.2025 ab 19 Uhr statt. Der Kulturwissenschaftler Prof. Dr. Wolfgang Bock hielt eine Laudatio. <br>Die Finissage war zum 29.03.2025 ab 19 Uhr angesetzt. Zwischen Vernisssage und Finissage konnten die Exponate der Galerie donnerstags bis samstags von 19 bis 22 Uhr besucht werden. <br>In den Bildern geht es um konkrete Abstraktion und abstrakte Konkretion, also um eine Fusion von reiner Vision und Wirken auf Sicht, von zu Sehendem und Gesehenem. Viele Bilder thematisieren den dynamischen Urgrund von Werden und Vergehen, vom Pulsieren im vorbegrifflichen Sein.<\/p>\n\n\n\n<figure class=\"wp-block-image size-large\"><img loading=\"lazy\" decoding=\"async\" width=\"1024\" height=\"488\" src=\"https:\/\/artistdesign.de\/blog\/wp-content\/uploads\/2025\/01\/2025_CleraDe-HuSchlu_VISIONinFUSION_Flyer_2048x976_RS-1024x488.jpg\" alt=\"VISION in FUSION\" class=\"wp-image-2630\" title=\"VISION in FUSION\" srcset=\"https:\/\/artistdesign.de\/blog\/wp-content\/uploads\/2025\/01\/2025_CleraDe-HuSchlu_VISIONinFUSION_Flyer_2048x976_RS-1024x488.jpg 1024w, https:\/\/artistdesign.de\/blog\/wp-content\/uploads\/2025\/01\/2025_CleraDe-HuSchlu_VISIONinFUSION_Flyer_2048x976_RS-300x143.jpg 300w, https:\/\/artistdesign.de\/blog\/wp-content\/uploads\/2025\/01\/2025_CleraDe-HuSchlu_VISIONinFUSION_Flyer_2048x976_RS-768x366.jpg 768w, https:\/\/artistdesign.de\/blog\/wp-content\/uploads\/2025\/01\/2025_CleraDe-HuSchlu_VISIONinFUSION_Flyer_2048x976_RS-1536x732.jpg 1536w, https:\/\/artistdesign.de\/blog\/wp-content\/uploads\/2025\/01\/2025_CleraDe-HuSchlu_VISIONinFUSION_Flyer_2048x976_RS-1920x915.jpg 1920w, https:\/\/artistdesign.de\/blog\/wp-content\/uploads\/2025\/01\/2025_CleraDe-HuSchlu_VISIONinFUSION_Flyer_2048x976_RS.jpg 2048w\" sizes=\"auto, (max-width: 1024px) 100vw, 1024px\" \/><\/figure>\n\n\n\n<p>Zu kompliziert? Die Bilder sind heiter bis wolkig, also barrierefrei, sofern der wahrnehmende Geist nicht meint, das Gesehene sofort verstehen oder interpretieren zu wollen. Es werden Bilder aus allen auf dieser Homepage vorgestellten Kategorien <em>Farbtraum, Farbgegend, Landed, Stranded<\/em> und <em>Humanimal <\/em>gezeigt. Dar\u00fcber hinaus solche, die sich bisher nur bedingt zuordnen lassen.<\/p>\n\n\n\n<figure class=\"wp-block-image size-large\"><img loading=\"lazy\" decoding=\"async\" width=\"1024\" height=\"290\" src=\"https:\/\/artistdesign.de\/blog\/wp-content\/uploads\/2025\/01\/U23Mal_1270_Pool-Wasser-Textur-1024x290.png\" alt=\"\" class=\"wp-image-2678\" srcset=\"https:\/\/artistdesign.de\/blog\/wp-content\/uploads\/2025\/01\/U23Mal_1270_Pool-Wasser-Textur-1024x290.png 1024w, https:\/\/artistdesign.de\/blog\/wp-content\/uploads\/2025\/01\/U23Mal_1270_Pool-Wasser-Textur-300x85.png 300w, https:\/\/artistdesign.de\/blog\/wp-content\/uploads\/2025\/01\/U23Mal_1270_Pool-Wasser-Textur-768x217.png 768w, https:\/\/artistdesign.de\/blog\/wp-content\/uploads\/2025\/01\/U23Mal_1270_Pool-Wasser-Textur-1536x434.png 1536w, https:\/\/artistdesign.de\/blog\/wp-content\/uploads\/2025\/01\/U23Mal_1270_Pool-Wasser-Textur-2048x579.png 2048w, https:\/\/artistdesign.de\/blog\/wp-content\/uploads\/2025\/01\/U23Mal_1270_Pool-Wasser-Textur-1920x543.png 1920w\" sizes=\"auto, (max-width: 1024px) 100vw, 1024px\" \/><\/figure>\n\n\n\n<p><\/p>\n\n\n\n<p><\/p>\n\n\n\n<p><\/p>\n\n\n\n<p><strong>Ausstellung 2023<\/strong><\/p>\n\n\n\n<h2 class=\"wp-block-heading\">&gt; LLES   FLIESST<\/h2>\n\n\n\n<p><strong style=\"background-color: transparent;\"><strong style=\"background-color: transparent;\">Kunstausstellung im Alten Pumpwerk, Bremen<br><\/strong><\/strong><\/p>\n\n\n\n<p>Die Bremer Maler, Grafiker und Designer Clemens-Raphael Dethlefsen und Paul T. G\u00e4tjens stellten ihre Werke im Rahmen des Offenen Sonntags im Alten Pumpwerk aus.<\/p>\n\n\n\n<p>Je mehr sich die beiden K\u00fcnstler im Fluss ihrer Arbeit befinden, desto im- und expressiver werden ihre Bildergebnisse. Flie\u00dfend, sprie\u00dfend, heiter bis melancholisch, spannungsgeladen bis meditativ wirkt ihre Acryl-, Aquarell-, Tusche- und \u00d6lmalerei.<\/p>\n\n\n\n<figure class=\"wp-block-image size-large\"><a href=\"https:\/\/artistdesign.de\/blog\/wp-content\/uploads\/2023\/08\/Einladung_PTG-CRD_AAllesFliesst_APW_20230903.jpg\" target=\"_blank\" rel=\"noopener noreferrer\"><img loading=\"lazy\" decoding=\"async\" width=\"1024\" height=\"488\" src=\"https:\/\/artistdesign.de\/blog\/wp-content\/uploads\/2023\/08\/Einladung_PTG-CRD_AAllesFliesst_APW_20230903-1024x488.jpg\" alt=\"ALLES FLIESST\" class=\"wp-image-2185\" title=\"ALLES FLIESST\" srcset=\"https:\/\/artistdesign.de\/blog\/wp-content\/uploads\/2023\/08\/Einladung_PTG-CRD_AAllesFliesst_APW_20230903-1024x488.jpg 1024w, https:\/\/artistdesign.de\/blog\/wp-content\/uploads\/2023\/08\/Einladung_PTG-CRD_AAllesFliesst_APW_20230903-300x143.jpg 300w, https:\/\/artistdesign.de\/blog\/wp-content\/uploads\/2023\/08\/Einladung_PTG-CRD_AAllesFliesst_APW_20230903-768x366.jpg 768w, https:\/\/artistdesign.de\/blog\/wp-content\/uploads\/2023\/08\/Einladung_PTG-CRD_AAllesFliesst_APW_20230903-1536x732.jpg 1536w, https:\/\/artistdesign.de\/blog\/wp-content\/uploads\/2023\/08\/Einladung_PTG-CRD_AAllesFliesst_APW_20230903-2048x976.jpg 2048w, https:\/\/artistdesign.de\/blog\/wp-content\/uploads\/2023\/08\/Einladung_PTG-CRD_AAllesFliesst_APW_20230903-500x238.jpg 500w\" sizes=\"auto, (max-width: 1024px) 100vw, 1024px\" \/><\/a><\/figure>\n\n\n\n<p>Fu\u0308r die nicht-gegenst\u00e4ndliche Malerei auf Leinw\u00e4nden kommen bei Paul T. G\u00e4tjens \u00d6l- oder Acrylfarben und als Untergrund meist Spachtelmasse zum Einsatz. Bei den Aquarell- und Tuschezeichnungen wechseln Landschaftsthemen mit abstrakten Farbkompositionen. Die Ideen seiner Arbeiten entstehen eher spontan, quasi im Dialog mit dem Bild und sind den pers\u00f6nlichen Stimmungen und seiner Neugier unterworfen. Die Bildmotive spiegeln oft seelische Zust\u00e4nde wie Heiterkeit, Leichtigkeit, aber auch Wut, Trauer und Melancholie wider.<\/p>\n\n\n\n<p>Die Werke Clemens-Raphael Dethlefsens zeigen recht unterschiedliche Ans\u00e4tze, mit dem Ph\u00e4nomen &#8222;Bild&#8220; umzugehen. Hier geht es mehr um Wirkung als um Technik. Bis in die 2020er Jahre hat er prim\u00e4r digitale Bildwelten kreiert, in denen Realit\u00e4tsfragmente aus eigenen Fotos, Malereien und Zeichnungen zu ungeahnten Bildwirkungen verschmelzen. Derzeit steht das direkte Malen auf Leinwand und Papier im Vordergrund. Hintergr\u00fcnde werden mit Acrylfarben, Tinte, Wachs- und Farbstiften intuitiv angelegt und solange vordergr\u00fcndig verfeinert, bis sich eine un- oder gegenst\u00e4ndliche Vision bildet.<\/p>\n\n\n\n<p><strong style=\"background-color: transparent;\">Es fand ein vielschichtig anregender Nachmittag statt!<\/strong><\/p>\n\n\n\n<p>Am Sonntag, den 3.\u2009Sept.\u20092023 von 15 \u2013 18 Uhr im Alten Pumpwerk in 28219 Bremen-Findorff, Salzburger Stra\u00dfe 12.<\/p>\n\n\n\n<p><strong style=\"background-color: transparent;\">Das Video zur Ausstellung: <\/strong><\/p>\n\n\n\n<figure class=\"wp-block-embed is-type-video is-provider-youtube wp-block-embed-youtube wp-embed-aspect-16-9 wp-has-aspect-ratio\"><div class=\"wp-block-embed__wrapper\">\n<div class='embed-container'><iframe loading=\"lazy\" title=\"ALLES FLIESST \u2013 KUNSTAUSSTELLUNG IM ALTEN PUMPWERK BREMEN\" width=\"1920\" height=\"1080\" src=\"https:\/\/www.youtube.com\/embed\/CYPsbBU1h6I?feature=oembed\" frameborder=\"0\" allow=\"accelerometer; autoplay; clipboard-write; encrypted-media; gyroscope; picture-in-picture; web-share\" referrerpolicy=\"strict-origin-when-cross-origin\" allowfullscreen><\/iframe><\/div>\n<\/div><\/figure>\n\n\n\n<p><strong style=\"background-color: transparent;\">Vielen Dank an J\u00f6rg Kuklinski von <a href=\"https:\/\/www.seesightmedia.de\/\" target=\"_blank\" rel=\"noreferrer noopener\">SeeSightMedia<\/a><a href=\"https:\/\/www.seesightmedia.de\/\"> <\/a>(Video) und an <a href=\"https:\/\/brian-parrish.com\/\" target=\"_blank\" rel=\"noreferrer noopener\">Brian Parrish<\/a> (Interviews). <\/strong><\/p>\n\n\n\n<p><\/p>\n","protected":false},"excerpt":{"rendered":"<p>VISION in FUSION Kunstausstellung im Bremer Kunstverein Humboldt &amp; Schl\u00fcter .e.V. Es ist soweit: Clemens-Raphael Dethlefsen pr\u00e4sentierte ausgew\u00e4hltes, aktuelles ZEICHEN- UND MALGUT im Kunstverein Humboldt &amp; Schl\u00fcter e. V. im Bremer Viertel, Humboldtstra\u00dfe 67, 28203 Bremen. Die Vernissage fand am Samstag, 22.02.2025 ab 19 Uhr statt. Der Kulturwissenschaftler Prof. Dr. Wolfgang Bock hielt eine Laudatio.&hellip; <br \/> <a class=\"read-more\" href=\"https:\/\/artistdesign.de\/blog\/expositions\">Weiterlesen<\/a><\/p>\n","protected":false},"author":2,"featured_media":0,"parent":0,"menu_order":0,"comment_status":"closed","ping_status":"closed","template":"","meta":{"ngg_post_thumbnail":0,"footnotes":""},"class_list":["post-2189","page","type-page","status-publish","hentry"],"_links":{"self":[{"href":"https:\/\/artistdesign.de\/blog\/wp-json\/wp\/v2\/pages\/2189","targetHints":{"allow":["GET"]}}],"collection":[{"href":"https:\/\/artistdesign.de\/blog\/wp-json\/wp\/v2\/pages"}],"about":[{"href":"https:\/\/artistdesign.de\/blog\/wp-json\/wp\/v2\/types\/page"}],"author":[{"embeddable":true,"href":"https:\/\/artistdesign.de\/blog\/wp-json\/wp\/v2\/users\/2"}],"replies":[{"embeddable":true,"href":"https:\/\/artistdesign.de\/blog\/wp-json\/wp\/v2\/comments?post=2189"}],"version-history":[{"count":45,"href":"https:\/\/artistdesign.de\/blog\/wp-json\/wp\/v2\/pages\/2189\/revisions"}],"predecessor-version":[{"id":2765,"href":"https:\/\/artistdesign.de\/blog\/wp-json\/wp\/v2\/pages\/2189\/revisions\/2765"}],"wp:attachment":[{"href":"https:\/\/artistdesign.de\/blog\/wp-json\/wp\/v2\/media?parent=2189"}],"curies":[{"name":"wp","href":"https:\/\/api.w.org\/{rel}","templated":true}]}}