{"id":223,"date":"2012-12-26T19:54:26","date_gmt":"2012-12-26T19:54:26","guid":{"rendered":"http:\/\/artistdesign.de\/blog\/?page_id=223"},"modified":"2019-11-28T08:44:05","modified_gmt":"2019-11-28T08:44:05","slug":"kalender-2012-calendar-12","status":"publish","type":"page","link":"https:\/\/artistdesign.de\/blog\/kalender-2012-calendar-12","title":{"rendered":"Kalender 2012 Calendar"},"content":{"rendered":"<p><img loading=\"lazy\" decoding=\"async\" class=\"alignleft size-full wp-image-14\" title=\"Kalender 2012 | calendar | calendario\" src=\"https:\/\/artistdesign.de\/blog\/wp-content\/uploads\/2011\/12\/crd_Kalend12_Cover_606p.jpg\" alt=\"Kalender 2012 | calendar | calendario\" width=\"606\" height=\"428\" srcset=\"https:\/\/artistdesign.de\/blog\/wp-content\/uploads\/2011\/12\/crd_Kalend12_Cover_606p.jpg 606w, https:\/\/artistdesign.de\/blog\/wp-content\/uploads\/2011\/12\/crd_Kalend12_Cover_606p-300x211.jpg 300w, https:\/\/artistdesign.de\/blog\/wp-content\/uploads\/2011\/12\/crd_Kalend12_Cover_606p-424x300.jpg 424w\" sizes=\"auto, (max-width: 606px) 100vw, 606px\" \/><\/p>\n<p>Auch der Kalender f\u00fcr 2012 stellte eine deutliche Herausforderung dar an den Gestalter: Clemens-Raphael Dethlefsen, von mir aus gesehen: Imago ergo sum.<br \/>\nDenn es ist nicht damit getan, das eigene Bildarchiv zu durchforsten und geeignetes, besonders \u00e4sthetisches Material ein wenig aufzuh\u00fcbschen und als Innovationsschub zu pr\u00e4sentieren. Nein, solange ich die Bildnerei Erst nehme, gehe ich einen Schritt weiter und versuche das zu gestalten, was ich bisher noch nicht gestaltet habe, mir also bisher entgangen ist. Daher sind die entstehenden Elaborate eher investigativer denn sch\u00f6ngeistiger Natur, spiegeln eher den Stand einer Untersuchung als einer kalkulierten \u00c4sthetik wider.<br \/>\nSo ist ein kein Wunder, dass der entstehende &#8218;Stil&#8216; des aktuellen Kalenders nicht als \u00e4sthetische Nische und Begrenzung zu verstehen ist, sondern als Erweiterung der bisherigen, auf der bisherigen Wahrnehmungsf\u00e4higkeit basierenden Kreationen.<\/p>\n<p>The calendar for 2012 is a significant challenge to the designer Clemens Raphael Dethlefsen, seen from my point of view: Imago ergo sum.<br \/>\nFor there it is not enough to sift through your own image archive and appropriate, particularly aesthetic material to embellish a little and to present as an innovation boost.<br \/>\nNo, as long as I take imagination seriously, I go one step further and try create the things I haven&#8217;t\u00a0 made \u200b\u200byet, to me so far escaped. Therefore, the resulting investigative works are rather than beautiful spiritual in nature, rather reflect the state of an investigation as a calculated aesthetic.<br \/>\nSo it&#8217;s no wonder that the resulting &#8217;style&#8216; of the current calendar is not intended as aesthetic and niche limitation, but as an extension of the previous, based on the previous perceptibility of already exisiting creations.<\/p>\n","protected":false},"excerpt":{"rendered":"<p>Auch der Kalender f\u00fcr 2012 stellte eine deutliche Herausforderung dar an den Gestalter: Clemens-Raphael Dethlefsen, von mir aus gesehen: Imago ergo sum. Denn es ist nicht damit getan, das eigene Bildarchiv zu durchforsten und geeignetes, besonders \u00e4sthetisches Material ein wenig aufzuh\u00fcbschen und als Innovationsschub zu pr\u00e4sentieren. Nein, solange ich die Bildnerei Erst nehme, gehe ich&hellip; <br \/> <a class=\"read-more\" href=\"https:\/\/artistdesign.de\/blog\/kalender-2012-calendar-12\">Weiterlesen<\/a><\/p>\n","protected":false},"author":1,"featured_media":0,"parent":0,"menu_order":0,"comment_status":"open","ping_status":"closed","template":"sidebar-page.php","meta":{"ngg_post_thumbnail":0,"footnotes":""},"class_list":["post-223","page","type-page","status-publish","hentry"],"_links":{"self":[{"href":"https:\/\/artistdesign.de\/blog\/wp-json\/wp\/v2\/pages\/223","targetHints":{"allow":["GET"]}}],"collection":[{"href":"https:\/\/artistdesign.de\/blog\/wp-json\/wp\/v2\/pages"}],"about":[{"href":"https:\/\/artistdesign.de\/blog\/wp-json\/wp\/v2\/types\/page"}],"author":[{"embeddable":true,"href":"https:\/\/artistdesign.de\/blog\/wp-json\/wp\/v2\/users\/1"}],"replies":[{"embeddable":true,"href":"https:\/\/artistdesign.de\/blog\/wp-json\/wp\/v2\/comments?post=223"}],"version-history":[{"count":1,"href":"https:\/\/artistdesign.de\/blog\/wp-json\/wp\/v2\/pages\/223\/revisions"}],"predecessor-version":[{"id":226,"href":"https:\/\/artistdesign.de\/blog\/wp-json\/wp\/v2\/pages\/223\/revisions\/226"}],"wp:attachment":[{"href":"https:\/\/artistdesign.de\/blog\/wp-json\/wp\/v2\/media?parent=223"}],"curies":[{"name":"wp","href":"https:\/\/api.w.org\/{rel}","templated":true}]}}