{"id":250,"date":"2012-12-28T12:04:22","date_gmt":"2012-12-28T12:04:22","guid":{"rendered":"http:\/\/artistdesign.de\/blog\/?page_id=250"},"modified":"2017-08-02T20:34:34","modified_gmt":"2017-08-02T20:34:34","slug":"elementary-artwork","status":"publish","type":"page","link":"https:\/\/artistdesign.de\/blog\/elementary-artwork","title":{"rendered":"feb Elementary Spin"},"content":{"rendered":"<p>Die vier Elemente Erde, Feuer Luft und Wasser treten als wirkende Formkr\u00e4fte auf. Da sie einander in ihrer Gegens\u00e4tzlichkeit bedingen, ist es wichtig, ihre Kr\u00e4fte zu vereinen.<\/p>\n<div id=\"attachment_242\" style=\"width: 1034px\" class=\"wp-caption alignleft\"><a href=\"https:\/\/artistdesign.de\/blog\/wp-content\/uploads\/2012\/12\/Vier_Formulierer_YY.jpg\"><img loading=\"lazy\" decoding=\"async\" aria-describedby=\"caption-attachment-242\" class=\"size-full wp-image-242\" title=\"Vier_Formulierer_YY\" src=\"https:\/\/artistdesign.de\/blog\/wp-content\/uploads\/2012\/12\/Vier_Formulierer_YY.jpg\" alt=\"Vier elementare Formkr\u00e4fte formulieren Yin und Yang | Four fundamental forces form Y &amp; Y\" width=\"1024\" height=\"628\" srcset=\"https:\/\/artistdesign.de\/blog\/wp-content\/uploads\/2012\/12\/Vier_Formulierer_YY.jpg 1024w, https:\/\/artistdesign.de\/blog\/wp-content\/uploads\/2012\/12\/Vier_Formulierer_YY-300x183.jpg 300w, https:\/\/artistdesign.de\/blog\/wp-content\/uploads\/2012\/12\/Vier_Formulierer_YY-489x300.jpg 489w\" sizes=\"auto, (max-width: 1024px) 100vw, 1024px\" \/><\/a><p id=\"caption-attachment-242\" class=\"wp-caption-text\">\u00a0\u00a0\u00a0\u00a0\u00a0\u00a0\u00a0\u00a0 Vier elementare Formkr\u00e4fte formulieren Yin und Yang | Four fundamental forces form Yin and Yang<\/p><\/div>\n<p>The four elements of air, earth, fire and water act as forces creating form. Because they are independent but interdependent in their singularity, it is important to join their forces.<\/p>\n<p><a title=\"January Winter\u2019s Artwork\" href=\"https:\/\/artistdesign.de\/blog\/winters-artwork\">\u25c0<\/a> PREV\u00a0 \u263c\u00a0 NEXT <a title=\"March Hobby Horse\u2019s Artwork\" href=\"https:\/\/artistdesign.de\/blog\/hobbyhorse-artwork\">\u25ba<\/a><\/p>\n","protected":false},"excerpt":{"rendered":"<p>Die vier Elemente Erde, Feuer Luft und Wasser treten als wirkende Formkr\u00e4fte auf. Da sie einander in ihrer Gegens\u00e4tzlichkeit bedingen, ist es wichtig, ihre Kr\u00e4fte zu vereinen. The four elements of air, earth, fire and water act as forces creating form. Because they are independent but interdependent in their singularity, it is important to join&hellip; <br \/> <a class=\"read-more\" href=\"https:\/\/artistdesign.de\/blog\/elementary-artwork\">Weiterlesen<\/a><\/p>\n","protected":false},"author":1,"featured_media":0,"parent":0,"menu_order":0,"comment_status":"open","ping_status":"closed","template":"sidebar-page.php","meta":{"ngg_post_thumbnail":0,"footnotes":""},"class_list":["post-250","page","type-page","status-publish","hentry"],"_links":{"self":[{"href":"https:\/\/artistdesign.de\/blog\/wp-json\/wp\/v2\/pages\/250","targetHints":{"allow":["GET"]}}],"collection":[{"href":"https:\/\/artistdesign.de\/blog\/wp-json\/wp\/v2\/pages"}],"about":[{"href":"https:\/\/artistdesign.de\/blog\/wp-json\/wp\/v2\/types\/page"}],"author":[{"embeddable":true,"href":"https:\/\/artistdesign.de\/blog\/wp-json\/wp\/v2\/users\/1"}],"replies":[{"embeddable":true,"href":"https:\/\/artistdesign.de\/blog\/wp-json\/wp\/v2\/comments?post=250"}],"version-history":[{"count":10,"href":"https:\/\/artistdesign.de\/blog\/wp-json\/wp\/v2\/pages\/250\/revisions"}],"predecessor-version":[{"id":1334,"href":"https:\/\/artistdesign.de\/blog\/wp-json\/wp\/v2\/pages\/250\/revisions\/1334"}],"wp:attachment":[{"href":"https:\/\/artistdesign.de\/blog\/wp-json\/wp\/v2\/media?parent=250"}],"curies":[{"name":"wp","href":"https:\/\/api.w.org\/{rel}","templated":true}]}}