{"id":2519,"date":"2024-05-28T08:35:01","date_gmt":"2024-05-28T08:35:01","guid":{"rendered":"https:\/\/artistdesign.de\/blog\/?page_id=2519"},"modified":"2024-05-28T09:09:56","modified_gmt":"2024-05-28T09:09:56","slug":"statement","status":"publish","type":"page","link":"https:\/\/artistdesign.de\/blog\/statement","title":{"rendered":"STATEMENT"},"content":{"rendered":"\n<p>In meiner bildnerischen Arbeit geht es um die Frage, wie sich das Sein auszudr\u00fccken versteht. Daher ist das Wahrnehmen der Innen- und Au\u00dfenwelt der Angelpunkt meiner Malerei. Das jeweilige Bild entsteht explorativ und interaktiv, beispielsweise mit einer Grundidee, die sich dann ins Sichtbare verfeinert. Oder komplett ohne Idee, etwa mit beidh\u00e4ndigen &#8218;Finger\u00fcbungen&#8216; auf Leinwand, die als grafische Grundlage weitere Bildschichten hervorrufen.<br>Ein Kommen- und Gehenlassen, ein Ent- und Verwerfen pr\u00e4gen den Prozess der Bildwerdung.<\/p>\n\n\n<div class=\"wp-block-image\">\n<figure class=\"alignleft size-large is-resized\"><img loading=\"lazy\" decoding=\"async\" width=\"1024\" height=\"1024\" src=\"https:\/\/artistdesign.de\/blog\/wp-content\/uploads\/2024\/03\/Clerade_Port_WasserSchaftLand-1024x1024.jpg\" alt=\"\" class=\"wp-image-2507\" style=\"width:307px;height:auto\" srcset=\"https:\/\/artistdesign.de\/blog\/wp-content\/uploads\/2024\/03\/Clerade_Port_WasserSchaftLand-1024x1024.jpg 1024w, https:\/\/artistdesign.de\/blog\/wp-content\/uploads\/2024\/03\/Clerade_Port_WasserSchaftLand-300x300.jpg 300w, https:\/\/artistdesign.de\/blog\/wp-content\/uploads\/2024\/03\/Clerade_Port_WasserSchaftLand-150x150.jpg 150w, https:\/\/artistdesign.de\/blog\/wp-content\/uploads\/2024\/03\/Clerade_Port_WasserSchaftLand-768x768.jpg 768w, https:\/\/artistdesign.de\/blog\/wp-content\/uploads\/2024\/03\/Clerade_Port_WasserSchaftLand-1536x1536.jpg 1536w, https:\/\/artistdesign.de\/blog\/wp-content\/uploads\/2024\/03\/Clerade_Port_WasserSchaftLand-2048x2048.jpg 2048w, https:\/\/artistdesign.de\/blog\/wp-content\/uploads\/2024\/03\/Clerade_Port_WasserSchaftLand-1080x1080.jpg 1080w\" sizes=\"auto, (max-width: 1024px) 100vw, 1024px\" \/><figcaption class=\"wp-element-caption\">Clemens-Raphael Dethlefsen<\/figcaption><\/figure><\/div>\n\n\n<p>My artistic work deals with the question of how being can express itself. Perceiving the inner and outer worlds is therefore the focal point of my painting. Each picture is created exploratively and interactively, for example with a basic idea that is then refined into visibility. Or completely without an idea, for example with two-handed &#8218;finger exercises&#8216; on canvas, which act as a graphic basis and evoke further layers of the picture.<br>The process of creating a painting is characterized by coming and going, designing and discarding.<\/p>\n\n\n\n<p><strong style=\"background-color: transparent;\"><strong style=\"background-color: transparent;\">Kontakt<\/strong><\/strong><\/p>\n\n\n\n<p>Alle hier gezeigten Arbeiten sind verk\u00e4uflich. Unter dem jeweiligen Bild befinden sich Angaben zu Maltechnik, Gr\u00f6\u00dfe, finales oder Entstehungsdatum.<br>Preise auf Anfrage. <br><a href=\"mailto:info@artistdesign.de\">info@artistdesign.de<\/a><strong style=\"background-color: transparent;\"><strong style=\"background-color: transparent;\"><br><\/strong><\/strong>All works shown here are for sale. Below each picture you will find information on painting technique, size, final or date of creation.<br>Prices on request.<\/p>\n","protected":false},"excerpt":{"rendered":"<p>In meiner bildnerischen Arbeit geht es um die Frage, wie sich das Sein auszudr\u00fccken versteht. Daher ist das Wahrnehmen der Innen- und Au\u00dfenwelt der Angelpunkt meiner Malerei. Das jeweilige Bild entsteht explorativ und interaktiv, beispielsweise mit einer Grundidee, die sich dann ins Sichtbare verfeinert. Oder komplett ohne Idee, etwa mit beidh\u00e4ndigen &#8218;Finger\u00fcbungen&#8216; auf Leinwand, die&hellip; <br \/> <a class=\"read-more\" href=\"https:\/\/artistdesign.de\/blog\/statement\">Weiterlesen<\/a><\/p>\n","protected":false},"author":2,"featured_media":0,"parent":0,"menu_order":0,"comment_status":"closed","ping_status":"closed","template":"","meta":{"ngg_post_thumbnail":0,"footnotes":""},"class_list":["post-2519","page","type-page","status-publish","hentry"],"_links":{"self":[{"href":"https:\/\/artistdesign.de\/blog\/wp-json\/wp\/v2\/pages\/2519","targetHints":{"allow":["GET"]}}],"collection":[{"href":"https:\/\/artistdesign.de\/blog\/wp-json\/wp\/v2\/pages"}],"about":[{"href":"https:\/\/artistdesign.de\/blog\/wp-json\/wp\/v2\/types\/page"}],"author":[{"embeddable":true,"href":"https:\/\/artistdesign.de\/blog\/wp-json\/wp\/v2\/users\/2"}],"replies":[{"embeddable":true,"href":"https:\/\/artistdesign.de\/blog\/wp-json\/wp\/v2\/comments?post=2519"}],"version-history":[{"count":4,"href":"https:\/\/artistdesign.de\/blog\/wp-json\/wp\/v2\/pages\/2519\/revisions"}],"predecessor-version":[{"id":2528,"href":"https:\/\/artistdesign.de\/blog\/wp-json\/wp\/v2\/pages\/2519\/revisions\/2528"}],"wp:attachment":[{"href":"https:\/\/artistdesign.de\/blog\/wp-json\/wp\/v2\/media?parent=2519"}],"curies":[{"name":"wp","href":"https:\/\/api.w.org\/{rel}","templated":true}]}}