{"id":2531,"date":"2024-12-10T14:56:34","date_gmt":"2024-12-10T14:56:34","guid":{"rendered":"https:\/\/artistdesign.de\/blog\/?page_id=2531"},"modified":"2025-12-04T07:50:15","modified_gmt":"2025-12-04T07:50:15","slug":"calendart-2025","status":"publish","type":"page","link":"https:\/\/artistdesign.de\/blog\/calendart-2025","title":{"rendered":"CALENDART 2025  PRIMATE CHANGE"},"content":{"rendered":"\n<p><\/p>\n\n\n\n<figure class=\"wp-block-image size-large\"><a href=\"https:\/\/artistdesign.de\/blog\/wp-content\/uploads\/2024\/12\/Calendart-2025_Title_3840px-scaled.jpg\"><img loading=\"lazy\" decoding=\"async\" width=\"1024\" height=\"628\" src=\"https:\/\/artistdesign.de\/blog\/wp-content\/uploads\/2024\/12\/Calendart-2025_Title_3840px-1024x628.jpg\" alt=\"CALENDART 2025 \nPRIMATE CHANGE\" class=\"wp-image-2533\" style=\"object-fit:cover\" title=\"CALENDART 2025  PRIMATE CHANGE\" srcset=\"https:\/\/artistdesign.de\/blog\/wp-content\/uploads\/2024\/12\/Calendart-2025_Title_3840px-1024x628.jpg 1024w, https:\/\/artistdesign.de\/blog\/wp-content\/uploads\/2024\/12\/Calendart-2025_Title_3840px-300x184.jpg 300w, https:\/\/artistdesign.de\/blog\/wp-content\/uploads\/2024\/12\/Calendart-2025_Title_3840px-768x471.jpg 768w, https:\/\/artistdesign.de\/blog\/wp-content\/uploads\/2024\/12\/Calendart-2025_Title_3840px-1536x942.jpg 1536w, https:\/\/artistdesign.de\/blog\/wp-content\/uploads\/2024\/12\/Calendart-2025_Title_3840px-2048x1255.jpg 2048w, https:\/\/artistdesign.de\/blog\/wp-content\/uploads\/2024\/12\/Calendart-2025_Title_3840px-1762x1080.jpg 1762w\" sizes=\"auto, (max-width: 1024px) 100vw, 1024px\" \/><\/a><figcaption class=\"wp-element-caption\">Titelbild des Kunstkalenders PRIMATE CHANGE<\/figcaption><\/figure>\n\n\n\n<p><strong style=\"background-color: transparent;\">12 prim\u00e4re Arten, sich die Welt an- oder sich in ihr umzusehen:<\/strong><\/p>\n\n\n\n<div class=\"wp-block-columns is-layout-flex wp-container-core-columns-is-layout-2 wp-block-columns-is-layout-flex\">\n<div class=\"wp-block-column is-layout-flow wp-block-column-is-layout-flow\">\n<figure class=\"wp-block-image size-large\"><a href=\"https:\/\/artistdesign.de\/blog\/wp-content\/uploads\/2024\/12\/TheBurger_3840-scaled.jpg\"><img loading=\"lazy\" decoding=\"async\" width=\"1024\" height=\"628\" src=\"https:\/\/artistdesign.de\/blog\/wp-content\/uploads\/2024\/12\/TheBurger_3840-1024x628.jpg\" alt=\"Der B\u00fcrger  |  The Burger  |  La gente de Hamburgo\" class=\"wp-image-2535\" title=\"Der B\u00fcrger  |  The Burger  |  La gente de Hamburgo\" srcset=\"https:\/\/artistdesign.de\/blog\/wp-content\/uploads\/2024\/12\/TheBurger_3840-1024x628.jpg 1024w, https:\/\/artistdesign.de\/blog\/wp-content\/uploads\/2024\/12\/TheBurger_3840-300x184.jpg 300w, https:\/\/artistdesign.de\/blog\/wp-content\/uploads\/2024\/12\/TheBurger_3840-768x471.jpg 768w, https:\/\/artistdesign.de\/blog\/wp-content\/uploads\/2024\/12\/TheBurger_3840-1536x942.jpg 1536w, https:\/\/artistdesign.de\/blog\/wp-content\/uploads\/2024\/12\/TheBurger_3840-2048x1255.jpg 2048w, https:\/\/artistdesign.de\/blog\/wp-content\/uploads\/2024\/12\/TheBurger_3840-1762x1080.jpg 1762w\" sizes=\"auto, (max-width: 1024px) 100vw, 1024px\" \/><\/a><figcaption class=\"wp-element-caption\">The Burger<\/figcaption><\/figure>\n\n\n\n<figure class=\"wp-block-image size-large\"><a href=\"https:\/\/artistdesign.de\/blog\/wp-content\/uploads\/2024\/12\/Bubble-Building_3840-scaled.jpg\"><img loading=\"lazy\" decoding=\"async\" width=\"1024\" height=\"628\" src=\"https:\/\/artistdesign.de\/blog\/wp-content\/uploads\/2024\/12\/Bubble-Building_3840-1024x628.jpg\" alt=\"Blasen Bildung  |  Bubble Building  |  Educaci\u00f3n de burbujas\" class=\"wp-image-2540\" title=\"Blasen Bildung  |  Bubble Building  |  Educaci\u00f3n de burbujas\" srcset=\"https:\/\/artistdesign.de\/blog\/wp-content\/uploads\/2024\/12\/Bubble-Building_3840-1024x628.jpg 1024w, https:\/\/artistdesign.de\/blog\/wp-content\/uploads\/2024\/12\/Bubble-Building_3840-300x184.jpg 300w, https:\/\/artistdesign.de\/blog\/wp-content\/uploads\/2024\/12\/Bubble-Building_3840-768x471.jpg 768w, https:\/\/artistdesign.de\/blog\/wp-content\/uploads\/2024\/12\/Bubble-Building_3840-1536x942.jpg 1536w, https:\/\/artistdesign.de\/blog\/wp-content\/uploads\/2024\/12\/Bubble-Building_3840-2048x1255.jpg 2048w, https:\/\/artistdesign.de\/blog\/wp-content\/uploads\/2024\/12\/Bubble-Building_3840-1762x1080.jpg 1762w\" sizes=\"auto, (max-width: 1024px) 100vw, 1024px\" \/><\/a><figcaption class=\"wp-element-caption\">Bubble Building<\/figcaption><\/figure>\n\n\n\n<figure class=\"wp-block-image size-large\"><a href=\"https:\/\/artistdesign.de\/blog\/wp-content\/uploads\/2024\/12\/HandlungsFreiheit_3840-scaled.jpg\"><img loading=\"lazy\" decoding=\"async\" width=\"1024\" height=\"628\" src=\"https:\/\/artistdesign.de\/blog\/wp-content\/uploads\/2024\/12\/HandlungsFreiheit_3840-1024x628.jpg\" alt=\"Rote Handlungsfreiheit | Red handiwork | Rojo trabajo manual\" class=\"wp-image-2545\" title=\"Rote Handlungsfreiheit | Red handiwork | Rojo trabajo manual\" srcset=\"https:\/\/artistdesign.de\/blog\/wp-content\/uploads\/2024\/12\/HandlungsFreiheit_3840-1024x628.jpg 1024w, https:\/\/artistdesign.de\/blog\/wp-content\/uploads\/2024\/12\/HandlungsFreiheit_3840-300x184.jpg 300w, https:\/\/artistdesign.de\/blog\/wp-content\/uploads\/2024\/12\/HandlungsFreiheit_3840-768x471.jpg 768w, https:\/\/artistdesign.de\/blog\/wp-content\/uploads\/2024\/12\/HandlungsFreiheit_3840-1536x942.jpg 1536w, https:\/\/artistdesign.de\/blog\/wp-content\/uploads\/2024\/12\/HandlungsFreiheit_3840-2048x1255.jpg 2048w, https:\/\/artistdesign.de\/blog\/wp-content\/uploads\/2024\/12\/HandlungsFreiheit_3840-1762x1080.jpg 1762w\" sizes=\"auto, (max-width: 1024px) 100vw, 1024px\" \/><\/a><figcaption class=\"wp-element-caption\">Rote Handlungsfreiheit<\/figcaption><\/figure>\n\n\n\n<figure class=\"wp-block-image size-large\"><a href=\"https:\/\/artistdesign.de\/blog\/wp-content\/uploads\/2024\/12\/FelsenVorBild_3840-scaled.jpg\"><img loading=\"lazy\" decoding=\"async\" width=\"1024\" height=\"628\" src=\"https:\/\/artistdesign.de\/blog\/wp-content\/uploads\/2024\/12\/FelsenVorBild_3840-1024x628.jpg\" alt=\"Felsen vor Bild  |  Idol of rocks  |  El \u00eddolo la roca\" class=\"wp-image-2550\" title=\"Felsen vor Bild  |  Idol of rocks  |  El \u00eddolo la roca\" srcset=\"https:\/\/artistdesign.de\/blog\/wp-content\/uploads\/2024\/12\/FelsenVorBild_3840-1024x628.jpg 1024w, https:\/\/artistdesign.de\/blog\/wp-content\/uploads\/2024\/12\/FelsenVorBild_3840-300x184.jpg 300w, https:\/\/artistdesign.de\/blog\/wp-content\/uploads\/2024\/12\/FelsenVorBild_3840-768x471.jpg 768w, https:\/\/artistdesign.de\/blog\/wp-content\/uploads\/2024\/12\/FelsenVorBild_3840-1536x942.jpg 1536w, https:\/\/artistdesign.de\/blog\/wp-content\/uploads\/2024\/12\/FelsenVorBild_3840-2048x1255.jpg 2048w, https:\/\/artistdesign.de\/blog\/wp-content\/uploads\/2024\/12\/FelsenVorBild_3840-1762x1080.jpg 1762w\" sizes=\"auto, (max-width: 1024px) 100vw, 1024px\" \/><\/a><figcaption class=\"wp-element-caption\">Felsen vor Bild<\/figcaption><\/figure>\n<\/div>\n\n\n\n<div class=\"wp-block-column is-layout-flow wp-block-column-is-layout-flow\">\n<figure class=\"wp-block-image size-large\"><a href=\"https:\/\/artistdesign.de\/blog\/wp-content\/uploads\/2024\/12\/Umgelbung_3840-scaled.jpg\"><img loading=\"lazy\" decoding=\"async\" width=\"1024\" height=\"628\" src=\"https:\/\/artistdesign.de\/blog\/wp-content\/uploads\/2024\/12\/Umgelbung_3840-1024x628.jpg\" alt=\"Umgelbung  |  Yellowing  |  Entorno amarillo\" class=\"wp-image-2537\" title=\"Umgelbung  |  Yellowing  |  Entorno amarillo\" srcset=\"https:\/\/artistdesign.de\/blog\/wp-content\/uploads\/2024\/12\/Umgelbung_3840-1024x628.jpg 1024w, https:\/\/artistdesign.de\/blog\/wp-content\/uploads\/2024\/12\/Umgelbung_3840-300x184.jpg 300w, https:\/\/artistdesign.de\/blog\/wp-content\/uploads\/2024\/12\/Umgelbung_3840-768x471.jpg 768w, https:\/\/artistdesign.de\/blog\/wp-content\/uploads\/2024\/12\/Umgelbung_3840-1536x942.jpg 1536w, https:\/\/artistdesign.de\/blog\/wp-content\/uploads\/2024\/12\/Umgelbung_3840-2048x1255.jpg 2048w, https:\/\/artistdesign.de\/blog\/wp-content\/uploads\/2024\/12\/Umgelbung_3840-1762x1080.jpg 1762w\" sizes=\"auto, (max-width: 1024px) 100vw, 1024px\" \/><\/a><figcaption class=\"wp-element-caption\">Umgelbung<\/figcaption><\/figure>\n\n\n\n<figure class=\"wp-block-image size-large\"><a href=\"https:\/\/artistdesign.de\/blog\/wp-content\/uploads\/2024\/12\/WasWinWol_EuroKite_3840-scaled.jpg\"><img loading=\"lazy\" decoding=\"async\" width=\"1024\" height=\"628\" src=\"https:\/\/artistdesign.de\/blog\/wp-content\/uploads\/2024\/12\/WasWinWol_EuroKite_3840-1024x628.jpg\" alt=\"WasWinWol EUROKITE | WatWinClo EUROKITE | AguVieNub EUROKITE\" class=\"wp-image-2542\" title=\"WasWinWol EUROKITE | WatWinClo EUROKITE | AguVieNub EUROKITE\" srcset=\"https:\/\/artistdesign.de\/blog\/wp-content\/uploads\/2024\/12\/WasWinWol_EuroKite_3840-1024x628.jpg 1024w, https:\/\/artistdesign.de\/blog\/wp-content\/uploads\/2024\/12\/WasWinWol_EuroKite_3840-300x184.jpg 300w, https:\/\/artistdesign.de\/blog\/wp-content\/uploads\/2024\/12\/WasWinWol_EuroKite_3840-768x471.jpg 768w, https:\/\/artistdesign.de\/blog\/wp-content\/uploads\/2024\/12\/WasWinWol_EuroKite_3840-1536x942.jpg 1536w, https:\/\/artistdesign.de\/blog\/wp-content\/uploads\/2024\/12\/WasWinWol_EuroKite_3840-2048x1255.jpg 2048w, https:\/\/artistdesign.de\/blog\/wp-content\/uploads\/2024\/12\/WasWinWol_EuroKite_3840-1762x1080.jpg 1762w\" sizes=\"auto, (max-width: 1024px) 100vw, 1024px\" \/><\/a><figcaption class=\"wp-element-caption\">WasWinWol EUROKITE<\/figcaption><\/figure>\n\n\n\n<figure class=\"wp-block-image size-large\"><a href=\"https:\/\/artistdesign.de\/blog\/wp-content\/uploads\/2024\/12\/BogenWogen_3840-scaled.jpg\"><img loading=\"lazy\" decoding=\"async\" width=\"1024\" height=\"628\" src=\"https:\/\/artistdesign.de\/blog\/wp-content\/uploads\/2024\/12\/BogenWogen_3840-1024x628.jpg\" alt=\"BogenWogen  |  Curved waves  |  Arcos ondulados\" class=\"wp-image-2547\" title=\"BogenWogen  |  Curved waves  |  Arcos ondulados\" srcset=\"https:\/\/artistdesign.de\/blog\/wp-content\/uploads\/2024\/12\/BogenWogen_3840-1024x628.jpg 1024w, https:\/\/artistdesign.de\/blog\/wp-content\/uploads\/2024\/12\/BogenWogen_3840-300x184.jpg 300w, https:\/\/artistdesign.de\/blog\/wp-content\/uploads\/2024\/12\/BogenWogen_3840-768x471.jpg 768w, https:\/\/artistdesign.de\/blog\/wp-content\/uploads\/2024\/12\/BogenWogen_3840-1536x942.jpg 1536w, https:\/\/artistdesign.de\/blog\/wp-content\/uploads\/2024\/12\/BogenWogen_3840-2048x1255.jpg 2048w, https:\/\/artistdesign.de\/blog\/wp-content\/uploads\/2024\/12\/BogenWogen_3840-1762x1080.jpg 1762w\" sizes=\"auto, (max-width: 1024px) 100vw, 1024px\" \/><\/a><figcaption class=\"wp-element-caption\">Bogen Wogen<\/figcaption><\/figure>\n\n\n\n<figure class=\"wp-block-image size-large\"><a href=\"https:\/\/artistdesign.de\/blog\/wp-content\/uploads\/2024\/12\/PflanzenFeuer_3840-scaled.jpg\"><img loading=\"lazy\" decoding=\"async\" width=\"1024\" height=\"628\" src=\"https:\/\/artistdesign.de\/blog\/wp-content\/uploads\/2024\/12\/PflanzenFeuer_3840-1024x628.jpg\" alt=\"PflanzenFeuer  |  Planned fire  |  Fuego plantastico\" class=\"wp-image-2551\" title=\"PflanzenFeuer  |  Planned fire  |  Fuego plantastico\" srcset=\"https:\/\/artistdesign.de\/blog\/wp-content\/uploads\/2024\/12\/PflanzenFeuer_3840-1024x628.jpg 1024w, https:\/\/artistdesign.de\/blog\/wp-content\/uploads\/2024\/12\/PflanzenFeuer_3840-300x184.jpg 300w, https:\/\/artistdesign.de\/blog\/wp-content\/uploads\/2024\/12\/PflanzenFeuer_3840-768x471.jpg 768w, https:\/\/artistdesign.de\/blog\/wp-content\/uploads\/2024\/12\/PflanzenFeuer_3840-1536x942.jpg 1536w, https:\/\/artistdesign.de\/blog\/wp-content\/uploads\/2024\/12\/PflanzenFeuer_3840-2048x1255.jpg 2048w, https:\/\/artistdesign.de\/blog\/wp-content\/uploads\/2024\/12\/PflanzenFeuer_3840-1762x1080.jpg 1762w\" sizes=\"auto, (max-width: 1024px) 100vw, 1024px\" \/><\/a><figcaption class=\"wp-element-caption\">Pflanzen Feuer<\/figcaption><\/figure>\n<\/div>\n\n\n\n<div class=\"wp-block-column is-layout-flow wp-block-column-is-layout-flow\">\n<figure class=\"wp-block-image size-large\"><a href=\"https:\/\/artistdesign.de\/blog\/wp-content\/uploads\/2024\/12\/Begegnung_3840-scaled.jpg\"><img loading=\"lazy\" decoding=\"async\" width=\"1024\" height=\"628\" src=\"https:\/\/artistdesign.de\/blog\/wp-content\/uploads\/2024\/12\/Begegnung_3840-1024x628.jpg\" alt=\"Die Begegnung  | The encounter  |  El encuentro\" class=\"wp-image-2539\" title=\"Die Begegnung  | The encounter  |  El encuentro\" srcset=\"https:\/\/artistdesign.de\/blog\/wp-content\/uploads\/2024\/12\/Begegnung_3840-1024x628.jpg 1024w, https:\/\/artistdesign.de\/blog\/wp-content\/uploads\/2024\/12\/Begegnung_3840-300x184.jpg 300w, https:\/\/artistdesign.de\/blog\/wp-content\/uploads\/2024\/12\/Begegnung_3840-768x471.jpg 768w, https:\/\/artistdesign.de\/blog\/wp-content\/uploads\/2024\/12\/Begegnung_3840-1536x942.jpg 1536w, https:\/\/artistdesign.de\/blog\/wp-content\/uploads\/2024\/12\/Begegnung_3840-2048x1255.jpg 2048w, https:\/\/artistdesign.de\/blog\/wp-content\/uploads\/2024\/12\/Begegnung_3840-1762x1080.jpg 1762w\" sizes=\"auto, (max-width: 1024px) 100vw, 1024px\" \/><\/a><figcaption class=\"wp-element-caption\">Die Begegnung <\/figcaption><\/figure>\n\n\n\n<figure class=\"wp-block-image size-large\"><a href=\"https:\/\/artistdesign.de\/blog\/wp-content\/uploads\/2024\/12\/Vertigo_3840-scaled.jpg\"><img loading=\"lazy\" decoding=\"async\" width=\"1024\" height=\"628\" src=\"https:\/\/artistdesign.de\/blog\/wp-content\/uploads\/2024\/12\/Vertigo_3840-1024x628.jpg\" alt=\"Drehsinn  |  Vertigo  |  Torbellino\" class=\"wp-image-2543\" title=\"Drehsinn  |  Vertigo  |  Torbellino\" srcset=\"https:\/\/artistdesign.de\/blog\/wp-content\/uploads\/2024\/12\/Vertigo_3840-1024x628.jpg 1024w, https:\/\/artistdesign.de\/blog\/wp-content\/uploads\/2024\/12\/Vertigo_3840-300x184.jpg 300w, https:\/\/artistdesign.de\/blog\/wp-content\/uploads\/2024\/12\/Vertigo_3840-768x471.jpg 768w, https:\/\/artistdesign.de\/blog\/wp-content\/uploads\/2024\/12\/Vertigo_3840-1536x942.jpg 1536w, https:\/\/artistdesign.de\/blog\/wp-content\/uploads\/2024\/12\/Vertigo_3840-2048x1255.jpg 2048w, https:\/\/artistdesign.de\/blog\/wp-content\/uploads\/2024\/12\/Vertigo_3840-1762x1080.jpg 1762w\" sizes=\"auto, (max-width: 1024px) 100vw, 1024px\" \/><\/a><figcaption class=\"wp-element-caption\">Vertigo<\/figcaption><\/figure>\n\n\n\n<figure class=\"wp-block-image size-large\"><a href=\"https:\/\/artistdesign.de\/blog\/wp-content\/uploads\/2024\/12\/Out-ofthe-Blue_3840-scaled.jpg\"><img loading=\"lazy\" decoding=\"async\" width=\"1024\" height=\"628\" src=\"https:\/\/artistdesign.de\/blog\/wp-content\/uploads\/2024\/12\/Out-ofthe-Blue_3840-1024x628.jpg\" alt=\"Ins Blaue hinein  |  Out of the blue  |  En la nada\" class=\"wp-image-2549\" title=\"Ins Blaue hinein  |  Out of the blue  |  En la nada\" srcset=\"https:\/\/artistdesign.de\/blog\/wp-content\/uploads\/2024\/12\/Out-ofthe-Blue_3840-1024x628.jpg 1024w, https:\/\/artistdesign.de\/blog\/wp-content\/uploads\/2024\/12\/Out-ofthe-Blue_3840-300x184.jpg 300w, https:\/\/artistdesign.de\/blog\/wp-content\/uploads\/2024\/12\/Out-ofthe-Blue_3840-768x471.jpg 768w, https:\/\/artistdesign.de\/blog\/wp-content\/uploads\/2024\/12\/Out-ofthe-Blue_3840-1536x942.jpg 1536w, https:\/\/artistdesign.de\/blog\/wp-content\/uploads\/2024\/12\/Out-ofthe-Blue_3840-2048x1255.jpg 2048w, https:\/\/artistdesign.de\/blog\/wp-content\/uploads\/2024\/12\/Out-ofthe-Blue_3840-1762x1080.jpg 1762w\" sizes=\"auto, (max-width: 1024px) 100vw, 1024px\" \/><\/a><figcaption class=\"wp-element-caption\">Out of the Blue<\/figcaption><\/figure>\n\n\n\n<figure class=\"wp-block-image size-large\"><a href=\"https:\/\/artistdesign.de\/blog\/wp-content\/uploads\/2024\/12\/LichtFluss_3840-scaled.jpg\"><img loading=\"lazy\" decoding=\"async\" width=\"1024\" height=\"628\" src=\"https:\/\/artistdesign.de\/blog\/wp-content\/uploads\/2024\/12\/LichtFluss_3840-1024x628.jpg\" alt=\"Lichter Fluss  |  Flow of light  |  Flujo luminoso\" class=\"wp-image-2553\" title=\"Lichter Fluss  |  Flow of light  |  Flujo luminoso\" srcset=\"https:\/\/artistdesign.de\/blog\/wp-content\/uploads\/2024\/12\/LichtFluss_3840-1024x628.jpg 1024w, https:\/\/artistdesign.de\/blog\/wp-content\/uploads\/2024\/12\/LichtFluss_3840-300x184.jpg 300w, https:\/\/artistdesign.de\/blog\/wp-content\/uploads\/2024\/12\/LichtFluss_3840-768x471.jpg 768w, https:\/\/artistdesign.de\/blog\/wp-content\/uploads\/2024\/12\/LichtFluss_3840-1536x942.jpg 1536w, https:\/\/artistdesign.de\/blog\/wp-content\/uploads\/2024\/12\/LichtFluss_3840-2048x1255.jpg 2048w, https:\/\/artistdesign.de\/blog\/wp-content\/uploads\/2024\/12\/LichtFluss_3840-1762x1080.jpg 1762w\" sizes=\"auto, (max-width: 1024px) 100vw, 1024px\" \/><\/a><figcaption class=\"wp-element-caption\">Lichter Fluss<\/figcaption><\/figure>\n\n\n\n<div class=\"wp-block-columns is-layout-flex wp-container-core-columns-is-layout-1 wp-block-columns-is-layout-flex\">\n<div class=\"wp-block-column is-layout-flow wp-block-column-is-layout-flow\"><\/div>\n<\/div>\n<\/div>\n<\/div>\n\n\n\n<h3 class=\"wp-block-heading\">Das Produkt<\/h3>\n\n\n\n<p>Der Wandkalender ist im Format DIN A3 quer angelegt. 13 Seiten, Papiergewicht 250 g, matt gl\u00e4nzend. Spiralbindung, silberfarben. <br>Bei allen Seiten handelt es sich um Reproduktionen auf Leinwand gemalter Bildwerke der Gr\u00f6\u00dfe 152 x 94 cm aus 2024. Meistens gemalt mit Tinte und Acryl, aber auch Wachs und Filzstift kommen zum Einsatz.<\/p>\n\n\n\n<h3 class=\"wp-block-heading\">Vom Schein zum Sein im Schein<\/h3>\n\n\n\n<p>Es ist immer heilsam, sich intuitiv-explorativ mit inneren Ideen zu besch\u00e4ftigen. Es kommen Bilder zum Vorschein, die sich bis dato im Verborgenen aufgehalten haben. Und dort auch geblieben w\u00e4ren, h\u00e4tte ich  im Entstehungsprozess eine intellektuelle Dominanz kultiviert, das Konstruierende \u00fcber das Intuitive gestellt. <br>Die Bilder stehen somit f\u00fcr sich selbst, ich versuche lieber nicht, sie zu bewerten, sie kunst- oder allgemeingeschichtlich einzuordnen oder gar vordergr\u00fcndig zu interpretieren anhand wiedererkennbarer Elemente.<br>In diesem Jahr enth\u00e4lt mein Kunstkalender keine vierzehnte Seite, warum? <br>Zum einen sind nur wenige wirklich an meinen Texten zur Lage des Zeitgeistes interessiert, zum anderen wissen diejenigen, die sie lesen, sowie schon Bescheid, da sie ihre eigene Recherche betrieben, also ihre Hausaufgaben gemacht haben.<\/p>\n\n\n\n<h3 class=\"wp-block-heading\">International Camel on Primate Change  <\/h3>\n\n\n\n<p>Auch in diesem Jahr enth\u00e4lt der Kunstkalender keine vierzehnte Seite zur Beschreibung des Zeitgeistes, warum? <br>Zum einen sind nur wenige wirklich an dieser Beschreibung interessiert, zum anderen wissen diejenigen, die sie verstehen und w\u00fcrdigen, sowie schon Bescheid, da sie ihre eigene Recherche betrieben haben.<br>Die meisten haben inzwischen bereits erkannt, dass alle bisherigen, auf Computersimulationen basierenden Katastrophenszenarien ma\u00dflos \u00fcbertrieben waren und vor allem dazu gef\u00fchrt haben, gro\u00dfe Bev\u00f6lkerungskreise in Angst und Schrecken zu versetzen. Nicht mehr und nicht weniger.<\/p>\n\n\n\n<p>Der Club of Rome (und MIT) haben sich m\u00e4chtig geirrt: 1981 ist nicht das letzte Gold gef\u00f6rdert, 1992 nicht der letzte Tropfen \u00d6l, auch wird nach 1994 nach wie vor Erdgas durch ungesprengte Pipelines gepumpt. Auch blieben Bev\u00f6lkerungsexplosionen und dadurch verursachtes Massensterben aus.<\/p>\n\n\n\n<p>In den letzten Jahren muss die Welt &#8218;klimatisch&#8216; gerettet werden. Ein Spurengas, das einen Volumenanteil von 0,042 % der Erdatmosph\u00e4re aufweist, m\u00fcsse unbedingt reduziert werden, um die &#8218;Klimakatastrophe&#8216; abzuwenden. Bei diesem Rettungsversuch wird einfach &#8218;vergessen&#8216;, dass Wasserdampf und Vulkanausbr\u00fcche deutlich mehr Einfluss auf die klimatischen Verh\u00e4ltnisse haben als der menschengemachte Anteil von ca. 5 % des atmosph\u00e4rischen Kohlendioxids. W\u00fcrden wir uns ma\u00dflos \u00fcbersch\u00e4tzenden Menschen und unsere Maschinen von diesem Planeten komplett verschwinden, verblieben in der Atmosph\u00e4re rechnerische 0,0399 %. In der Zeit des Mesozoikums, also zu Lebzeiten der Dinosaurier, war der Kohlendioxidgehalt der Luft bis zu 50-mal h\u00f6her als heute. Warm und feucht, ideal f\u00fcr das Pflanzenwachstum und damit auch f\u00fcr die vielfressenden Vegetarier unter den Sauriern.<\/p>\n\n\n\n<p>Das soll zun\u00e4chst einmal reichen. Ich kann nur allen Primaten raten, sich m\u00f6glichst bald zu ver\u00e4ndern, also aus dem Klima Kult auszusteigen, um sich dann ideologisch befreit ernsten Aufgaben widmen zu k\u00f6nnen!  <\/p>\n\n\n\n<p><strong style=\"background-color: transparent;\"><br><\/strong><br><\/p>\n","protected":false},"excerpt":{"rendered":"<p>12 prim\u00e4re Arten, sich die Welt an- oder sich in ihr umzusehen: Das Produkt Der Wandkalender ist im Format DIN A3 quer angelegt. 13 Seiten, Papiergewicht 250 g, matt gl\u00e4nzend. Spiralbindung, silberfarben. Bei allen Seiten handelt es sich um Reproduktionen auf Leinwand gemalter Bildwerke der Gr\u00f6\u00dfe 152 x 94 cm aus 2024. Meistens gemalt mit&hellip; <br \/> <a class=\"read-more\" href=\"https:\/\/artistdesign.de\/blog\/calendart-2025\">Weiterlesen<\/a><\/p>\n","protected":false},"author":2,"featured_media":0,"parent":0,"menu_order":0,"comment_status":"closed","ping_status":"closed","template":"","meta":{"ngg_post_thumbnail":0,"footnotes":""},"class_list":["post-2531","page","type-page","status-publish","hentry"],"_links":{"self":[{"href":"https:\/\/artistdesign.de\/blog\/wp-json\/wp\/v2\/pages\/2531","targetHints":{"allow":["GET"]}}],"collection":[{"href":"https:\/\/artistdesign.de\/blog\/wp-json\/wp\/v2\/pages"}],"about":[{"href":"https:\/\/artistdesign.de\/blog\/wp-json\/wp\/v2\/types\/page"}],"author":[{"embeddable":true,"href":"https:\/\/artistdesign.de\/blog\/wp-json\/wp\/v2\/users\/2"}],"replies":[{"embeddable":true,"href":"https:\/\/artistdesign.de\/blog\/wp-json\/wp\/v2\/comments?post=2531"}],"version-history":[{"count":17,"href":"https:\/\/artistdesign.de\/blog\/wp-json\/wp\/v2\/pages\/2531\/revisions"}],"predecessor-version":[{"id":2862,"href":"https:\/\/artistdesign.de\/blog\/wp-json\/wp\/v2\/pages\/2531\/revisions\/2862"}],"wp:attachment":[{"href":"https:\/\/artistdesign.de\/blog\/wp-json\/wp\/v2\/media?parent=2531"}],"curies":[{"name":"wp","href":"https:\/\/api.w.org\/{rel}","templated":true}]}}