{"id":265,"date":"2012-12-28T13:05:49","date_gmt":"2012-12-28T13:05:49","guid":{"rendered":"http:\/\/artistdesign.de\/blog\/?page_id=265"},"modified":"2014-06-23T18:14:14","modified_gmt":"2014-06-23T18:14:14","slug":"crusaders-artwork","status":"publish","type":"page","link":"https:\/\/artistdesign.de\/blog\/crusaders-artwork","title":{"rendered":"may Crusaders Artwork"},"content":{"rendered":"<p>Erst wenn wir alle bekehrt und auch den letzte Ungl\u00e4ubigen in sein Gegenteil kon- und pervertiert haben, kehrt zun\u00e4chst einmal Ruhe ein. Wir sehen uns dann selbst und entdecken unsere eigenen Unzul\u00e4nglichkeiten. Was bleibt \u00fcbrig, wenn wir versuchen, diese an uns selbst und an unseren Mitstreitern auszutherapieren?<\/p>\n<div id=\"attachment_233\" style=\"width: 1034px\" class=\"wp-caption alignleft\"><a href=\"https:\/\/artistdesign.de\/blog\/wp-content\/uploads\/2012\/12\/Fighters_Freedom.jpg\"><img loading=\"lazy\" decoding=\"async\" aria-describedby=\"caption-attachment-233\" class=\"size-full wp-image-233\" title=\"Fighters' Freedom\" src=\"https:\/\/artistdesign.de\/blog\/wp-content\/uploads\/2012\/12\/Fighters_Freedom.jpg\" alt=\"Wir zogen los, um zu kreuzen | We lost our religion to cruise\" width=\"1024\" height=\"628\" srcset=\"https:\/\/artistdesign.de\/blog\/wp-content\/uploads\/2012\/12\/Fighters_Freedom.jpg 1024w, https:\/\/artistdesign.de\/blog\/wp-content\/uploads\/2012\/12\/Fighters_Freedom-300x183.jpg 300w, https:\/\/artistdesign.de\/blog\/wp-content\/uploads\/2012\/12\/Fighters_Freedom-489x300.jpg 489w\" sizes=\"auto, (max-width: 1024px) 100vw, 1024px\" \/><\/a><p id=\"caption-attachment-233\" class=\"wp-caption-text\">Wir k\u00e4mpften f\u00fcr den Frieden | We were freedom fighters<\/p><\/div>\n<p>Only when we have con- and perverted all people, even the last unbelievers into their opposite, a certain kind of peace occurs. Now we discover ourselves and our own shortcomings. What remains, if we try to give therapy to ourselves and to our competitors?<\/p>\n<p><a title=\"April Scenery Artwork\" href=\"https:\/\/artistdesign.de\/blog\/april-scenery-artwork\">\u25c0<\/a> PREV\u00a0 \u263c\u00a0 NEXT <a title=\"June Iridescent Artwork\" href=\"https:\/\/artistdesign.de\/blog\/iridescent-artwork\">\u25ba<\/a><\/p>\n","protected":false},"excerpt":{"rendered":"<p>Erst wenn wir alle bekehrt und auch den letzte Ungl\u00e4ubigen in sein Gegenteil kon- und pervertiert haben, kehrt zun\u00e4chst einmal Ruhe ein. Wir sehen uns dann selbst und entdecken unsere eigenen Unzul\u00e4nglichkeiten. Was bleibt \u00fcbrig, wenn wir versuchen, diese an uns selbst und an unseren Mitstreitern auszutherapieren? Only when we have con- and perverted all&hellip; <br \/> <a class=\"read-more\" href=\"https:\/\/artistdesign.de\/blog\/crusaders-artwork\">Weiterlesen<\/a><\/p>\n","protected":false},"author":1,"featured_media":0,"parent":0,"menu_order":0,"comment_status":"open","ping_status":"closed","template":"sidebar-page.php","meta":{"ngg_post_thumbnail":0,"footnotes":""},"class_list":["post-265","page","type-page","status-publish","hentry"],"_links":{"self":[{"href":"https:\/\/artistdesign.de\/blog\/wp-json\/wp\/v2\/pages\/265","targetHints":{"allow":["GET"]}}],"collection":[{"href":"https:\/\/artistdesign.de\/blog\/wp-json\/wp\/v2\/pages"}],"about":[{"href":"https:\/\/artistdesign.de\/blog\/wp-json\/wp\/v2\/types\/page"}],"author":[{"embeddable":true,"href":"https:\/\/artistdesign.de\/blog\/wp-json\/wp\/v2\/users\/1"}],"replies":[{"embeddable":true,"href":"https:\/\/artistdesign.de\/blog\/wp-json\/wp\/v2\/comments?post=265"}],"version-history":[{"count":10,"href":"https:\/\/artistdesign.de\/blog\/wp-json\/wp\/v2\/pages\/265\/revisions"}],"predecessor-version":[{"id":780,"href":"https:\/\/artistdesign.de\/blog\/wp-json\/wp\/v2\/pages\/265\/revisions\/780"}],"wp:attachment":[{"href":"https:\/\/artistdesign.de\/blog\/wp-json\/wp\/v2\/media?parent=265"}],"curies":[{"name":"wp","href":"https:\/\/api.w.org\/{rel}","templated":true}]}}