{"id":2689,"date":"2025-02-15T21:07:14","date_gmt":"2025-02-15T21:07:14","guid":{"rendered":"https:\/\/artistdesign.de\/blog\/?page_id=2689"},"modified":"2025-06-12T18:48:35","modified_gmt":"2025-06-12T18:48:35","slug":"vision-in-fusion","status":"publish","type":"page","link":"https:\/\/artistdesign.de\/blog\/vision-in-fusion","title":{"rendered":"AUSSTELLUNG 2025"},"content":{"rendered":"\n<h2 class=\"wp-block-heading\">VISION in FUSION<\/h2>\n\n\n\n<p><strong>Kunstausstellung im Bremer Kunstverein Humboldt &amp; Schl\u00fcter .e.V.<\/strong> <\/p>\n\n\n\n<p>Es ist soweit: Clemens-Raphael Dethlefsen pr\u00e4sentierte ausgew\u00e4hltes, aktuelles <strong>ZEICHEN- UND MALGUT<\/strong> im Kunstverein Humboldt &amp; Schl\u00fcter e. V. im Bremer Viertel, Humboldtstra\u00dfe 67, 28203 Bremen. <br>Die Vernissage fand am Samstag, 22.02.2025 ab 19 Uhr statt. Der Kulturwissenschaftler Prof. Dr. Wolfgang Bock hielt eine Laudatio. <br>Die Finissage wurde zum 29.03.2025 ab 19 Uhr angesetzt. Zwischen Vernisssage und Finissage konnte die Galerie donnerstags bis samstags von 19 bis 22 Uhr besucht werden. <br>In den Bildern geht es um konkrete Abstraktion und abstrakte Konkretion, also um eine Fusion von reiner Vision und Wirken auf Sicht, von zu Sehendem und Gesehenem. Viele Bilder thematisieren den dynamischen Urgrund von Werden und Vergehen, vom Pulsieren im vorbegrifflichen Sein.<\/p>\n\n\n\n<figure class=\"wp-block-image size-large\"><img loading=\"lazy\" decoding=\"async\" width=\"1024\" height=\"488\" src=\"https:\/\/artistdesign.de\/blog\/wp-content\/uploads\/2025\/01\/2025_CleraDe-HuSchlu_VISIONinFUSION_Flyer_2048x976_RS-1024x488.jpg\" alt=\"VISION in FUSION\" class=\"wp-image-2630\" title=\"VISION in FUSION\" srcset=\"https:\/\/artistdesign.de\/blog\/wp-content\/uploads\/2025\/01\/2025_CleraDe-HuSchlu_VISIONinFUSION_Flyer_2048x976_RS-1024x488.jpg 1024w, https:\/\/artistdesign.de\/blog\/wp-content\/uploads\/2025\/01\/2025_CleraDe-HuSchlu_VISIONinFUSION_Flyer_2048x976_RS-300x143.jpg 300w, https:\/\/artistdesign.de\/blog\/wp-content\/uploads\/2025\/01\/2025_CleraDe-HuSchlu_VISIONinFUSION_Flyer_2048x976_RS-768x366.jpg 768w, https:\/\/artistdesign.de\/blog\/wp-content\/uploads\/2025\/01\/2025_CleraDe-HuSchlu_VISIONinFUSION_Flyer_2048x976_RS-1536x732.jpg 1536w, https:\/\/artistdesign.de\/blog\/wp-content\/uploads\/2025\/01\/2025_CleraDe-HuSchlu_VISIONinFUSION_Flyer_2048x976_RS-1920x915.jpg 1920w, https:\/\/artistdesign.de\/blog\/wp-content\/uploads\/2025\/01\/2025_CleraDe-HuSchlu_VISIONinFUSION_Flyer_2048x976_RS.jpg 2048w\" sizes=\"auto, (max-width: 1024px) 100vw, 1024px\" \/><\/figure>\n\n\n\n<p>Zu kompliziert? Die Bilder sind heiter bis wolkig, also barrierefrei, sofern der wahrnehmende Geist nicht meint, das Gesehene sofort verstehen oder interpretieren zu wollen. Es werden Bilder aus allen auf dieser Homepage vorgestellten Kategorien <em>Farbtraum, Farbgegend, Landed, Stranded<\/em> und <em>Humanimal <\/em>gezeigt. Dar\u00fcber hinaus solche, die sich bisher nur bedingt zuordnen lassen.<\/p>\n\n\n\n<figure class=\"wp-block-image size-large\"><img loading=\"lazy\" decoding=\"async\" width=\"1024\" height=\"290\" src=\"https:\/\/artistdesign.de\/blog\/wp-content\/uploads\/2025\/01\/U23Mal_1270_Pool-Wasser-Textur-1024x290.png\" alt=\"\" class=\"wp-image-2678\" srcset=\"https:\/\/artistdesign.de\/blog\/wp-content\/uploads\/2025\/01\/U23Mal_1270_Pool-Wasser-Textur-1024x290.png 1024w, https:\/\/artistdesign.de\/blog\/wp-content\/uploads\/2025\/01\/U23Mal_1270_Pool-Wasser-Textur-300x85.png 300w, https:\/\/artistdesign.de\/blog\/wp-content\/uploads\/2025\/01\/U23Mal_1270_Pool-Wasser-Textur-768x217.png 768w, https:\/\/artistdesign.de\/blog\/wp-content\/uploads\/2025\/01\/U23Mal_1270_Pool-Wasser-Textur-1536x434.png 1536w, https:\/\/artistdesign.de\/blog\/wp-content\/uploads\/2025\/01\/U23Mal_1270_Pool-Wasser-Textur-2048x579.png 2048w, https:\/\/artistdesign.de\/blog\/wp-content\/uploads\/2025\/01\/U23Mal_1270_Pool-Wasser-Textur-1920x543.png 1920w\" sizes=\"auto, (max-width: 1024px) 100vw, 1024px\" \/><\/figure>\n\n\n\n<iframe loading=\"lazy\" src=\"https:\/\/www.facebook.com\/plugins\/post.php?href=https%3A%2F%2Fwww.facebook.com%2Fthomasfotodesign%2Fposts%2Fpfbid02gLV9eyT8JGvwGbBtLGZ19UoYDLHqaKmNcMH5mZ9btb34r9Lb9Bocq45BZvDVKXrFl&#038;show_text=true&#038;width=500\" width=\"500\" height=\"723\" style=\"border:none;overflow:hidden\" scrolling=\"no\" frameborder=\"0\" allowfullscreen=\"true\" allow=\"autoplay; clipboard-write; encrypted-media; picture-in-picture; web-share\"><\/iframe>\n\n\n\n<figure class=\"wp-block-image size-large\"><img loading=\"lazy\" decoding=\"async\" width=\"1024\" height=\"290\" src=\"https:\/\/artistdesign.de\/blog\/wp-content\/uploads\/2025\/01\/U23Mal_1270_Pool-Wasser-Textur-1024x290.png\" alt=\"\" class=\"wp-image-2678\" srcset=\"https:\/\/artistdesign.de\/blog\/wp-content\/uploads\/2025\/01\/U23Mal_1270_Pool-Wasser-Textur-1024x290.png 1024w, https:\/\/artistdesign.de\/blog\/wp-content\/uploads\/2025\/01\/U23Mal_1270_Pool-Wasser-Textur-300x85.png 300w, https:\/\/artistdesign.de\/blog\/wp-content\/uploads\/2025\/01\/U23Mal_1270_Pool-Wasser-Textur-768x217.png 768w, https:\/\/artistdesign.de\/blog\/wp-content\/uploads\/2025\/01\/U23Mal_1270_Pool-Wasser-Textur-1536x434.png 1536w, https:\/\/artistdesign.de\/blog\/wp-content\/uploads\/2025\/01\/U23Mal_1270_Pool-Wasser-Textur-2048x579.png 2048w, https:\/\/artistdesign.de\/blog\/wp-content\/uploads\/2025\/01\/U23Mal_1270_Pool-Wasser-Textur-1920x543.png 1920w\" sizes=\"auto, (max-width: 1024px) 100vw, 1024px\" \/><\/figure>\n\n\n\n<p><strong>Ausstellung 2023<\/strong><\/p>\n\n\n\n<h2 class=\"wp-block-heading\"><a href=\"https:\/\/artistdesign.de\/blog\/pump-art-expo\" data-type=\"page\" data-id=\"2691\">&gt; LLES   FLIESST<\/a><\/h2>\n\n\n\n<p><\/p>\n\n\n\n<p><\/p>\n\n\n\n<p><\/p>\n\n\n\n<h2 class=\"wp-block-heading\"><\/h2>\n","protected":false},"excerpt":{"rendered":"<p>VISION in FUSION Kunstausstellung im Bremer Kunstverein Humboldt &amp; Schl\u00fcter .e.V. Es ist soweit: Clemens-Raphael Dethlefsen pr\u00e4sentierte ausgew\u00e4hltes, aktuelles ZEICHEN- UND MALGUT im Kunstverein Humboldt &amp; Schl\u00fcter e. V. im Bremer Viertel, Humboldtstra\u00dfe 67, 28203 Bremen. Die Vernissage fand am Samstag, 22.02.2025 ab 19 Uhr statt. Der Kulturwissenschaftler Prof. Dr. Wolfgang Bock hielt eine Laudatio.&hellip; <br \/> <a class=\"read-more\" href=\"https:\/\/artistdesign.de\/blog\/vision-in-fusion\">Weiterlesen<\/a><\/p>\n","protected":false},"author":2,"featured_media":0,"parent":0,"menu_order":0,"comment_status":"closed","ping_status":"closed","template":"","meta":{"ngg_post_thumbnail":0,"footnotes":""},"class_list":["post-2689","page","type-page","status-publish","hentry"],"_links":{"self":[{"href":"https:\/\/artistdesign.de\/blog\/wp-json\/wp\/v2\/pages\/2689","targetHints":{"allow":["GET"]}}],"collection":[{"href":"https:\/\/artistdesign.de\/blog\/wp-json\/wp\/v2\/pages"}],"about":[{"href":"https:\/\/artistdesign.de\/blog\/wp-json\/wp\/v2\/types\/page"}],"author":[{"embeddable":true,"href":"https:\/\/artistdesign.de\/blog\/wp-json\/wp\/v2\/users\/2"}],"replies":[{"embeddable":true,"href":"https:\/\/artistdesign.de\/blog\/wp-json\/wp\/v2\/comments?post=2689"}],"version-history":[{"count":8,"href":"https:\/\/artistdesign.de\/blog\/wp-json\/wp\/v2\/pages\/2689\/revisions"}],"predecessor-version":[{"id":2763,"href":"https:\/\/artistdesign.de\/blog\/wp-json\/wp\/v2\/pages\/2689\/revisions\/2763"}],"wp:attachment":[{"href":"https:\/\/artistdesign.de\/blog\/wp-json\/wp\/v2\/media?parent=2689"}],"curies":[{"name":"wp","href":"https:\/\/api.w.org\/{rel}","templated":true}]}}