{"id":272,"date":"2012-12-28T13:33:49","date_gmt":"2012-12-28T13:33:49","guid":{"rendered":"http:\/\/artistdesign.de\/blog\/?page_id=272"},"modified":"2014-06-23T18:19:38","modified_gmt":"2014-06-23T18:19:38","slug":"vie-en-rose-artwork","status":"publish","type":"page","link":"https:\/\/artistdesign.de\/blog\/vie-en-rose-artwork","title":{"rendered":"jul Vie en Rose  Artwork"},"content":{"rendered":"<p>Je gef\u00e4rbter die Brille, desto rosaroter scheint die Welt zu sein: Gl\u00fcck gehabt. Doch welcher Ern\u00fcchterung sind wir ausgesetzt, sobald wir den Filter ausschalten?<\/p>\n<div id=\"attachment_237\" style=\"width: 1034px\" class=\"wp-caption alignleft\"><a href=\"https:\/\/artistdesign.de\/blog\/wp-content\/uploads\/2012\/12\/La-vie-en-rose.jpg\"><img loading=\"lazy\" decoding=\"async\" aria-describedby=\"caption-attachment-237\" class=\"size-full wp-image-237\" title=\"La-vie-en-rose\" src=\"https:\/\/artistdesign.de\/blog\/wp-content\/uploads\/2012\/12\/La-vie-en-rose.jpg\" alt=\"Schwein gehabt, meine Brille ist gef\u00e4rbt | Luckily, my glasses are colored\" width=\"1024\" height=\"628\" srcset=\"https:\/\/artistdesign.de\/blog\/wp-content\/uploads\/2012\/12\/La-vie-en-rose.jpg 1024w, https:\/\/artistdesign.de\/blog\/wp-content\/uploads\/2012\/12\/La-vie-en-rose-300x183.jpg 300w, https:\/\/artistdesign.de\/blog\/wp-content\/uploads\/2012\/12\/La-vie-en-rose-489x300.jpg 489w\" sizes=\"auto, (max-width: 1024px) 100vw, 1024px\" \/><\/a><p id=\"caption-attachment-237\" class=\"wp-caption-text\">Schwein gehabt, meine Brille ist gef\u00e4rbt | Luckily,  my glasses are colored<\/p><\/div>\n<p>The stronger the pink glasses, the pinker the world seems to be. We&#8217;re so lucky. But we are exposed to strong disillusionment, once we turn off the filter.<\/p>\n<p><a title=\"June Iridescent Artwork\" href=\"https:\/\/artistdesign.de\/blog\/iridescent-artwork\">\u25c0<\/a> PREV\u00a0 \u263c\u00a0 NEXT <a title=\"August Fisherman\u2019s Artwork\" href=\"https:\/\/artistdesign.de\/blog\/fisherman-artwork\">\u25ba<\/a><\/p>\n","protected":false},"excerpt":{"rendered":"<p>Je gef\u00e4rbter die Brille, desto rosaroter scheint die Welt zu sein: Gl\u00fcck gehabt. Doch welcher Ern\u00fcchterung sind wir ausgesetzt, sobald wir den Filter ausschalten? The stronger the pink glasses, the pinker the world seems to be. We&#8217;re so lucky. But we are exposed to strong disillusionment, once we turn off the filter. \u25c0 PREV\u00a0 \u263c\u00a0&hellip; <br \/> <a class=\"read-more\" href=\"https:\/\/artistdesign.de\/blog\/vie-en-rose-artwork\">Weiterlesen<\/a><\/p>\n","protected":false},"author":1,"featured_media":0,"parent":0,"menu_order":0,"comment_status":"open","ping_status":"closed","template":"sidebar-page.php","meta":{"ngg_post_thumbnail":0,"footnotes":""},"class_list":["post-272","page","type-page","status-publish","hentry"],"_links":{"self":[{"href":"https:\/\/artistdesign.de\/blog\/wp-json\/wp\/v2\/pages\/272","targetHints":{"allow":["GET"]}}],"collection":[{"href":"https:\/\/artistdesign.de\/blog\/wp-json\/wp\/v2\/pages"}],"about":[{"href":"https:\/\/artistdesign.de\/blog\/wp-json\/wp\/v2\/types\/page"}],"author":[{"embeddable":true,"href":"https:\/\/artistdesign.de\/blog\/wp-json\/wp\/v2\/users\/1"}],"replies":[{"embeddable":true,"href":"https:\/\/artistdesign.de\/blog\/wp-json\/wp\/v2\/comments?post=272"}],"version-history":[{"count":8,"href":"https:\/\/artistdesign.de\/blog\/wp-json\/wp\/v2\/pages\/272\/revisions"}],"predecessor-version":[{"id":784,"href":"https:\/\/artistdesign.de\/blog\/wp-json\/wp\/v2\/pages\/272\/revisions\/784"}],"wp:attachment":[{"href":"https:\/\/artistdesign.de\/blog\/wp-json\/wp\/v2\/media?parent=272"}],"curies":[{"name":"wp","href":"https:\/\/api.w.org\/{rel}","templated":true}]}}