{"id":2781,"date":"2025-12-03T17:19:13","date_gmt":"2025-12-03T17:19:13","guid":{"rendered":"https:\/\/artistdesign.de\/blog\/?page_id=2781"},"modified":"2025-12-04T07:40:36","modified_gmt":"2025-12-04T07:40:36","slug":"calendart-2026","status":"publish","type":"page","link":"https:\/\/artistdesign.de\/blog\/calendart-2026","title":{"rendered":"CALENDART 2026  FOLLOW THE SILENCE"},"content":{"rendered":"\n<p><\/p>\n\n\n\n<figure class=\"wp-block-image size-large\"><a href=\"https:\/\/artistdesign.de\/blog\/wp-content\/uploads\/2025\/12\/Calendart-2026_Title_3840px-scaled.jpg\"><img loading=\"lazy\" decoding=\"async\" width=\"1024\" height=\"628\" src=\"https:\/\/artistdesign.de\/blog\/wp-content\/uploads\/2025\/12\/Calendart-2026_Title_3840px-1024x628.jpg\" alt=\"\" class=\"wp-image-2780\" style=\"object-fit:cover\" title=\"\" srcset=\"https:\/\/artistdesign.de\/blog\/wp-content\/uploads\/2025\/12\/Calendart-2026_Title_3840px-1024x628.jpg 1024w, https:\/\/artistdesign.de\/blog\/wp-content\/uploads\/2025\/12\/Calendart-2026_Title_3840px-300x184.jpg 300w, https:\/\/artistdesign.de\/blog\/wp-content\/uploads\/2025\/12\/Calendart-2026_Title_3840px-768x471.jpg 768w, https:\/\/artistdesign.de\/blog\/wp-content\/uploads\/2025\/12\/Calendart-2026_Title_3840px-1536x942.jpg 1536w, https:\/\/artistdesign.de\/blog\/wp-content\/uploads\/2025\/12\/Calendart-2026_Title_3840px-2048x1255.jpg 2048w, https:\/\/artistdesign.de\/blog\/wp-content\/uploads\/2025\/12\/Calendart-2026_Title_3840px-1762x1080.jpg 1762w\" sizes=\"auto, (max-width: 1024px) 100vw, 1024px\" \/><\/a><figcaption class=\"wp-element-caption\">FOLLOW THE SILENCE<\/figcaption><\/figure>\n\n\n\n<p><strong style=\"background-color: transparent;\">12 M\u00f6glichkeiten, der inneren Stille zu folgen und ihr Ausdruck zu verleihen.<\/strong><\/p>\n\n\n\n<div class=\"wp-block-columns is-layout-flex wp-container-core-columns-is-layout-2 wp-block-columns-is-layout-flex\">\n<div class=\"wp-block-column is-layout-flow wp-block-column-is-layout-flow\">\n<figure class=\"wp-block-image size-large\"><a href=\"https:\/\/artistdesign.de\/blog\/wp-content\/uploads\/2025\/12\/Quantensturm_3840px-scaled.jpg\"><img loading=\"lazy\" decoding=\"async\" width=\"1024\" height=\"628\" src=\"https:\/\/artistdesign.de\/blog\/wp-content\/uploads\/2025\/12\/Quantensturm_3840px-1024x628.jpg\" alt=\"Quantensturm | Quantum Tower | Torrenta cu\u00e1ntica\" class=\"wp-image-2779\" title=\"\" srcset=\"https:\/\/artistdesign.de\/blog\/wp-content\/uploads\/2025\/12\/Quantensturm_3840px-1024x628.jpg 1024w, https:\/\/artistdesign.de\/blog\/wp-content\/uploads\/2025\/12\/Quantensturm_3840px-300x184.jpg 300w, https:\/\/artistdesign.de\/blog\/wp-content\/uploads\/2025\/12\/Quantensturm_3840px-768x471.jpg 768w, https:\/\/artistdesign.de\/blog\/wp-content\/uploads\/2025\/12\/Quantensturm_3840px-1536x942.jpg 1536w, https:\/\/artistdesign.de\/blog\/wp-content\/uploads\/2025\/12\/Quantensturm_3840px-2048x1255.jpg 2048w, https:\/\/artistdesign.de\/blog\/wp-content\/uploads\/2025\/12\/Quantensturm_3840px-1762x1080.jpg 1762w\" sizes=\"auto, (max-width: 1024px) 100vw, 1024px\" \/><\/a><figcaption class=\"wp-element-caption\"><a href=\"https:\/\/artistdesign.de\/blog\/quantum-tower\" data-type=\"page\" data-id=\"2815\" target=\"_blank\" rel=\"noreferrer noopener\">Quantensturm<\/a><\/figcaption><\/figure>\n\n\n\n<figure class=\"wp-block-image size-large\"><a href=\"https:\/\/artistdesign.de\/blog\/wp-content\/uploads\/2025\/12\/WolkenHeim_3840px-scaled.jpg\"><img loading=\"lazy\" decoding=\"async\" width=\"1024\" height=\"628\" src=\"https:\/\/artistdesign.de\/blog\/wp-content\/uploads\/2025\/12\/WolkenHeim_3840px-1024x628.jpg\" alt=\"Wolkenheim | Cloudy home | Casa nublada\" class=\"wp-image-2776\" title=\"\" srcset=\"https:\/\/artistdesign.de\/blog\/wp-content\/uploads\/2025\/12\/WolkenHeim_3840px-1024x628.jpg 1024w, https:\/\/artistdesign.de\/blog\/wp-content\/uploads\/2025\/12\/WolkenHeim_3840px-300x184.jpg 300w, https:\/\/artistdesign.de\/blog\/wp-content\/uploads\/2025\/12\/WolkenHeim_3840px-768x471.jpg 768w, https:\/\/artistdesign.de\/blog\/wp-content\/uploads\/2025\/12\/WolkenHeim_3840px-1536x942.jpg 1536w, https:\/\/artistdesign.de\/blog\/wp-content\/uploads\/2025\/12\/WolkenHeim_3840px-2048x1255.jpg 2048w, https:\/\/artistdesign.de\/blog\/wp-content\/uploads\/2025\/12\/WolkenHeim_3840px-1762x1080.jpg 1762w\" sizes=\"auto, (max-width: 1024px) 100vw, 1024px\" \/><\/a><figcaption class=\"wp-element-caption\"><a href=\"https:\/\/artistdesign.de\/blog\/cloudy-home\" data-type=\"page\" data-id=\"2809\" target=\"_blank\" rel=\"noreferrer noopener\">Wolkenheim<\/a><\/figcaption><\/figure>\n\n\n\n<figure class=\"wp-block-image size-large\"><a href=\"https:\/\/artistdesign.de\/blog\/wp-content\/uploads\/2025\/12\/PenInsula-DanGer_3840px-scaled.jpg\"><img loading=\"lazy\" decoding=\"async\" width=\"1024\" height=\"628\" src=\"https:\/\/artistdesign.de\/blog\/wp-content\/uploads\/2025\/12\/PenInsula-DanGer_3840px-1024x628.jpg\" alt=\"Halb Insel Halb Danger | Pen insula Pencil danger | Pen\u00ednsula en peligro\" class=\"wp-image-2773\" title=\"\" srcset=\"https:\/\/artistdesign.de\/blog\/wp-content\/uploads\/2025\/12\/PenInsula-DanGer_3840px-1024x628.jpg 1024w, https:\/\/artistdesign.de\/blog\/wp-content\/uploads\/2025\/12\/PenInsula-DanGer_3840px-300x184.jpg 300w, https:\/\/artistdesign.de\/blog\/wp-content\/uploads\/2025\/12\/PenInsula-DanGer_3840px-768x471.jpg 768w, https:\/\/artistdesign.de\/blog\/wp-content\/uploads\/2025\/12\/PenInsula-DanGer_3840px-1536x942.jpg 1536w, https:\/\/artistdesign.de\/blog\/wp-content\/uploads\/2025\/12\/PenInsula-DanGer_3840px-2048x1255.jpg 2048w, https:\/\/artistdesign.de\/blog\/wp-content\/uploads\/2025\/12\/PenInsula-DanGer_3840px-1762x1080.jpg 1762w\" sizes=\"auto, (max-width: 1024px) 100vw, 1024px\" \/><\/a><figcaption class=\"wp-element-caption\"><a href=\"https:\/\/artistdesign.de\/blog\/pen-insula\" data-type=\"page\" data-id=\"2802\" target=\"_blank\" rel=\"noreferrer noopener\">Halb Insel Halb Danger<\/a><\/figcaption><\/figure>\n\n\n\n<figure class=\"wp-block-image size-large\"><a href=\"https:\/\/artistdesign.de\/blog\/wp-content\/uploads\/2025\/12\/IslasIntensas_3840px-scaled.jpg\"><img loading=\"lazy\" decoding=\"async\" width=\"1024\" height=\"628\" src=\"https:\/\/artistdesign.de\/blog\/wp-content\/uploads\/2025\/12\/IslasIntensas_3840px-1024x628.jpg\" alt=\"Intensive Inseln | Intense Islands | Islas islandesas\" class=\"wp-image-2770\" title=\"\" srcset=\"https:\/\/artistdesign.de\/blog\/wp-content\/uploads\/2025\/12\/IslasIntensas_3840px-1024x628.jpg 1024w, https:\/\/artistdesign.de\/blog\/wp-content\/uploads\/2025\/12\/IslasIntensas_3840px-300x184.jpg 300w, https:\/\/artistdesign.de\/blog\/wp-content\/uploads\/2025\/12\/IslasIntensas_3840px-768x471.jpg 768w, https:\/\/artistdesign.de\/blog\/wp-content\/uploads\/2025\/12\/IslasIntensas_3840px-1536x942.jpg 1536w, https:\/\/artistdesign.de\/blog\/wp-content\/uploads\/2025\/12\/IslasIntensas_3840px-2048x1255.jpg 2048w, https:\/\/artistdesign.de\/blog\/wp-content\/uploads\/2025\/12\/IslasIntensas_3840px-1762x1080.jpg 1762w\" sizes=\"auto, (max-width: 1024px) 100vw, 1024px\" \/><\/a><figcaption class=\"wp-element-caption\"><a href=\"https:\/\/artistdesign.de\/blog\/intense-islands\" data-type=\"page\" data-id=\"2796\" target=\"_blank\" rel=\"noreferrer noopener\">Intensive Inseln<\/a><\/figcaption><\/figure>\n<\/div>\n\n\n\n<div class=\"wp-block-column is-layout-flow wp-block-column-is-layout-flow\">\n<figure class=\"wp-block-image size-large\"><a href=\"https:\/\/artistdesign.de\/blog\/wp-content\/uploads\/2025\/12\/ZweitRAUM_2TRAUM_3840px-scaled.jpg\"><img loading=\"lazy\" decoding=\"async\" width=\"1024\" height=\"628\" src=\"https:\/\/artistdesign.de\/blog\/wp-content\/uploads\/2025\/12\/ZweitRAUM_2TRAUM_3840px-1024x628.jpg\" alt=\"Zweitraum | Two dreams | Segunda habitaci\u00f3n\" class=\"wp-image-2778\" title=\"\" srcset=\"https:\/\/artistdesign.de\/blog\/wp-content\/uploads\/2025\/12\/ZweitRAUM_2TRAUM_3840px-1024x628.jpg 1024w, https:\/\/artistdesign.de\/blog\/wp-content\/uploads\/2025\/12\/ZweitRAUM_2TRAUM_3840px-300x184.jpg 300w, https:\/\/artistdesign.de\/blog\/wp-content\/uploads\/2025\/12\/ZweitRAUM_2TRAUM_3840px-768x471.jpg 768w, https:\/\/artistdesign.de\/blog\/wp-content\/uploads\/2025\/12\/ZweitRAUM_2TRAUM_3840px-1536x942.jpg 1536w, https:\/\/artistdesign.de\/blog\/wp-content\/uploads\/2025\/12\/ZweitRAUM_2TRAUM_3840px-2048x1255.jpg 2048w, https:\/\/artistdesign.de\/blog\/wp-content\/uploads\/2025\/12\/ZweitRAUM_2TRAUM_3840px-1762x1080.jpg 1762w\" sizes=\"auto, (max-width: 1024px) 100vw, 1024px\" \/><\/a><figcaption class=\"wp-element-caption\"><a href=\"https:\/\/artistdesign.de\/blog\/2-dream\" data-type=\"page\" data-id=\"2813\" target=\"_blank\" rel=\"noreferrer noopener\">Zweitraum<\/a><\/figcaption><\/figure>\n\n\n\n<figure class=\"wp-block-image size-large\"><a href=\"https:\/\/artistdesign.de\/blog\/wp-content\/uploads\/2025\/12\/PfanzenHotel_3840px-scaled.jpg\"><img loading=\"lazy\" decoding=\"async\" width=\"1024\" height=\"628\" src=\"https:\/\/artistdesign.de\/blog\/wp-content\/uploads\/2025\/12\/PfanzenHotel_3840px-1024x628.jpg\" alt=\"Pflanzenhotel | Planned Planting | Reserva de plantas\" class=\"wp-image-2775\" title=\"\" srcset=\"https:\/\/artistdesign.de\/blog\/wp-content\/uploads\/2025\/12\/PfanzenHotel_3840px-1024x628.jpg 1024w, https:\/\/artistdesign.de\/blog\/wp-content\/uploads\/2025\/12\/PfanzenHotel_3840px-300x184.jpg 300w, https:\/\/artistdesign.de\/blog\/wp-content\/uploads\/2025\/12\/PfanzenHotel_3840px-768x471.jpg 768w, https:\/\/artistdesign.de\/blog\/wp-content\/uploads\/2025\/12\/PfanzenHotel_3840px-1536x942.jpg 1536w, https:\/\/artistdesign.de\/blog\/wp-content\/uploads\/2025\/12\/PfanzenHotel_3840px-2048x1255.jpg 2048w, https:\/\/artistdesign.de\/blog\/wp-content\/uploads\/2025\/12\/PfanzenHotel_3840px-1762x1080.jpg 1762w\" sizes=\"auto, (max-width: 1024px) 100vw, 1024px\" \/><\/a><figcaption class=\"wp-element-caption\"><a href=\"https:\/\/artistdesign.de\/blog\/planned-planting\" data-type=\"page\" data-id=\"2807\" target=\"_blank\" rel=\"noreferrer noopener\">Pflanzenhotel<\/a><\/figcaption><\/figure>\n\n\n\n<figure class=\"wp-block-image size-large\"><a href=\"https:\/\/artistdesign.de\/blog\/wp-content\/uploads\/2025\/12\/Pertussis_3840px-scaled.jpg\"><img loading=\"lazy\" decoding=\"async\" width=\"1024\" height=\"628\" src=\"https:\/\/artistdesign.de\/blog\/wp-content\/uploads\/2025\/12\/Pertussis_3840px-1024x628.jpg\" alt=\"Per Tussis | For females | Para putas\" class=\"wp-image-2772\" title=\"\" srcset=\"https:\/\/artistdesign.de\/blog\/wp-content\/uploads\/2025\/12\/Pertussis_3840px-1024x628.jpg 1024w, https:\/\/artistdesign.de\/blog\/wp-content\/uploads\/2025\/12\/Pertussis_3840px-300x184.jpg 300w, https:\/\/artistdesign.de\/blog\/wp-content\/uploads\/2025\/12\/Pertussis_3840px-768x471.jpg 768w, https:\/\/artistdesign.de\/blog\/wp-content\/uploads\/2025\/12\/Pertussis_3840px-1536x942.jpg 1536w, https:\/\/artistdesign.de\/blog\/wp-content\/uploads\/2025\/12\/Pertussis_3840px-2048x1255.jpg 2048w, https:\/\/artistdesign.de\/blog\/wp-content\/uploads\/2025\/12\/Pertussis_3840px-1762x1080.jpg 1762w\" sizes=\"auto, (max-width: 1024px) 100vw, 1024px\" \/><\/a><figcaption class=\"wp-element-caption\"><a href=\"https:\/\/artistdesign.de\/blog\/for-females\" data-type=\"page\" data-id=\"2800\" target=\"_blank\" rel=\"noreferrer noopener\">Per Tussis<\/a><\/figcaption><\/figure>\n\n\n\n<figure class=\"wp-block-image size-large\"><a href=\"https:\/\/artistdesign.de\/blog\/wp-content\/uploads\/2025\/12\/HerbstFuerWald-01_3840px-scaled.jpg\"><img loading=\"lazy\" decoding=\"async\" width=\"1024\" height=\"628\" src=\"https:\/\/artistdesign.de\/blog\/wp-content\/uploads\/2025\/12\/HerbstFuerWald-01_3840px-1024x628.jpg\" alt=\"Herbst f\u00fcr Wald | For fall For rest | Oto\u00f1o para bosque\" class=\"wp-image-2769\" title=\"\" srcset=\"https:\/\/artistdesign.de\/blog\/wp-content\/uploads\/2025\/12\/HerbstFuerWald-01_3840px-1024x628.jpg 1024w, https:\/\/artistdesign.de\/blog\/wp-content\/uploads\/2025\/12\/HerbstFuerWald-01_3840px-300x184.jpg 300w, https:\/\/artistdesign.de\/blog\/wp-content\/uploads\/2025\/12\/HerbstFuerWald-01_3840px-768x471.jpg 768w, https:\/\/artistdesign.de\/blog\/wp-content\/uploads\/2025\/12\/HerbstFuerWald-01_3840px-1536x942.jpg 1536w, https:\/\/artistdesign.de\/blog\/wp-content\/uploads\/2025\/12\/HerbstFuerWald-01_3840px-2048x1255.jpg 2048w, https:\/\/artistdesign.de\/blog\/wp-content\/uploads\/2025\/12\/HerbstFuerWald-01_3840px-1762x1080.jpg 1762w\" sizes=\"auto, (max-width: 1024px) 100vw, 1024px\" \/><\/a><figcaption class=\"wp-element-caption\"><a href=\"https:\/\/artistdesign.de\/blog\/fall-for-rest\" data-type=\"page\" data-id=\"2794\" target=\"_blank\" rel=\"noreferrer noopener\">Herbst f\u00fcr Wald<\/a><\/figcaption><\/figure>\n<\/div>\n\n\n\n<div class=\"wp-block-column is-layout-flow wp-block-column-is-layout-flow\">\n<figure class=\"wp-block-image size-large\"><a href=\"https:\/\/artistdesign.de\/blog\/wp-content\/uploads\/2025\/12\/FlowField_3840px-scaled.jpg\"><img loading=\"lazy\" decoding=\"async\" width=\"1024\" height=\"628\" src=\"https:\/\/artistdesign.de\/blog\/wp-content\/uploads\/2025\/12\/FlowField_3840px-1024x628.jpg\" alt=\"Flie\u00dffeld  | Flowfield  |  Flujo de fondo \" class=\"wp-image-2777\" title=\"\" srcset=\"https:\/\/artistdesign.de\/blog\/wp-content\/uploads\/2025\/12\/FlowField_3840px-1024x628.jpg 1024w, https:\/\/artistdesign.de\/blog\/wp-content\/uploads\/2025\/12\/FlowField_3840px-300x184.jpg 300w, https:\/\/artistdesign.de\/blog\/wp-content\/uploads\/2025\/12\/FlowField_3840px-768x471.jpg 768w, https:\/\/artistdesign.de\/blog\/wp-content\/uploads\/2025\/12\/FlowField_3840px-1536x942.jpg 1536w, https:\/\/artistdesign.de\/blog\/wp-content\/uploads\/2025\/12\/FlowField_3840px-2048x1255.jpg 2048w, https:\/\/artistdesign.de\/blog\/wp-content\/uploads\/2025\/12\/FlowField_3840px-1762x1080.jpg 1762w\" sizes=\"auto, (max-width: 1024px) 100vw, 1024px\" \/><\/a><figcaption class=\"wp-element-caption\"><a href=\"https:\/\/artistdesign.de\/blog\/flowfield\" data-type=\"page\" data-id=\"2811\" target=\"_blank\" rel=\"noreferrer noopener\">Flie\u00dffeld<\/a><\/figcaption><\/figure>\n\n\n\n<figure class=\"wp-block-image size-large\"><a href=\"https:\/\/artistdesign.de\/blog\/wp-content\/uploads\/2025\/12\/SommerSonnenWind_3840px-scaled.jpg\"><img loading=\"lazy\" decoding=\"async\" width=\"1024\" height=\"628\" src=\"https:\/\/artistdesign.de\/blog\/wp-content\/uploads\/2025\/12\/SommerSonnenWind_3840px-1024x628.jpg\" alt=\"SommerSonnenWind | Summer solar wind | Viento solar de verano\" class=\"wp-image-2774\" title=\"\" srcset=\"https:\/\/artistdesign.de\/blog\/wp-content\/uploads\/2025\/12\/SommerSonnenWind_3840px-1024x628.jpg 1024w, https:\/\/artistdesign.de\/blog\/wp-content\/uploads\/2025\/12\/SommerSonnenWind_3840px-300x184.jpg 300w, https:\/\/artistdesign.de\/blog\/wp-content\/uploads\/2025\/12\/SommerSonnenWind_3840px-768x471.jpg 768w, https:\/\/artistdesign.de\/blog\/wp-content\/uploads\/2025\/12\/SommerSonnenWind_3840px-1536x942.jpg 1536w, https:\/\/artistdesign.de\/blog\/wp-content\/uploads\/2025\/12\/SommerSonnenWind_3840px-2048x1255.jpg 2048w, https:\/\/artistdesign.de\/blog\/wp-content\/uploads\/2025\/12\/SommerSonnenWind_3840px-1762x1080.jpg 1762w\" sizes=\"auto, (max-width: 1024px) 100vw, 1024px\" \/><\/a><figcaption class=\"wp-element-caption\"><a href=\"https:\/\/artistdesign.de\/blog\/summer-solar-wind\" data-type=\"page\" data-id=\"2804\" target=\"_blank\" rel=\"noreferrer noopener\">SommerSonnenWind<\/a><\/figcaption><\/figure>\n\n\n\n<figure class=\"wp-block-image size-large\"><a href=\"https:\/\/artistdesign.de\/blog\/wp-content\/uploads\/2025\/12\/Plantarchie_3840px-scaled.jpg\"><img loading=\"lazy\" decoding=\"async\" width=\"1024\" height=\"628\" src=\"https:\/\/artistdesign.de\/blog\/wp-content\/uploads\/2025\/12\/Plantarchie_3840px-1024x628.jpg\" alt=\"Plantarchie | Power Plant | Panarch\u00eda \" class=\"wp-image-2771\" title=\"\" srcset=\"https:\/\/artistdesign.de\/blog\/wp-content\/uploads\/2025\/12\/Plantarchie_3840px-1024x628.jpg 1024w, https:\/\/artistdesign.de\/blog\/wp-content\/uploads\/2025\/12\/Plantarchie_3840px-300x184.jpg 300w, https:\/\/artistdesign.de\/blog\/wp-content\/uploads\/2025\/12\/Plantarchie_3840px-768x471.jpg 768w, https:\/\/artistdesign.de\/blog\/wp-content\/uploads\/2025\/12\/Plantarchie_3840px-1536x942.jpg 1536w, https:\/\/artistdesign.de\/blog\/wp-content\/uploads\/2025\/12\/Plantarchie_3840px-2048x1255.jpg 2048w, https:\/\/artistdesign.de\/blog\/wp-content\/uploads\/2025\/12\/Plantarchie_3840px-1762x1080.jpg 1762w\" sizes=\"auto, (max-width: 1024px) 100vw, 1024px\" \/><\/a><figcaption class=\"wp-element-caption\"><a href=\"https:\/\/artistdesign.de\/blog\/power-plant\" data-type=\"page\" data-id=\"2798\" target=\"_blank\" rel=\"noreferrer noopener\">Plantarchie<\/a><\/figcaption><\/figure>\n\n\n\n<figure class=\"wp-block-image size-large\"><a href=\"https:\/\/artistdesign.de\/blog\/wp-content\/uploads\/2025\/12\/KosmoGenese_3840px-scaled.jpg\"><img loading=\"lazy\" decoding=\"async\" width=\"1024\" height=\"628\" src=\"https:\/\/artistdesign.de\/blog\/wp-content\/uploads\/2025\/12\/KosmoGenese_3840px-1024x628.jpg\" alt=\"Kosmogenese | Cosmic genesis | G\u00e9nesis cosm(\u00e9t)ica\" class=\"wp-image-2768\" title=\"\" srcset=\"https:\/\/artistdesign.de\/blog\/wp-content\/uploads\/2025\/12\/KosmoGenese_3840px-1024x628.jpg 1024w, https:\/\/artistdesign.de\/blog\/wp-content\/uploads\/2025\/12\/KosmoGenese_3840px-300x184.jpg 300w, https:\/\/artistdesign.de\/blog\/wp-content\/uploads\/2025\/12\/KosmoGenese_3840px-768x471.jpg 768w, https:\/\/artistdesign.de\/blog\/wp-content\/uploads\/2025\/12\/KosmoGenese_3840px-1536x942.jpg 1536w, https:\/\/artistdesign.de\/blog\/wp-content\/uploads\/2025\/12\/KosmoGenese_3840px-2048x1255.jpg 2048w, https:\/\/artistdesign.de\/blog\/wp-content\/uploads\/2025\/12\/KosmoGenese_3840px-1762x1080.jpg 1762w\" sizes=\"auto, (max-width: 1024px) 100vw, 1024px\" \/><\/a><figcaption class=\"wp-element-caption\"><a href=\"https:\/\/artistdesign.de\/blog\/kosmogenese\" data-type=\"page\" data-id=\"2791\" target=\"_blank\" rel=\"noreferrer noopener\">Kosmogenese<\/a><\/figcaption><\/figure>\n\n\n\n<div class=\"wp-block-columns is-layout-flex wp-container-core-columns-is-layout-1 wp-block-columns-is-layout-flex\">\n<div class=\"wp-block-column is-layout-flow wp-block-column-is-layout-flow\"><\/div>\n<\/div>\n<\/div>\n<\/div>\n\n\n\n<h3 class=\"wp-block-heading\">Das Produkt<\/h3>\n\n\n\n<p>Der Wandkalender ist im Format DIN A3 quer angelegt. 13 Seiten, Papiergewicht 250 g, matt gl\u00e4nzend. silberfarbene Spiralbindung. <br>Bei allen Seiten handelt es sich um Reproduktionen auf Leinwand gemalter Bildwerke der Gr\u00f6\u00dfe 150 x 90 cm aus dem Schaffensjahr 2025. Vorwiegend gemalt, gespritzt, gewischt mit Tinte und Acryl, aber auch Wachs und Filzstift kommen zum Einsatz.<\/p>\n\n\n\n<h3 class=\"wp-block-heading\">Vom Sein zum sinnlichen Schein<\/h3>\n\n\n\n<p>Was auch immer das Bildermalen ausmacht, es geht selten um das Ergebnis. Vielmehr f\u00fchrt das Auseinandersetzen mit Idee, Material und Inspiration immer zu unerwarteten Kreationen, die auch von mir als Gestaltendem zun\u00e4chst verdaut werden m\u00fcssen. Ist das die richtige Farbgebung, ist das zu scharfe, zu viel oder zu aufgeweichte Form? Stellt das Bild ein Plagiat dar, eine freiwillige Selbstkopie bestehenden Materials, dreht sich die Gestaltung im Kreise, oder aber bestimmt das Gehirn mit seinen Prinzipien die Anordnung der Elemente? <br>Ich versuche also, im Augenblick des Gestaltens authentisch zu bleiben, um mich dann sp\u00e4ter selbst \u00fcberraschen lassen zu k\u00f6nnen.<\/p>\n\n\n\n<h3 class=\"wp-block-heading\">Follow the Silence<\/h3>\n\n\n\n<p>Auch in diesem Jahr enth\u00e4lt der Kunstkalender genau dreizehn Seiten, eine vierzehnte zur Beschreibung des Zeitgeistes ist nicht aufgebaut. <\/p>\n\n\n\n<p>FOLLOW THE SILENCE ist eine poetische Umschreibung, eine Aufforderung an den Betrachter, der eigenen inneren Stimme zu folgen statt sich der medialen Meinungsmacht und Deutungshoheit zu beugen.<\/p>\n\n\n\n<p>Seit Jahren t\u00f6nt es  &#8218;Follow the science&#8216;, womit allerdings nicht gemeint ist, dem wissenschaftlichen Diskurs zu folgen oder gar an ihm teilzunehmen, sondern grob vereinfachten Thesen, die medial als Konsens dargestellt werden, zu folgen. Daher sprechen die wenigen verbliebenen kritischen Stimmen von &#8218;Follow the money&#8216;, um zu erkl\u00e4ren, welche Studien von wem zu welchem Zweck gef\u00f6rdert und ergebnisbeschr\u00e4nkt durchgef\u00fchrt werden. <\/p>\n\n\n\n<p>Ich empfehle \u00fcbrigens jedem, sich den Dokumentarfilm &#8218;Follow the silenced&#8216; anzusehen, der sehr eindr\u00fccklich die Kehrseite der offiziell gefahrenen, wissenschaftlichen &#8218;Wahrheit&#8216; mit all ihren Nebenwirkungen beschreibt: <a href=\"https:\/\/followthesilenced.com\/\" target=\"_blank\" rel=\"noreferrer noopener\">Follow The Silenced<\/a><\/p>\n\n\n\n<p><\/p>\n\n\n\n<p><strong style=\"background-color: transparent;\"><br><\/strong><br><\/p>\n","protected":false},"excerpt":{"rendered":"<p>12 M\u00f6glichkeiten, der inneren Stille zu folgen und ihr Ausdruck zu verleihen. Das Produkt Der Wandkalender ist im Format DIN A3 quer angelegt. 13 Seiten, Papiergewicht 250 g, matt gl\u00e4nzend. silberfarbene Spiralbindung. Bei allen Seiten handelt es sich um Reproduktionen auf Leinwand gemalter Bildwerke der Gr\u00f6\u00dfe 150 x 90 cm aus dem Schaffensjahr 2025. Vorwiegend&hellip; <br \/> <a class=\"read-more\" href=\"https:\/\/artistdesign.de\/blog\/calendart-2026\">Weiterlesen<\/a><\/p>\n","protected":false},"author":2,"featured_media":0,"parent":0,"menu_order":0,"comment_status":"closed","ping_status":"closed","template":"","meta":{"ngg_post_thumbnail":0,"footnotes":""},"class_list":["post-2781","page","type-page","status-publish","hentry"],"_links":{"self":[{"href":"https:\/\/artistdesign.de\/blog\/wp-json\/wp\/v2\/pages\/2781","targetHints":{"allow":["GET"]}}],"collection":[{"href":"https:\/\/artistdesign.de\/blog\/wp-json\/wp\/v2\/pages"}],"about":[{"href":"https:\/\/artistdesign.de\/blog\/wp-json\/wp\/v2\/types\/page"}],"author":[{"embeddable":true,"href":"https:\/\/artistdesign.de\/blog\/wp-json\/wp\/v2\/users\/2"}],"replies":[{"embeddable":true,"href":"https:\/\/artistdesign.de\/blog\/wp-json\/wp\/v2\/comments?post=2781"}],"version-history":[{"count":13,"href":"https:\/\/artistdesign.de\/blog\/wp-json\/wp\/v2\/pages\/2781\/revisions"}],"predecessor-version":[{"id":2860,"href":"https:\/\/artistdesign.de\/blog\/wp-json\/wp\/v2\/pages\/2781\/revisions\/2860"}],"wp:attachment":[{"href":"https:\/\/artistdesign.de\/blog\/wp-json\/wp\/v2\/media?parent=2781"}],"curies":[{"name":"wp","href":"https:\/\/api.w.org\/{rel}","templated":true}]}}