{"id":2811,"date":"2025-12-03T18:49:13","date_gmt":"2025-12-03T18:49:13","guid":{"rendered":"https:\/\/artistdesign.de\/blog\/?page_id=2811"},"modified":"2025-12-03T19:17:20","modified_gmt":"2025-12-03T19:17:20","slug":"flowfield","status":"publish","type":"page","link":"https:\/\/artistdesign.de\/blog\/flowfield","title":{"rendered":"mar  Flie\u00dffeld"},"content":{"rendered":"\n<p><\/p>\n\n\n<div class=\"wp-block-image\">\n<figure class=\"alignleft size-large\"><a href=\"https:\/\/artistdesign.de\/blog\/wp-content\/uploads\/2025\/12\/FlowField_3840px-scaled.jpg\"><img loading=\"lazy\" decoding=\"async\" width=\"1024\" height=\"628\" src=\"https:\/\/artistdesign.de\/blog\/wp-content\/uploads\/2025\/12\/FlowField_3840px-1024x628.jpg\" alt=\"Flie\u00dffeld | Flowfield | Flujo de fondo\" class=\"wp-image-2777\" srcset=\"https:\/\/artistdesign.de\/blog\/wp-content\/uploads\/2025\/12\/FlowField_3840px-1024x628.jpg 1024w, https:\/\/artistdesign.de\/blog\/wp-content\/uploads\/2025\/12\/FlowField_3840px-300x184.jpg 300w, https:\/\/artistdesign.de\/blog\/wp-content\/uploads\/2025\/12\/FlowField_3840px-768x471.jpg 768w, https:\/\/artistdesign.de\/blog\/wp-content\/uploads\/2025\/12\/FlowField_3840px-1536x942.jpg 1536w, https:\/\/artistdesign.de\/blog\/wp-content\/uploads\/2025\/12\/FlowField_3840px-2048x1255.jpg 2048w, https:\/\/artistdesign.de\/blog\/wp-content\/uploads\/2025\/12\/FlowField_3840px-1762x1080.jpg 1762w\" sizes=\"auto, (max-width: 1024px) 100vw, 1024px\" \/><\/a><figcaption class=\"wp-element-caption\">Flie\u00dffeld | Flowfield | Flujo de fondo<\/figcaption><\/figure><\/div>\n\n\n<p>Ink and acrylic on canvas, approx. 150 x 90 cm, 2025<\/p>\n\n\n\n<p><a href=\"https:\/\/artistdesign.de\/blog\/2-dream\" data-type=\"link\" data-id=\"https:\/\/artistdesign.de\/blog\/pflanzenfeuer\">\u25c4<\/a> PREV\u00a0 \u263c\u00a0 NEXT <a href=\"https:\/\/artistdesign.de\/blog\/cloudy-home\">\u25ba<\/a><\/p>\n\n\n\n<p>IMAGE POETRY<br>Wir lassen es flie\u00dfen<br>wir leben im Gie\u00dfen<br>hier kann alles sprie\u00dfen<br>Sobald man es nicht l\u00e4sst<br>so halten wir es fest<br>doch wird es richtig fest<br>und h\u00e4lt uns im Arrest<\/p>\n","protected":false},"excerpt":{"rendered":"<p>Ink and acrylic on canvas, approx. 150 x 90 cm, 2025 \u25c4 PREV\u00a0 \u263c\u00a0 NEXT \u25ba IMAGE POETRYWir lassen es flie\u00dfenwir leben im Gie\u00dfenhier kann alles sprie\u00dfenSobald man es nicht l\u00e4sstso halten wir es festdoch wird es richtig festund h\u00e4lt uns im Arrest<\/p>\n","protected":false},"author":2,"featured_media":0,"parent":0,"menu_order":0,"comment_status":"open","ping_status":"closed","template":"","meta":{"ngg_post_thumbnail":0,"footnotes":""},"class_list":["post-2811","page","type-page","status-publish","hentry"],"_links":{"self":[{"href":"https:\/\/artistdesign.de\/blog\/wp-json\/wp\/v2\/pages\/2811","targetHints":{"allow":["GET"]}}],"collection":[{"href":"https:\/\/artistdesign.de\/blog\/wp-json\/wp\/v2\/pages"}],"about":[{"href":"https:\/\/artistdesign.de\/blog\/wp-json\/wp\/v2\/types\/page"}],"author":[{"embeddable":true,"href":"https:\/\/artistdesign.de\/blog\/wp-json\/wp\/v2\/users\/2"}],"replies":[{"embeddable":true,"href":"https:\/\/artistdesign.de\/blog\/wp-json\/wp\/v2\/comments?post=2811"}],"version-history":[{"count":2,"href":"https:\/\/artistdesign.de\/blog\/wp-json\/wp\/v2\/pages\/2811\/revisions"}],"predecessor-version":[{"id":2832,"href":"https:\/\/artistdesign.de\/blog\/wp-json\/wp\/v2\/pages\/2811\/revisions\/2832"}],"wp:attachment":[{"href":"https:\/\/artistdesign.de\/blog\/wp-json\/wp\/v2\/media?parent=2811"}],"curies":[{"name":"wp","href":"https:\/\/api.w.org\/{rel}","templated":true}]}}