{"id":2813,"date":"2025-12-03T18:53:04","date_gmt":"2025-12-03T18:53:04","guid":{"rendered":"https:\/\/artistdesign.de\/blog\/?page_id=2813"},"modified":"2025-12-03T19:48:51","modified_gmt":"2025-12-03T19:48:51","slug":"2-dream","status":"publish","type":"page","link":"https:\/\/artistdesign.de\/blog\/2-dream","title":{"rendered":"feb Zweitraum"},"content":{"rendered":"\n<p><\/p>\n\n\n<div class=\"wp-block-image\">\n<figure class=\"alignleft size-large\"><a href=\"https:\/\/artistdesign.de\/blog\/wp-content\/uploads\/2025\/12\/ZweitRAUM_2TRAUM_3840px-scaled.jpg\"><img loading=\"lazy\" decoding=\"async\" width=\"1024\" height=\"628\" src=\"https:\/\/artistdesign.de\/blog\/wp-content\/uploads\/2025\/12\/ZweitRAUM_2TRAUM_3840px-1024x628.jpg\" alt=\"Zweitraum\" class=\"wp-image-2778\" srcset=\"https:\/\/artistdesign.de\/blog\/wp-content\/uploads\/2025\/12\/ZweitRAUM_2TRAUM_3840px-1024x628.jpg 1024w, https:\/\/artistdesign.de\/blog\/wp-content\/uploads\/2025\/12\/ZweitRAUM_2TRAUM_3840px-300x184.jpg 300w, https:\/\/artistdesign.de\/blog\/wp-content\/uploads\/2025\/12\/ZweitRAUM_2TRAUM_3840px-768x471.jpg 768w, https:\/\/artistdesign.de\/blog\/wp-content\/uploads\/2025\/12\/ZweitRAUM_2TRAUM_3840px-1536x942.jpg 1536w, https:\/\/artistdesign.de\/blog\/wp-content\/uploads\/2025\/12\/ZweitRAUM_2TRAUM_3840px-2048x1255.jpg 2048w, https:\/\/artistdesign.de\/blog\/wp-content\/uploads\/2025\/12\/ZweitRAUM_2TRAUM_3840px-1762x1080.jpg 1762w\" sizes=\"auto, (max-width: 1024px) 100vw, 1024px\" \/><\/a><figcaption class=\"wp-element-caption\">Zweitraum | Two dreams | Segunda habitaci\u00f3n<\/figcaption><\/figure><\/div>\n\n\n<p>Ink and acrylic on canvas, approx. 150 x 90 cm, 2025<\/p>\n\n\n\n<p><a href=\"https:\/\/artistdesign.de\/blog\/quantum-tower\" data-type=\"link\" data-id=\"https:\/\/artistdesign.de\/blog\/pflanzenfeuer\">\u25c4<\/a> PREV\u00a0 \u263c\u00a0 NEXT <a href=\"https:\/\/artistdesign.de\/blog\/flowfield\" data-type=\"link\" data-id=\"https:\/\/artistdesign.de\/blog\/flowfield\">\u25ba<\/a><\/p>\n\n\n\n<p>IMAGE POETRY<br>Zwei Tr\u00e4ume suchen R\u00e4ume<br>im Innern wohnen B\u00e4ume<br>Ein Strich geht<br>durch die Rechnung<br>doch schafft er auch<br>Entsprechung<\/p>\n","protected":false},"excerpt":{"rendered":"<p>Ink and acrylic on canvas, approx. 150 x 90 cm, 2025 \u25c4 PREV\u00a0 \u263c\u00a0 NEXT \u25ba IMAGE POETRYZwei Tr\u00e4ume suchen R\u00e4umeim Innern wohnen B\u00e4umeEin Strich gehtdurch die Rechnungdoch schafft er auchEntsprechung<\/p>\n","protected":false},"author":2,"featured_media":0,"parent":0,"menu_order":0,"comment_status":"open","ping_status":"closed","template":"","meta":{"ngg_post_thumbnail":0,"footnotes":""},"class_list":["post-2813","page","type-page","status-publish","hentry"],"_links":{"self":[{"href":"https:\/\/artistdesign.de\/blog\/wp-json\/wp\/v2\/pages\/2813","targetHints":{"allow":["GET"]}}],"collection":[{"href":"https:\/\/artistdesign.de\/blog\/wp-json\/wp\/v2\/pages"}],"about":[{"href":"https:\/\/artistdesign.de\/blog\/wp-json\/wp\/v2\/types\/page"}],"author":[{"embeddable":true,"href":"https:\/\/artistdesign.de\/blog\/wp-json\/wp\/v2\/users\/2"}],"replies":[{"embeddable":true,"href":"https:\/\/artistdesign.de\/blog\/wp-json\/wp\/v2\/comments?post=2813"}],"version-history":[{"count":3,"href":"https:\/\/artistdesign.de\/blog\/wp-json\/wp\/v2\/pages\/2813\/revisions"}],"predecessor-version":[{"id":2848,"href":"https:\/\/artistdesign.de\/blog\/wp-json\/wp\/v2\/pages\/2813\/revisions\/2848"}],"wp:attachment":[{"href":"https:\/\/artistdesign.de\/blog\/wp-json\/wp\/v2\/media?parent=2813"}],"curies":[{"name":"wp","href":"https:\/\/api.w.org\/{rel}","templated":true}]}}