{"id":285,"date":"2012-12-28T14:31:40","date_gmt":"2012-12-28T14:31:40","guid":{"rendered":"http:\/\/artistdesign.de\/blog\/?page_id=285"},"modified":"2017-08-02T19:51:33","modified_gmt":"2017-08-02T19:51:33","slug":"cleanslate-artwork","status":"publish","type":"page","link":"https:\/\/artistdesign.de\/blog\/cleanslate-artwork","title":{"rendered":"dec  Clean Slate State"},"content":{"rendered":"<p>Die wei\u00dfe Weste der Landschaft l\u00e4dt ein zum Verweilen. Die V\u00f6gel erscheinen ruhig, haben ihren Platz gefunden. Das Pferd grast wei\u00df, ist mit sich und seiner Umgebung zufrieden.<\/p>\n<div id=\"attachment_232\" style=\"width: 1034px\" class=\"wp-caption alignleft\"><a href=\"https:\/\/artistdesign.de\/blog\/wp-content\/uploads\/2012\/12\/Winters_Weisse_Weste.jpg\"><img loading=\"lazy\" decoding=\"async\" aria-describedby=\"caption-attachment-232\" class=\"size-full wp-image-232\" title=\"Winters wei\u00dfe Weste\" src=\"https:\/\/artistdesign.de\/blog\/wp-content\/uploads\/2012\/12\/Winters_Weisse_Weste.jpg\" alt=\"Wir rasten, tasten, fasten | We rest, we feel, we are fasting\" width=\"1024\" height=\"628\" srcset=\"https:\/\/artistdesign.de\/blog\/wp-content\/uploads\/2012\/12\/Winters_Weisse_Weste.jpg 1024w, https:\/\/artistdesign.de\/blog\/wp-content\/uploads\/2012\/12\/Winters_Weisse_Weste-300x183.jpg 300w, https:\/\/artistdesign.de\/blog\/wp-content\/uploads\/2012\/12\/Winters_Weisse_Weste-489x300.jpg 489w\" sizes=\"auto, (max-width: 1024px) 100vw, 1024px\" \/><\/a><p id=\"caption-attachment-232\" class=\"wp-caption-text\">\u00a0\u00a0\u00a0 Winters wei\u00dfe Weste | We rest, we feel, we are fasting.<\/p><\/div>\n<p>The clean slate and state of the landscape invites you to stay. The birds seem to be quiet, have found a resting place. The horse is grazing. In unity with itself and its environment.<\/p>\n<p><a title=\"November Sponsoring Artwork\" href=\"https:\/\/artistdesign.de\/blog\/sponsoring-artwork\">\u25c0<\/a> PREV\u00a0 \u263c\u00a0 NEXT <a title=\"jan Wintreebute\" href=\"https:\/\/artistdesign.de\/blog\/wintreebute\">\u25ba<\/a><\/p>\n","protected":false},"excerpt":{"rendered":"<p>Die wei\u00dfe Weste der Landschaft l\u00e4dt ein zum Verweilen. Die V\u00f6gel erscheinen ruhig, haben ihren Platz gefunden. Das Pferd grast wei\u00df, ist mit sich und seiner Umgebung zufrieden. The clean slate and state of the landscape invites you to stay. The birds seem to be quiet, have found a resting place. The horse is grazing.&hellip; <br \/> <a class=\"read-more\" href=\"https:\/\/artistdesign.de\/blog\/cleanslate-artwork\">Weiterlesen<\/a><\/p>\n","protected":false},"author":1,"featured_media":0,"parent":0,"menu_order":0,"comment_status":"open","ping_status":"closed","template":"sidebar-page.php","meta":{"ngg_post_thumbnail":0,"footnotes":""},"class_list":["post-285","page","type-page","status-publish","hentry"],"_links":{"self":[{"href":"https:\/\/artistdesign.de\/blog\/wp-json\/wp\/v2\/pages\/285","targetHints":{"allow":["GET"]}}],"collection":[{"href":"https:\/\/artistdesign.de\/blog\/wp-json\/wp\/v2\/pages"}],"about":[{"href":"https:\/\/artistdesign.de\/blog\/wp-json\/wp\/v2\/types\/page"}],"author":[{"embeddable":true,"href":"https:\/\/artistdesign.de\/blog\/wp-json\/wp\/v2\/users\/1"}],"replies":[{"embeddable":true,"href":"https:\/\/artistdesign.de\/blog\/wp-json\/wp\/v2\/comments?post=285"}],"version-history":[{"count":10,"href":"https:\/\/artistdesign.de\/blog\/wp-json\/wp\/v2\/pages\/285\/revisions"}],"predecessor-version":[{"id":1328,"href":"https:\/\/artistdesign.de\/blog\/wp-json\/wp\/v2\/pages\/285\/revisions\/1328"}],"wp:attachment":[{"href":"https:\/\/artistdesign.de\/blog\/wp-json\/wp\/v2\/media?parent=285"}],"curies":[{"name":"wp","href":"https:\/\/api.w.org\/{rel}","templated":true}]}}