{"id":339,"date":"2013-12-01T20:24:38","date_gmt":"2013-12-01T20:24:38","guid":{"rendered":"http:\/\/artistdesign.de\/blog\/?page_id=339"},"modified":"2022-12-30T21:28:21","modified_gmt":"2022-12-30T21:28:21","slug":"die-heimat-kommt-naeher","status":"publish","type":"page","link":"https:\/\/artistdesign.de\/blog\/die-heimat-kommt-naeher","title":{"rendered":"Die Heimat des Sambakarnevals kommt n\u00e4her"},"content":{"rendered":"<p><strong>Bei unserem freit\u00e4gigen Treffen nach der Tanzstunde haben wir neue Ideen zur Umsetzung des Mottos &#8218;HEIMAT&#8216; des 29. Bremer Sambakarnevals besprochen und bestehende konkretisiert.<\/strong><\/p>\n<p><strong>Buntes Bild<\/strong><\/p>\n<p><a href=\"https:\/\/artistdesign.de\/blog\/wp-content\/uploads\/2013\/12\/Figur_Fahne.png\"><img loading=\"lazy\" decoding=\"async\" class=\"alignleft size-full wp-image-490\" title=\"Figur_Fahne\" src=\"https:\/\/artistdesign.de\/blog\/wp-content\/uploads\/2013\/12\/Figur_Fahne.png\" alt=\"Sambistas fahnieren f\u00fcr den Weltfrieden\" width=\"549\" height=\"590\" srcset=\"https:\/\/artistdesign.de\/blog\/wp-content\/uploads\/2013\/12\/Figur_Fahne.png 549w, https:\/\/artistdesign.de\/blog\/wp-content\/uploads\/2013\/12\/Figur_Fahne-279x300.png 279w\" sizes=\"auto, (max-width: 549px) 100vw, 549px\" \/><\/a><br \/>\nUnser Heimatplanet wird dargestellt durch bunte Fahnen, die die einzelnen Regionen desselben repr\u00e4sentieren. Jeder T\u00e4nzer tr\u00e4gt seine eigene Fahne, gleich spezielle Heimat auf dem gemeinsamen, verbindenden Heimatplaneten. Um dieser Idee das dem jeweiligen realen Land anhaftende Nationalistische zu nehmen, wurde sie bald weiter verdichtet durch die Vorstellung fiktiver, phantastischer Motive auf den zu schwenkenden L\u00e4nderfahnen.<\/p>\n<p><strong>I&#8217;m an Alien<\/strong><\/p>\n<p><a href=\"https:\/\/artistdesign.de\/blog\/wp-content\/uploads\/2013\/12\/Figur_Alien.png\"><img loading=\"lazy\" decoding=\"async\" class=\"alignleft size-full wp-image-491\" title=\"Figur_Alien\" src=\"https:\/\/artistdesign.de\/blog\/wp-content\/uploads\/2013\/12\/Figur_Alien.png\" alt=\"I'm an Alien in Bremen\" width=\"261\" height=\"288\" \/><\/a><br \/>\nNach einer kurzen Umfrage, wer von Minha Dan\u00e7a in seiner aktuellen Heimat Bremen geboren ist, mussten wir feststellen, dass wir von einer Ausnahme abgesehen, alle Heimatvertriebene sind. Daher die n\u00e4chste Grundidee, als Alien-Tanzgruppe auch mit befremdlichen Moves am Samba-Umzug teilzunehmen. Aliens sind sehr gut geeignet, das Fremde als Gegenpol auf der Skala zum Vertrauten darzustellen.<\/p>\n<p>&nbsp;<\/p>\n<p><strong>Home is where your heart is<\/strong><a href=\"https:\/\/artistdesign.de\/blog\/wp-content\/uploads\/2013\/12\/Liberal1.png\"><img loading=\"lazy\" decoding=\"async\" class=\"size-full wp-image-494 alignright\" title=\"Liberal\" src=\"https:\/\/artistdesign.de\/blog\/wp-content\/uploads\/2013\/12\/Liberal1.png\" alt=\"Home is where your heart is\" width=\"228\" height=\"208\" \/><\/a><\/p>\n<p>V\u00f6llige Liberalisierung des Themas, jeder T\u00e4nzer erscheint in der Aufmachung, in der er sich heimisch f\u00fchlt. Die Gruppe als solche erscheint dann als Mission-Possible-Truppe, als bunte Mischung individueller Homies.<\/p>\n<p>&nbsp;<\/p>\n<p><strong>Konsensbildung durch akzentuiertes Schwarz-Wei\u00df<\/strong><\/p>\n<p><a href=\"https:\/\/artistdesign.de\/blog\/wp-content\/uploads\/2013\/12\/Schwarz-Weiss.png\"><img loading=\"lazy\" decoding=\"async\" class=\"alignleft size-full wp-image-496\" title=\"Schwarz-Weiss\" src=\"https:\/\/artistdesign.de\/blog\/wp-content\/uploads\/2013\/12\/Schwarz-Weiss.png\" alt=\"Schwarz zu Wei\u00df zu bunt\" width=\"244\" height=\"179\" \/><\/a><br \/>\nGegens\u00e4tze sind unsere Heimat: So wie ein Zebra in Bremen nichts zu suchen hat, da es hier kein Afrika oder Afrika-Surrogat, keinen Tierpark gibt, ist Schwarz-Wei\u00df der Konsens f\u00fcr unseren Auftritt beim heimatlichen Karneval 2014. Die eine wird ein wei\u00dfer Engel, der andere ein schwarzer sein. Oder ein schwarzes Loch. Oder das schwarze ALL, illuminiert von wei\u00dfen Punkten (LEDs). Oder einen Globus als Haupt tragen, bei dem Afrika wei\u00df, Europa dagegen schwarz sein wird (Reminiszenz an das 2013er-Motto: FAIRkehrte Welt ist unser Heimatplanet).<br \/>\nUm das Bild ein wenig zu vereinheitlichen und dem Einzelwesen die Angst des Alleinseins in der Fremde zu nehmen, sind Spiegelbilder (Paarbildungen) angedacht. Basisfarben schwarz und wei\u00df, Farbakzente in reinen Farben anempfohlen.<\/p>\n<p><a title=\"Entwurf und Realisation der Heimat\" href=\"https:\/\/artistdesign.de\/blog\/entwurf-samba-heimat\">\u25ba<\/a><a title=\"Entwurf und Realisation der Heimat\" href=\"https:\/\/artistdesign.de\/blog\/entwurf-samba-heimat\"> Weiter zur Realisation der Heimat <\/a><a title=\"Entwurf und Realisation der Heimat\" href=\"https:\/\/artistdesign.de\/blog\/entwurf-samba-heimat\"><br \/>\n<\/a><a title=\"Bremer Samba-Karneval, Motto \u2018HEIMAT\u2019\" href=\"https:\/\/artistdesign.de\/blog\/samba-karneval-heimat\">\u25c0\u00a0 Zur\u00fcck zu den ersten heimatlichen \u00dcberlegungen\u00a0<\/a><\/p>\n<p>&nbsp;<\/p>\n","protected":false},"excerpt":{"rendered":"<p>Bei unserem freit\u00e4gigen Treffen nach der Tanzstunde haben wir neue Ideen zur Umsetzung des Mottos &#8218;HEIMAT&#8216; des 29. Bremer Sambakarnevals besprochen und bestehende konkretisiert. Buntes Bild Unser Heimatplanet wird dargestellt durch bunte Fahnen, die die einzelnen Regionen desselben repr\u00e4sentieren. Jeder T\u00e4nzer tr\u00e4gt seine eigene Fahne, gleich spezielle Heimat auf dem gemeinsamen, verbindenden Heimatplaneten. Um dieser&hellip; <br \/> <a class=\"read-more\" href=\"https:\/\/artistdesign.de\/blog\/die-heimat-kommt-naeher\">Weiterlesen<\/a><\/p>\n","protected":false},"author":1,"featured_media":0,"parent":0,"menu_order":0,"comment_status":"open","ping_status":"closed","template":"sidebar-page.php","meta":{"ngg_post_thumbnail":0,"footnotes":""},"class_list":["post-339","page","type-page","status-publish","hentry"],"_links":{"self":[{"href":"https:\/\/artistdesign.de\/blog\/wp-json\/wp\/v2\/pages\/339","targetHints":{"allow":["GET"]}}],"collection":[{"href":"https:\/\/artistdesign.de\/blog\/wp-json\/wp\/v2\/pages"}],"about":[{"href":"https:\/\/artistdesign.de\/blog\/wp-json\/wp\/v2\/types\/page"}],"author":[{"embeddable":true,"href":"https:\/\/artistdesign.de\/blog\/wp-json\/wp\/v2\/users\/1"}],"replies":[{"embeddable":true,"href":"https:\/\/artistdesign.de\/blog\/wp-json\/wp\/v2\/comments?post=339"}],"version-history":[{"count":34,"href":"https:\/\/artistdesign.de\/blog\/wp-json\/wp\/v2\/pages\/339\/revisions"}],"predecessor-version":[{"id":2113,"href":"https:\/\/artistdesign.de\/blog\/wp-json\/wp\/v2\/pages\/339\/revisions\/2113"}],"wp:attachment":[{"href":"https:\/\/artistdesign.de\/blog\/wp-json\/wp\/v2\/media?parent=339"}],"curies":[{"name":"wp","href":"https:\/\/api.w.org\/{rel}","templated":true}]}}