{"id":35,"date":"2011-12-27T21:20:42","date_gmt":"2011-12-27T21:20:42","guid":{"rendered":"http:\/\/artistdesign.de\/blog\/?page_id=35"},"modified":"2019-11-28T08:47:13","modified_gmt":"2019-11-28T08:47:13","slug":"burnout-artwork","status":"publish","type":"page","link":"https:\/\/artistdesign.de\/blog\/burnout-artwork","title":{"rendered":"jan Burnout Reel"},"content":{"rendered":"<p>Eine ausgebrannte Kabeltrommel (Leitungsroller) fungiert als Strandgut. Die Leitungen k\u00f6nnen nicht mehr verlegt werden, da das Kabel unter einem Burnout-Syndrom leidet.<\/p>\n<p>A burned-out cable drum (cable reel) acts as flotsam and jetsam. The lines can not be installed because the cable is suffering from burnout.<\/p>\n<div style=\"width: 986px\" class=\"wp-caption alignleft\"><a href=\"https:\/\/artistdesign.de\/blog\/wp-content\/uploads\/2012\/01\/FeuerRad.jpg\"><img loading=\"lazy\" decoding=\"async\" class=\"alignleft size-full wp-image-128\" title=\"Post incendium | After the fire\" src=\"https:\/\/artistdesign.de\/blog\/wp-content\/uploads\/2012\/01\/FeuerRad.jpg\" alt=\"\" width=\"976\" height=\"591\" srcset=\"https:\/\/artistdesign.de\/blog\/wp-content\/uploads\/2012\/01\/FeuerRad.jpg 976w, https:\/\/artistdesign.de\/blog\/wp-content\/uploads\/2012\/01\/FeuerRad-300x181.jpg 300w, https:\/\/artistdesign.de\/blog\/wp-content\/uploads\/2012\/01\/FeuerRad-495x300.jpg 495w\" sizes=\"auto, (max-width: 976px) 100vw, 976px\" \/><\/a><p class=\"wp-caption-text\">\u00a0\u00a0\u00a0\u00a0\u00a0\u00a0\u00a0\u00a0 Post incendium | After the fire<\/p><\/div>\n<p>Vielleicht liegt der Denkfehler darin, anzunehmen, dass im Zeitalter von WLAN und SATV es \u00fcberhaupt n\u00f6tig ist, klassische Kabel verlegen zu wollen. Kein Wunder also, wenn diese durchbrennen und Unheil anrichten k\u00f6nnen, sofern diese sich nicht in Wassern\u00e4he aufhalten. M\u00f6glich ist auch die Annahme, dass die Mitbewerber von WLAN und SATV verst\u00e4rkt daran arbeiten, klassische Kabelkonkurrenten auszu&#8217;schalten&#8216;, besser auszu&#8217;brennen&#8216;.<\/p>\n<p>Perhaps the error in reasoning is to assume that in the era of wireless LAN and SATV it is necessary at all to want to install classic cable. No wonder, then, if it gets blown and can cause mischief if they are not residing near water. It is also possible to assume that the competitors of wireless LAN and SATV working to strengthen their efforts to eliminate traditional cable competitors or to burn them out.<\/p>\n<p><a title=\"dec Winterview\" href=\"https:\/\/artistdesign.de\/blog\/winterview\">\u25c0<\/a> PREV\u00a0 \u263c\u00a0 NEXT <a title=\"February Rescue Artwork\" href=\"https:\/\/artistdesign.de\/blog\/rescue-artwork\">\u25ba<\/a><\/p>\n","protected":false},"excerpt":{"rendered":"<p>Eine ausgebrannte Kabeltrommel (Leitungsroller) fungiert als Strandgut. Die Leitungen k\u00f6nnen nicht mehr verlegt werden, da das Kabel unter einem Burnout-Syndrom leidet. A burned-out cable drum (cable reel) acts as flotsam and jetsam. The lines can not be installed because the cable is suffering from burnout. Vielleicht liegt der Denkfehler darin, anzunehmen, dass im Zeitalter von&hellip; <br \/> <a class=\"read-more\" href=\"https:\/\/artistdesign.de\/blog\/burnout-artwork\">Weiterlesen<\/a><\/p>\n","protected":false},"author":1,"featured_media":0,"parent":0,"menu_order":0,"comment_status":"closed","ping_status":"closed","template":"sidebar-page.php","meta":{"ngg_post_thumbnail":0,"footnotes":""},"class_list":["post-35","page","type-page","status-publish","hentry"],"_links":{"self":[{"href":"https:\/\/artistdesign.de\/blog\/wp-json\/wp\/v2\/pages\/35","targetHints":{"allow":["GET"]}}],"collection":[{"href":"https:\/\/artistdesign.de\/blog\/wp-json\/wp\/v2\/pages"}],"about":[{"href":"https:\/\/artistdesign.de\/blog\/wp-json\/wp\/v2\/types\/page"}],"author":[{"embeddable":true,"href":"https:\/\/artistdesign.de\/blog\/wp-json\/wp\/v2\/users\/1"}],"replies":[{"embeddable":true,"href":"https:\/\/artistdesign.de\/blog\/wp-json\/wp\/v2\/comments?post=35"}],"version-history":[{"count":16,"href":"https:\/\/artistdesign.de\/blog\/wp-json\/wp\/v2\/pages\/35\/revisions"}],"predecessor-version":[{"id":1336,"href":"https:\/\/artistdesign.de\/blog\/wp-json\/wp\/v2\/pages\/35\/revisions\/1336"}],"wp:attachment":[{"href":"https:\/\/artistdesign.de\/blog\/wp-json\/wp\/v2\/media?parent=35"}],"curies":[{"name":"wp","href":"https:\/\/api.w.org\/{rel}","templated":true}]}}