{"id":420,"date":"2014-01-01T17:27:31","date_gmt":"2014-01-01T17:27:31","guid":{"rendered":"http:\/\/artistdesign.de\/blog\/?page_id=420"},"modified":"2020-04-24T08:32:44","modified_gmt":"2020-04-24T08:32:44","slug":"zeitenzirkus","status":"publish","type":"page","link":"https:\/\/artistdesign.de\/blog\/zeitenzirkus","title":{"rendered":"mar Zeitenzirkus | Eternity\u2018s Entertainment"},"content":{"rendered":"<p>Gefangen im Zyklus, in der Wiederholung des \u00c4hnlichen. Sonne auf, Sonne unter.<br \/>\nVorhang auf, der Tag beginnt, Vorhang zu, die Vorstellung ist beendet.<br \/>\nTag f\u00fcr Tag, Nacht f\u00fcr Nacht.<\/p>\n<div id=\"attachment_395\" style=\"width: 1034px\" class=\"wp-caption alignleft\"><a href=\"https:\/\/artistdesign.de\/blog\/wp-content\/uploads\/2014\/01\/ZeitenZirkus.jpg\"><img loading=\"lazy\" decoding=\"async\" aria-describedby=\"caption-attachment-395\" class=\"size-full wp-image-395\" title=\"Zeitenzirkus | Eternity'\u0080\u0098s Entertainment\" src=\"https:\/\/artistdesign.de\/blog\/wp-content\/uploads\/2014\/01\/ZeitenZirkus.jpg\" alt=\"Zeitenzirkus | Eternity'\u0080\u0098s Entertainment\" width=\"1024\" height=\"495\" srcset=\"https:\/\/artistdesign.de\/blog\/wp-content\/uploads\/2014\/01\/ZeitenZirkus.jpg 1024w, https:\/\/artistdesign.de\/blog\/wp-content\/uploads\/2014\/01\/ZeitenZirkus-300x145.jpg 300w, https:\/\/artistdesign.de\/blog\/wp-content\/uploads\/2014\/01\/ZeitenZirkus-500x241.jpg 500w\" sizes=\"auto, (max-width: 1024px) 100vw, 1024px\" \/><\/a><p id=\"caption-attachment-395\" class=\"wp-caption-text\">Zeitenzirkus | Eternity&#39;\u0080\u0098s Entertainment<\/p><\/div>\n<p>Caught in a cycle, in a repetition of the similar. Sunrise, Sunset.<br \/>\nCurtains up, the day begins, curtains down, the presentation is over.<\/p>\n<p>&nbsp;<\/p>\n<div><iframe loading=\"lazy\" src=\"\/\/www.youtube.com\/embed\/OHfFlGZ3fgg\" frameborder=\"0\" width=\"280\" height=\"157\"><\/iframe><\/div>\n<p>&nbsp;<\/p>\n<div><a title=\"feb GlanzTanzPflanz\" href=\"https:\/\/artistdesign.de\/blog\/glanztanzpflanz\">\u25c0<\/a> PREV\u00a0 \u263c\u00a0 NEXT <a title=\"apr Palais de la Concorde\" href=\"https:\/\/artistdesign.de\/blog\/palaisconcorde\">\u25ba<\/a><\/div>\n","protected":false},"excerpt":{"rendered":"<p>Gefangen im Zyklus, in der Wiederholung des \u00c4hnlichen. Sonne auf, Sonne unter. Vorhang auf, der Tag beginnt, Vorhang zu, die Vorstellung ist beendet. Tag f\u00fcr Tag, Nacht f\u00fcr Nacht. Caught in a cycle, in a repetition of the similar. Sunrise, Sunset. Curtains up, the day begins, curtains down, the presentation is over. &nbsp; &nbsp; \u25c0&hellip; <br \/> <a class=\"read-more\" href=\"https:\/\/artistdesign.de\/blog\/zeitenzirkus\">Weiterlesen<\/a><\/p>\n","protected":false},"author":2,"featured_media":0,"parent":0,"menu_order":0,"comment_status":"closed","ping_status":"closed","template":"sidebar-page.php","meta":{"ngg_post_thumbnail":0,"footnotes":""},"class_list":["post-420","page","type-page","status-publish","hentry"],"_links":{"self":[{"href":"https:\/\/artistdesign.de\/blog\/wp-json\/wp\/v2\/pages\/420","targetHints":{"allow":["GET"]}}],"collection":[{"href":"https:\/\/artistdesign.de\/blog\/wp-json\/wp\/v2\/pages"}],"about":[{"href":"https:\/\/artistdesign.de\/blog\/wp-json\/wp\/v2\/types\/page"}],"author":[{"embeddable":true,"href":"https:\/\/artistdesign.de\/blog\/wp-json\/wp\/v2\/users\/2"}],"replies":[{"embeddable":true,"href":"https:\/\/artistdesign.de\/blog\/wp-json\/wp\/v2\/comments?post=420"}],"version-history":[{"count":25,"href":"https:\/\/artistdesign.de\/blog\/wp-json\/wp\/v2\/pages\/420\/revisions"}],"predecessor-version":[{"id":599,"href":"https:\/\/artistdesign.de\/blog\/wp-json\/wp\/v2\/pages\/420\/revisions\/599"}],"wp:attachment":[{"href":"https:\/\/artistdesign.de\/blog\/wp-json\/wp\/v2\/media?parent=420"}],"curies":[{"name":"wp","href":"https:\/\/api.w.org\/{rel}","templated":true}]}}