{"id":432,"date":"2014-01-01T18:18:34","date_gmt":"2014-01-01T18:18:34","guid":{"rendered":"http:\/\/artistdesign.de\/blog\/?page_id=432"},"modified":"2014-06-04T17:16:18","modified_gmt":"2014-06-04T17:16:18","slug":"himmelfahrtwind","status":"publish","type":"page","link":"https:\/\/artistdesign.de\/blog\/himmelfahrtwind","title":{"rendered":"may Himmelfahrtwind"},"content":{"rendered":"<p>Wir fahren zum Himmel, ganz ohne Gebimmel, ganz ohne Schimmel, aber mit Gitter Rost, und ab geht die Post.<\/p>\n<div id=\"attachment_386\" style=\"width: 1034px\" class=\"wp-caption alignleft\"><a href=\"https:\/\/artistdesign.de\/blog\/wp-content\/uploads\/2014\/01\/HimmelFahrtWind.jpg\"><img loading=\"lazy\" decoding=\"async\" aria-describedby=\"caption-attachment-386\" class=\"size-full wp-image-386\" title=\"Himmelfahrtwind\" src=\"https:\/\/artistdesign.de\/blog\/wp-content\/uploads\/2014\/01\/HimmelFahrtWind.jpg\" alt=\"Himmelfahrtwind\" width=\"1024\" height=\"768\" srcset=\"https:\/\/artistdesign.de\/blog\/wp-content\/uploads\/2014\/01\/HimmelFahrtWind.jpg 1024w, https:\/\/artistdesign.de\/blog\/wp-content\/uploads\/2014\/01\/HimmelFahrtWind-300x225.jpg 300w, https:\/\/artistdesign.de\/blog\/wp-content\/uploads\/2014\/01\/HimmelFahrtWind-400x300.jpg 400w\" sizes=\"auto, (max-width: 1024px) 100vw, 1024px\" \/><\/a><p id=\"caption-attachment-386\" class=\"wp-caption-text\">Himmelfahrtwind<\/p><\/div>\n<p>&nbsp;<\/p>\n<p>&nbsp;<\/p>\n<div><iframe loading=\"lazy\" src=\"\/\/www.youtube.com\/embed\/gxcYjSlhBi0\" frameborder=\"0\" width=\"280\" height=\"157\"><\/iframe><\/div>\n<p>&nbsp;<\/p>\n<p><a title=\"apr Palais de la Concorde\" href=\"https:\/\/artistdesign.de\/blog\/palaisconcorde\">\u25c0<\/a> PREV\u00a0 \u263c\u00a0 NEXT <a title=\"jun Lunatics just like Top Kicks\" href=\"https:\/\/artistdesign.de\/blog\/lunatics-topkicks\">\u25ba<\/a><\/p>\n<p><strong>Airstream Ascension\u00a0<\/strong><\/p>\n<p>Dearly Beloved,<br \/>\nthe subject of this preaching is the question: how do we find the fastest way to heaven? Asked precisely, is it possible to drive into heaven by car?<br \/>\nIs there a speed limit on our highway to a celestial world?<\/p>\n<p>Do we have to be extremely careful not to crash accidentally? Cushioned by targeting guardrails, we are enabled to stay on the right path of virtue. Never distracted by temptations, lurking at both sides.<\/p>\n<p>Are certain rules to be followed, e.g. when passing other heaven drivers? Or is collateral damage to be considered as a necessary, inevitable evil, as &#8222;quantit\u00e9 n\u00e9gligeable&#8220;, just because it is about the good, better, the best purpose to get and protect a premium seat in paradise!<\/p>\n<p>When we have finally ascended, driven into heaven, what dangers are we exposed there?<\/p>\n<p>How do we experience the hitherto unfamiliar, everlasting bliss? Does it make us really happy or does it generate a rather subliminally perceptible vibration of boredom?<\/p>\n<p>If we only have parked our locomotion means in front of heaven&#8217;s door, but not completely abandoned it, it is now possible to leave heaven again, but only in reverse gear with a greatly reduced wind and with the danger to permanently twist our necks and spines.<\/p>\n<p>Arrived at the bottom, we feel infernal pain that can only be resolved in a period of deep devotion to an inner purification.<\/p>\n<p>&nbsp;<\/p>\n<p>&nbsp;<\/p>\n<p>Liebe Gemeinde,<br \/>\nin diesem Monat geht es um die Frage, wie wir am schnellsten in den Himmel kommen, genauer: FAHREN k\u00f6nnen.<br \/>\nGibt es etwa eine Geschwindigkeitsbeschr\u00e4nkung auf unserer Autobahn in eine himmlische Welt?<br \/>\nM\u00fcssen wir h\u00f6llisch aufpassen, nicht aus Versehen in die beiseitig lauernden Versuchungen abzust\u00fcrzen, um auf dem rechten Weg der Tugendhaftigkeit zu bleiben, abgefedert durch zielf\u00fchrende Leitplanken?<br \/>\nSind bestimmte Regeln zu beachten, etwa beim \u00dcberholen anderer Himmelsst\u00fcrmer? Oder sind Kollateralsch\u00e4den als ein notwendiges, unvermeidbares \u00dcbel, also als Quantit\u00e9 n\u00e9gligeable zu betrachten, da es ja um den guten, besseren, den besten Zweck geht, sich einen Premium-Platz im Paradies zu sichern!<\/p>\n<p>Wenn wir endlich in den Himmel gefahren sind, welchen Gefahren sind wir dort ausgeliefert?<\/p>\n<p>Wie erleben wir die bisher ungewohnte, dauerhafte Gl\u00fcckseligkeit? Macht sie uns wirklich gl\u00fccklich oder erzeugt sie eine eher unterschwellig wahrnehmbare Schwingung der Langeweile?<br \/>\nWenn wir unser Fortbewegungsmittel vor dem Himmel nur geparkt, jedoch nicht v\u00f6llig aufgegeben haben,<br \/>\nbesteht nun die M\u00f6glichkeit, den Himmel wieder zu verlassen, allerdings nur im R\u00fcckw\u00e4rtsgang bei stark reduziertem Fahrtwind und mit der Gefahr, sich Hals- und Wirbels\u00e4ule zu verrenken.<br \/>\nUnten langsam angekommen, werden wir h\u00f6llische Schmerzen sp\u00fcren, die nur in einer Phase der Hingabe an die innere Reinigung wieder aufgel\u00f6st werden k\u00f6nnen.<\/p>\n","protected":false},"excerpt":{"rendered":"<p>Wir fahren zum Himmel, ganz ohne Gebimmel, ganz ohne Schimmel, aber mit Gitter Rost, und ab geht die Post. &nbsp; &nbsp; &nbsp; \u25c0 PREV\u00a0 \u263c\u00a0 NEXT \u25ba Airstream Ascension\u00a0 Dearly Beloved, the subject of this preaching is the question: how do we find the fastest way to heaven? Asked precisely, is it possible to drive&hellip; <br \/> <a class=\"read-more\" href=\"https:\/\/artistdesign.de\/blog\/himmelfahrtwind\">Weiterlesen<\/a><\/p>\n","protected":false},"author":2,"featured_media":0,"parent":0,"menu_order":0,"comment_status":"open","ping_status":"closed","template":"sidebar-page.php","meta":{"ngg_post_thumbnail":0,"footnotes":""},"class_list":["post-432","page","type-page","status-publish","hentry"],"_links":{"self":[{"href":"https:\/\/artistdesign.de\/blog\/wp-json\/wp\/v2\/pages\/432","targetHints":{"allow":["GET"]}}],"collection":[{"href":"https:\/\/artistdesign.de\/blog\/wp-json\/wp\/v2\/pages"}],"about":[{"href":"https:\/\/artistdesign.de\/blog\/wp-json\/wp\/v2\/types\/page"}],"author":[{"embeddable":true,"href":"https:\/\/artistdesign.de\/blog\/wp-json\/wp\/v2\/users\/2"}],"replies":[{"embeddable":true,"href":"https:\/\/artistdesign.de\/blog\/wp-json\/wp\/v2\/comments?post=432"}],"version-history":[{"count":15,"href":"https:\/\/artistdesign.de\/blog\/wp-json\/wp\/v2\/pages\/432\/revisions"}],"predecessor-version":[{"id":651,"href":"https:\/\/artistdesign.de\/blog\/wp-json\/wp\/v2\/pages\/432\/revisions\/651"}],"wp:attachment":[{"href":"https:\/\/artistdesign.de\/blog\/wp-json\/wp\/v2\/media?parent=432"}],"curies":[{"name":"wp","href":"https:\/\/api.w.org\/{rel}","templated":true}]}}