{"id":46,"date":"2011-12-30T20:18:20","date_gmt":"2011-12-30T20:18:20","guid":{"rendered":"http:\/\/artistdesign.de\/blog\/?page_id=46"},"modified":"2017-08-02T20:36:07","modified_gmt":"2017-08-02T20:36:07","slug":"rescue-artwork","status":"publish","type":"page","link":"https:\/\/artistdesign.de\/blog\/rescue-artwork","title":{"rendered":"feb Rescue Rotor"},"content":{"rendered":"<p>Saubere Luftrettung auf Mallorca: Der Vulkan brennt, also muss er gel\u00f6scht werden durch den unerm\u00fcdlichen Einsatz brandbek\u00e4mpfender Hubschrauber.<\/p>\n<p>Clean Air Rescue in Majorca: The volcano is burning, so it must be cleared by the tireless efforts of fire-fighting helicopters.<\/p>\n<div style=\"width: 986px\" class=\"wp-caption alignleft\"><a href=\"https:\/\/artistdesign.de\/blog\/wp-content\/uploads\/2012\/01\/Observacion_Desastre.jpg\"><img loading=\"lazy\" decoding=\"async\" class=\"alignleft size-full wp-image-132\" title=\"Observaci\u00f3n de sastre: Agua para todos\" src=\"https:\/\/artistdesign.de\/blog\/wp-content\/uploads\/2012\/01\/Observacion_Desastre.jpg\" alt=\"\" width=\"976\" height=\"591\" srcset=\"https:\/\/artistdesign.de\/blog\/wp-content\/uploads\/2012\/01\/Observacion_Desastre.jpg 976w, https:\/\/artistdesign.de\/blog\/wp-content\/uploads\/2012\/01\/Observacion_Desastre-300x181.jpg 300w, https:\/\/artistdesign.de\/blog\/wp-content\/uploads\/2012\/01\/Observacion_Desastre-495x300.jpg 495w\" sizes=\"auto, (max-width: 976px) 100vw, 976px\" \/><\/a><p class=\"wp-caption-text\">Observaci\u00f3n de sastre: Agua para todos<\/p><\/div>\n<h2>Gesegneter Fluch<\/h2>\n<p>Moderne Technik kann helfen, das Schlimmste zu verhindern. Br\u00e4nde z.B. lassen sich im unwegsamen Gel\u00e4nde besser aus der Luft als terrestrisch bek\u00e4mpfen.<br \/>\nEs bleibt aber die Grundfrage: Muss sich der Mensch um alles k\u00fcmmern, kann er die Elemente nicht sich selbst \u00fcberlassen? Es besteht daher der begr\u00fcndete Verdacht, dass der Mensch sich von der von ihm selbst erschaffenen Technik abh\u00e4ngig macht, diese durch ihre blo\u00dfe Existenz schlussendlich mehr zu entscheiden hat als der gesunde Menschenverstand.<\/p>\n<h2>Blessed curse<\/h2>\n<p>Modern technology can help us to prevent unexpected events. Fires in rough terrain for example can better be fighted from the air as terrestrially. Now there is the basic question: Should we humans take care of everything, or should we better just observe even disasters? Therefore, there is a reasonable suspicion that mankind makes itself dependent on its own creations, e.g. on technology: Technology decides, simply by their existence, ultimately more than common sense should do.<\/p>\n<p><a title=\"January Burnout Artwork\" href=\"https:\/\/artistdesign.de\/blog\/burnout-artwork\">\u25c0<\/a> PREV\u00a0 \u263c\u00a0 NEXT <a title=\"March Telling Artwork\" href=\"https:\/\/artistdesign.de\/blog\/counting-artwork\">\u25ba<\/a><\/p>\n","protected":false},"excerpt":{"rendered":"<p>Saubere Luftrettung auf Mallorca: Der Vulkan brennt, also muss er gel\u00f6scht werden durch den unerm\u00fcdlichen Einsatz brandbek\u00e4mpfender Hubschrauber. Clean Air Rescue in Majorca: The volcano is burning, so it must be cleared by the tireless efforts of fire-fighting helicopters. Gesegneter Fluch Moderne Technik kann helfen, das Schlimmste zu verhindern. Br\u00e4nde z.B. lassen sich im unwegsamen&hellip; <br \/> <a class=\"read-more\" href=\"https:\/\/artistdesign.de\/blog\/rescue-artwork\">Weiterlesen<\/a><\/p>\n","protected":false},"author":1,"featured_media":0,"parent":0,"menu_order":0,"comment_status":"open","ping_status":"closed","template":"sidebar-page.php","meta":{"ngg_post_thumbnail":0,"footnotes":""},"class_list":["post-46","page","type-page","status-publish","hentry"],"_links":{"self":[{"href":"https:\/\/artistdesign.de\/blog\/wp-json\/wp\/v2\/pages\/46","targetHints":{"allow":["GET"]}}],"collection":[{"href":"https:\/\/artistdesign.de\/blog\/wp-json\/wp\/v2\/pages"}],"about":[{"href":"https:\/\/artistdesign.de\/blog\/wp-json\/wp\/v2\/types\/page"}],"author":[{"embeddable":true,"href":"https:\/\/artistdesign.de\/blog\/wp-json\/wp\/v2\/users\/1"}],"replies":[{"embeddable":true,"href":"https:\/\/artistdesign.de\/blog\/wp-json\/wp\/v2\/comments?post=46"}],"version-history":[{"count":23,"href":"https:\/\/artistdesign.de\/blog\/wp-json\/wp\/v2\/pages\/46\/revisions"}],"predecessor-version":[{"id":1732,"href":"https:\/\/artistdesign.de\/blog\/wp-json\/wp\/v2\/pages\/46\/revisions\/1732"}],"wp:attachment":[{"href":"https:\/\/artistdesign.de\/blog\/wp-json\/wp\/v2\/media?parent=46"}],"curies":[{"name":"wp","href":"https:\/\/api.w.org\/{rel}","templated":true}]}}