{"id":57,"date":"2011-12-30T20:37:24","date_gmt":"2011-12-30T20:37:24","guid":{"rendered":"http:\/\/artistdesign.de\/blog\/?page_id=57"},"modified":"2019-11-26T14:11:54","modified_gmt":"2019-11-26T14:11:54","slug":"counting-artwork","status":"publish","type":"page","link":"https:\/\/artistdesign.de\/blog\/counting-artwork","title":{"rendered":"mar Telling Artwork"},"content":{"rendered":"<p>Die Teilnehmer eines Holzstapels erz\u00e4hlen: &#8222;Ich bin 08\/15&#8220;, &#8222;ich dagegen 007&#8220;. &#8222;I like 2.0&#8243;, *Ich bin eine Fehlermeldung, 404&#8220;, &#8222;Mein Wasser hei\u00dft 4711&#8220;.<\/p>\n<p>The participants in a stack of wood tell their stories, &#8222;I&#8217;m 08\/15&#8220;, &#8222;however, I am 007&#8220;, &#8222;I like 2.0&#8243;, I am the error message 404&#8220;, &#8222;my water is called 4711.&#8220;<\/p>\n<div style=\"width: 986px\" class=\"wp-caption alignleft\"><a href=\"https:\/\/artistdesign.de\/blog\/wp-content\/uploads\/2012\/01\/Erzaehlungen-in-Holz.jpg\"><img loading=\"lazy\" decoding=\"async\" class=\"alignleft size-full wp-image-127\" title=\": Die Erz\u00e4hlungen | : Tell me a story\" src=\"https:\/\/artistdesign.de\/blog\/wp-content\/uploads\/2012\/01\/Erzaehlungen-in-Holz.jpg\" alt=\"\" width=\"976\" height=\"591\" srcset=\"https:\/\/artistdesign.de\/blog\/wp-content\/uploads\/2012\/01\/Erzaehlungen-in-Holz.jpg 976w, https:\/\/artistdesign.de\/blog\/wp-content\/uploads\/2012\/01\/Erzaehlungen-in-Holz-300x181.jpg 300w, https:\/\/artistdesign.de\/blog\/wp-content\/uploads\/2012\/01\/Erzaehlungen-in-Holz-495x300.jpg 495w\" sizes=\"auto, (max-width: 976px) 100vw, 976px\" \/><\/a><p class=\"wp-caption-text\">: Die Erz\u00e4hlungen | : Tell me a story<\/p><\/div>\n<h2>&#8222;Gepaltene Erzahlungen&#8220;<\/h2>\n<p>Angeregt durch Jochen Rosehrs &#8218;da(r)gelegte gespaltene Erinnerungen&#8216;:<br \/>\n&#8222;Ein Mustersch\u00fcler der Klasse 08\/15 im Januar des Jahres 1983 hat noch 365 Tage Zeit, seine Rolle als 007 in Huxleys 1984 einzustudieren. &#8218;Shaken, not stirred&#8216;,\u00a0 fl\u00fcstert ihm die Telefonauskunft zu und er beginnt, eine Flasche 4711 zu leeren. Ernsthafte Magenschmerzen n\u00f6tigen ihn, den Notruf anzuw\u00e4hlen. Da dieser aber nicht besetzt ist und daher nur Besetztzeichen von sich gibt, versucht er einen Hilferuf im Internet auf seiner Web 2,0-Pinnwand zu posten. &#8218;Fehlermeldung 404, Seite nicht gefunden.&#8216; &#8218;Womit habe ich das verdient, h\u00e4tte es vor meiner Geburt den \u00a7 218 nicht gegeben, so w\u00e4re mir dieses Hin und Her erspart geblieben.&#8220;<\/p>\n<h2>&#8222;Divisive narratives&#8220;<\/h2>\n<p>Stimulated by Jochen Rosehr&#8217;s &#8217;split set out memories&#8216;:<br \/>\n&#8222;A model student of class 08\/15 in January of 1983 has to rehearse still 365 days to his role as 007 in Huxley&#8217;s 1984th. &#8218;Shaken, not stirred&#8216;, his telephone information whispers and he begins to take a bottle of 4711 to be empty. Severe stomach pain requires him to make an emergency call. Since this is not occupied and therefore only busy signals are by themselves, he tries a call for help on the Internet on his Web 2.0-Wall post. &#8218;Error 404 page not found&#8216;. &#8218;What have I done to deserve this, it would have before I was born not given in \u00a7 218, to me this back and forth would have been spared.&#8220;<\/p>\n<p><a title=\"February Rescue Artwork\" href=\"https:\/\/artistdesign.de\/blog\/rescue-artwork\">\u25c0<\/a> PREV\u00a0 \u263c\u00a0 NEXT <a title=\"April Cloudburst Artwork\" href=\"https:\/\/artistdesign.de\/blog\/cloudburst-artwork\">\u25ba<\/a><\/p>\n","protected":false},"excerpt":{"rendered":"<p>Die Teilnehmer eines Holzstapels erz\u00e4hlen: &#8222;Ich bin 08\/15&#8220;, &#8222;ich dagegen 007&#8220;. &#8222;I like 2.0&#8243;, *Ich bin eine Fehlermeldung, 404&#8220;, &#8222;Mein Wasser hei\u00dft 4711&#8220;. The participants in a stack of wood tell their stories, &#8222;I&#8217;m 08\/15&#8220;, &#8222;however, I am 007&#8220;, &#8222;I like 2.0&#8243;, I am the error message 404&#8220;, &#8222;my water is called 4711.&#8220; &#8222;Gepaltene Erzahlungen&#8220;&hellip; <br \/> <a class=\"read-more\" href=\"https:\/\/artistdesign.de\/blog\/counting-artwork\">Weiterlesen<\/a><\/p>\n","protected":false},"author":1,"featured_media":0,"parent":0,"menu_order":0,"comment_status":"closed","ping_status":"closed","template":"sidebar-page.php","meta":{"ngg_post_thumbnail":0,"footnotes":""},"class_list":["post-57","page","type-page","status-publish","hentry"],"_links":{"self":[{"href":"https:\/\/artistdesign.de\/blog\/wp-json\/wp\/v2\/pages\/57","targetHints":{"allow":["GET"]}}],"collection":[{"href":"https:\/\/artistdesign.de\/blog\/wp-json\/wp\/v2\/pages"}],"about":[{"href":"https:\/\/artistdesign.de\/blog\/wp-json\/wp\/v2\/types\/page"}],"author":[{"embeddable":true,"href":"https:\/\/artistdesign.de\/blog\/wp-json\/wp\/v2\/users\/1"}],"replies":[{"embeddable":true,"href":"https:\/\/artistdesign.de\/blog\/wp-json\/wp\/v2\/comments?post=57"}],"version-history":[{"count":16,"href":"https:\/\/artistdesign.de\/blog\/wp-json\/wp\/v2\/pages\/57\/revisions"}],"predecessor-version":[{"id":1611,"href":"https:\/\/artistdesign.de\/blog\/wp-json\/wp\/v2\/pages\/57\/revisions\/1611"}],"wp:attachment":[{"href":"https:\/\/artistdesign.de\/blog\/wp-json\/wp\/v2\/media?parent=57"}],"curies":[{"name":"wp","href":"https:\/\/api.w.org\/{rel}","templated":true}]}}