{"id":65,"date":"2011-12-30T20:52:51","date_gmt":"2011-12-30T20:52:51","guid":{"rendered":"http:\/\/artistdesign.de\/blog\/?page_id=65"},"modified":"2020-12-23T09:32:18","modified_gmt":"2020-12-23T09:32:18","slug":"fighters-artwork","status":"publish","type":"page","link":"https:\/\/artistdesign.de\/blog\/fighters-artwork","title":{"rendered":"may Fighters Artwork"},"content":{"rendered":"<p>Zwei m\u00e4nnliche Personen sind in Kampfesstellung zueinander. Der \u00e4ltere mit erhobenem Zeigefinger und Ledermantel, der j\u00fcngere im gesprungenen Spagat.<\/p>\n<p>Two males are in a fighting position to each other. The older one with raised<br \/>\nindex finger dressed in a long leather jacket, the younger.one jumps into the splits.<\/p>\n<div style=\"width: 986px\" class=\"wp-caption alignleft\"><a href=\"https:\/\/artistdesign.de\/blog\/wp-content\/uploads\/2012\/01\/Friedenmaschine.jpg\"><img loading=\"lazy\" decoding=\"async\" class=\"alignleft size-full wp-image-130\" title=\"Wir k\u00e4mpfen f\u00fcr den Frieden | We are freedom fighters\" src=\"https:\/\/artistdesign.de\/blog\/wp-content\/uploads\/2012\/01\/Friedenmaschine.jpg\" alt=\"\" width=\"976\" height=\"591\" srcset=\"https:\/\/artistdesign.de\/blog\/wp-content\/uploads\/2012\/01\/Friedenmaschine.jpg 976w, https:\/\/artistdesign.de\/blog\/wp-content\/uploads\/2012\/01\/Friedenmaschine-300x181.jpg 300w, https:\/\/artistdesign.de\/blog\/wp-content\/uploads\/2012\/01\/Friedenmaschine-495x300.jpg 495w\" sizes=\"auto, (max-width: 976px) 100vw, 976px\" \/><\/a><p class=\"wp-caption-text\">Wir k\u00e4mpfen f\u00fcr den Frieden | We are freedom fighters<\/p><\/div>\n<p>Zu dem Thema wird es in absehbarer Zukunft ein Computerspiel geben. Sobald Memo Barutcu und Patrick Cordes soweit sind, werden wir das Spiel, Arbeitstitel &#8218;Streetfighter&#8216;, testen k\u00f6nnen.<\/p>\n<p>On this topic a computer game will be available in the near future, Once Memo Barutc and Patrick Cordes are ready, we are able to test the game, working title of &#8218;Street Fighters&#8216;.<\/p>\n<p><a title=\"April Cloudburst Artwork\" href=\"https:\/\/artistdesign.de\/blog\/cloudburst-artwork\">\u25c0<\/a> PREV\u00a0 \u263c\u00a0 NEXT <a title=\"June Primeval Artwork\" href=\"https:\/\/artistdesign.de\/blog\/primeval-artwork\">\u25ba<\/a><\/p>\n","protected":false},"excerpt":{"rendered":"<p>Zwei m\u00e4nnliche Personen sind in Kampfesstellung zueinander. Der \u00e4ltere mit erhobenem Zeigefinger und Ledermantel, der j\u00fcngere im gesprungenen Spagat. Two males are in a fighting position to each other. The older one with raised index finger dressed in a long leather jacket, the younger.one jumps into the splits. Zu dem Thema wird es in absehbarer&hellip; <br \/> <a class=\"read-more\" href=\"https:\/\/artistdesign.de\/blog\/fighters-artwork\">Weiterlesen<\/a><\/p>\n","protected":false},"author":1,"featured_media":0,"parent":0,"menu_order":0,"comment_status":"closed","ping_status":"closed","template":"sidebar-page.php","meta":{"ngg_post_thumbnail":0,"footnotes":""},"class_list":["post-65","page","type-page","status-publish","hentry"],"_links":{"self":[{"href":"https:\/\/artistdesign.de\/blog\/wp-json\/wp\/v2\/pages\/65","targetHints":{"allow":["GET"]}}],"collection":[{"href":"https:\/\/artistdesign.de\/blog\/wp-json\/wp\/v2\/pages"}],"about":[{"href":"https:\/\/artistdesign.de\/blog\/wp-json\/wp\/v2\/types\/page"}],"author":[{"embeddable":true,"href":"https:\/\/artistdesign.de\/blog\/wp-json\/wp\/v2\/users\/1"}],"replies":[{"embeddable":true,"href":"https:\/\/artistdesign.de\/blog\/wp-json\/wp\/v2\/comments?post=65"}],"version-history":[{"count":21,"href":"https:\/\/artistdesign.de\/blog\/wp-json\/wp\/v2\/pages\/65\/revisions"}],"predecessor-version":[{"id":1740,"href":"https:\/\/artistdesign.de\/blog\/wp-json\/wp\/v2\/pages\/65\/revisions\/1740"}],"wp:attachment":[{"href":"https:\/\/artistdesign.de\/blog\/wp-json\/wp\/v2\/media?parent=65"}],"curies":[{"name":"wp","href":"https:\/\/api.w.org\/{rel}","templated":true}]}}