{"id":661,"date":"2014-05-23T20:47:47","date_gmt":"2014-05-23T20:47:47","guid":{"rendered":"http:\/\/artistdesign.de\/blog\/?page_id=661"},"modified":"2015-04-02T21:20:25","modified_gmt":"2015-04-02T21:20:25","slug":"schlagart","status":"publish","type":"page","link":"https:\/\/artistdesign.de\/blog\/schlagart","title":{"rendered":"MOSAIK MUZIK &#038; SPACE BASS CONCERTS"},"content":{"rendered":"<p>MOSAIK MUZIK FESTIVAL Bremen<br \/>\nDieses vison\u00e4re Mosaik solltet ihr euch nicht entgehen lassen!<br \/>\n30.05.2015\u00a0\u00a0 Schwankhalle, Buntentorsteinway 112<br \/>\n19:30 Acoustic \u2022 21:30 Band\u00a0 \u2022 23:30 Finale<\/p>\n<p>Vision: Stefan Rapp \/ Max Krome<br \/>\nKoordination: Gisela Gr\u00fcndl \/ Annette Kottmaier<br \/>\nVisual: Clemens-R. Dethlefsen \/ Artistdesign<\/p>\n<div id=\"attachment_1002\" style=\"width: 594px\" class=\"wp-caption alignleft\"><a href=\"https:\/\/artistdesign.de\/blog\/wp-content\/uploads\/2015\/04\/Muzik-Festival-Mosaik_Plakat_AH.jpg\"><img loading=\"lazy\" decoding=\"async\" aria-describedby=\"caption-attachment-1002\" class=\"size-large wp-image-1002\" title=\"Muzik Festival Bremen\" src=\"https:\/\/artistdesign.de\/blog\/wp-content\/uploads\/2015\/04\/Muzik-Festival-Mosaik_Plakat_AH-723x1024.jpg\" alt=\"Muzik Festival Bremen\" width=\"584\" height=\"827\" srcset=\"https:\/\/artistdesign.de\/blog\/wp-content\/uploads\/2015\/04\/Muzik-Festival-Mosaik_Plakat_AH-723x1024.jpg 723w, https:\/\/artistdesign.de\/blog\/wp-content\/uploads\/2015\/04\/Muzik-Festival-Mosaik_Plakat_AH-212x300.jpg 212w, https:\/\/artistdesign.de\/blog\/wp-content\/uploads\/2015\/04\/Muzik-Festival-Mosaik_Plakat_AH.jpg 1131w\" sizes=\"auto, (max-width: 584px) 100vw, 584px\" \/><\/a><p id=\"caption-attachment-1002\" class=\"wp-caption-text\">Mosaik Muzik Festival Bremen by Stefan Rapp &amp; Friends<\/p><\/div>\n<p>&nbsp;<\/p>\n<p><strong>FAT FUZZY ORCHESTRA<\/strong>\u00a0 Andreas Wahl (Gitarre\u2009\/\u2009E-Gitarre) Stefan Rapp (Percussion) Max Gaertner (Percussion) Steffen Schorn (Saxophon) Paul Donat (Beat Box)\u00a0\u00a0 <strong>TOXIC<\/strong>\u00a0 Sven Poll\u00adk\u00f6tter (Drums\u2009\/\u2009\u2009Percussion) Andreas Wahl (Gitarre \/ E-Gitarre) Stefan Rapp (Bass) Daniel Sepec (Violine) Konstanze Lerbs (Violine) Steffen Schorn (Saxophon) <strong>ESPRESSO CLASSICO<\/strong>\u00a0 Hannah Zimmer (Violine) Marie Therese Stumpf (Viola) Sophie L\u00fccke (Kontrabass) Rodrigo Blumenstock (Oboe) Tanja Tetzlaff (Cello) Laia Magri (Fagott) Hans-Christian S\u00f8rensen (Percussion) \u00a0 <strong>ALTE MUSIK<\/strong>\u00a0 Felix Uehlein (Countertenor) <strong>SPANISCHE N\u00c4CHTE<\/strong>\u00a0 Raul Camarasa (Percussion) Laia Magri (Fagott \/ Gesang) <strong>SPACE BASS<\/strong>\u00a0 Stefan Preyer (Kontrabass\u2009\/\u2009Elektronik) Stefan Rapp (Bass\u2009\/\u2009Percussion\u2009\/Elektronik) Johannes Fischer (Electro Percussion) Reinhard Schimmelpfeng (Obertongesang\u2009\/\u2009Sounds) Felix Uehlein (Countertenor) Tobias Hertlein (Special Effects) \u00a0 <strong>MAIK SANDMAN &amp; BAND<\/strong>\u00a0 Maik Sandman (Pop\u2009-\/\u2009Rockgesang) Sven Pollk\u00f6tter (Drums) Stefan Rapp (Percussion) Klaus H\u00fcgl (Piano) Max Gaertner (Percussion) Laia Magri, Sophia L\u00fccke, Hannah Zimmer: (Backgroundchor) \u00a0 <strong>DRUM POWER<\/strong> Marcus Linke, Tobias H\u00e4rtlein, Andreas Heuwagen, Stefan Rapp, Raul Camarasa, Max Gaertner, Paul Donat, Andreas Winkler, Hans-Christian S\u00f6rensen: (Percussion) \u00a0 <strong>SCHAUSPIEL<\/strong>\u00a0 Janina Schulz, Franziska Mencz: (Schauspiel)<\/p>\n<hr \/>\n<p><strong>SUMMERTIME CONCERTS<\/strong><\/p>\n<p>Achtung, hier beginnt die groovende Vergangenheit: Summertime SPACE BASS Concerts im haben leider schon stattgefunden!<\/p>\n<p>Stefan Preyer (u.a. die_freakshow) und Stefan Rapp (u.a. schlag-art) setzen Ihre Konzertreihe fort: Das Grooving Sound Project SPACE BASS entsteht, wenn sich Basso acustico und Basso electrico begegnen, entgegnen, miteinander spielen und sich in den Weiten tonaler Totalit\u00e4t wieder verlieren.<\/p>\n<p>Absolut h\u00f6renswert: das letzte SPACE-BASS-Konzert fand Juni 2013 statt, das Xmas Special 2013 musste verletzungsbedingt leider ausfallen.<\/p>\n<div id=\"attachment_664\" style=\"width: 1201px\" class=\"wp-caption alignleft\"><a href=\"https:\/\/artistdesign.de\/blog\/wp-content\/uploads\/2014\/05\/20140521_Preyerapp_2014_Summertime_72dpi.jpg\"><img loading=\"lazy\" decoding=\"async\" aria-describedby=\"caption-attachment-664\" class=\"size-full wp-image-664  \" title=\"SPACE BASS Summertime-Concerts\" src=\"https:\/\/artistdesign.de\/blog\/wp-content\/uploads\/2014\/05\/20140521_Preyerapp_2014_Summertime_72dpi.jpg\" alt=\"Stefan Preyer &amp; Stefan Rapp in Concert\" width=\"1191\" height=\"842\" srcset=\"https:\/\/artistdesign.de\/blog\/wp-content\/uploads\/2014\/05\/20140521_Preyerapp_2014_Summertime_72dpi.jpg 1191w, https:\/\/artistdesign.de\/blog\/wp-content\/uploads\/2014\/05\/20140521_Preyerapp_2014_Summertime_72dpi-300x212.jpg 300w, https:\/\/artistdesign.de\/blog\/wp-content\/uploads\/2014\/05\/20140521_Preyerapp_2014_Summertime_72dpi-1024x723.jpg 1024w, https:\/\/artistdesign.de\/blog\/wp-content\/uploads\/2014\/05\/20140521_Preyerapp_2014_Summertime_72dpi-424x300.jpg 424w\" sizes=\"auto, (max-width: 1191px) 100vw, 1191px\" \/><\/a><p id=\"caption-attachment-664\" class=\"wp-caption-text\">Stefan Preyer &amp; Stefan Rapp in Summer Concert<\/p><\/div>\n<p>Die beiden Konzerte finden im Juni 2014 statt<br \/>\nam Fr 27.06.2014 in der Bremer Villa Sponte um 20:00 Uhr<br \/>\nam Sa 28.06.2014 im Bremer Lagerhaus um 20:00 Uhr<\/p>\n<hr \/>\n<p>Zur Erinnerung an das Initiations- sowie das leider ausgefallene Weihnachtskonzert seien hier die beiden letzten Plakate gezeigt:<\/p>\n<div id=\"attachment_667\" style=\"width: 852px\" class=\"wp-caption alignleft\"><a href=\"https:\/\/artistdesign.de\/blog\/wp-content\/uploads\/2014\/05\/Preyerapp_2013_Xmas_Plakat_A3.jpg\"><img loading=\"lazy\" decoding=\"async\" aria-describedby=\"caption-attachment-667\" class=\"size-full wp-image-667\" title=\"SPACE BASS Xmas Special\" src=\"https:\/\/artistdesign.de\/blog\/wp-content\/uploads\/2014\/05\/Preyerapp_2013_Xmas_Plakat_A3.jpg\" alt=\"SPACE BASS Xmas Special\" width=\"842\" height=\"1191\" srcset=\"https:\/\/artistdesign.de\/blog\/wp-content\/uploads\/2014\/05\/Preyerapp_2013_Xmas_Plakat_A3.jpg 842w, https:\/\/artistdesign.de\/blog\/wp-content\/uploads\/2014\/05\/Preyerapp_2013_Xmas_Plakat_A3-212x300.jpg 212w, https:\/\/artistdesign.de\/blog\/wp-content\/uploads\/2014\/05\/Preyerapp_2013_Xmas_Plakat_A3-723x1024.jpg 723w\" sizes=\"auto, (max-width: 842px) 100vw, 842px\" \/><\/a><p id=\"caption-attachment-667\" class=\"wp-caption-text\">Stefan Preyer &amp; Stefan Rapp grooven im Sound Project<\/p><\/div>\n<p>&nbsp;<\/p>\n<div id=\"attachment_668\" style=\"width: 3518px\" class=\"wp-caption alignleft\"><a href=\"https:\/\/artistdesign.de\/blog\/wp-content\/uploads\/2014\/05\/StefanStefan_SpaceBass_Plakat_A3.jpg\"><img loading=\"lazy\" decoding=\"async\" aria-describedby=\"caption-attachment-668\" class=\"size-full wp-image-668\" title=\"Stefan &amp; Stefan bassieren den Space\" src=\"https:\/\/artistdesign.de\/blog\/wp-content\/uploads\/2014\/05\/StefanStefan_SpaceBass_Plakat_A3.jpg\" alt=\"\" width=\"3508\" height=\"4961\" srcset=\"https:\/\/artistdesign.de\/blog\/wp-content\/uploads\/2014\/05\/StefanStefan_SpaceBass_Plakat_A3.jpg 3508w, https:\/\/artistdesign.de\/blog\/wp-content\/uploads\/2014\/05\/StefanStefan_SpaceBass_Plakat_A3-212x300.jpg 212w, https:\/\/artistdesign.de\/blog\/wp-content\/uploads\/2014\/05\/StefanStefan_SpaceBass_Plakat_A3-724x1024.jpg 724w\" sizes=\"auto, (max-width: 3508px) 100vw, 3508px\" \/><\/a><p id=\"caption-attachment-668\" class=\"wp-caption-text\">Stefan &amp; Stefan bassieren den Space<\/p><\/div>\n<p>Stefan Rapp, Basso electrico<br \/>\n<a title=\"Stefan Rapp, Home\" href=\"http:\/\/www.schlag-art.de\/pages\/intro.php\" target=\"_blank\">www.schlag-art.de<\/a><\/p>\n<p>Stefan Preyer, Basso acustico<br \/>\n<a title=\"Stephan Preyer, Home\" href=\"https:\/\/myspace.com\/diefreakshowmusic\" target=\"_blank\">https:\/\/myspace.com\/diefreakshowmusic<\/a><\/p>\n<p>Fat FuzzY Orchestra Andreas Wahl (Gitarre\u2009\/\u2009E-Gitarre)\u00a0 Stefan Rapp (Percussion)\u00a0 Max Gaertner (Percussion)\u00a0 Steffen Schorn\u00a0 (Saxophon)\u00a0 Paul Donat (Beat Box)<br \/>\nToxic\u00a0 Sven Poll\u00adk\u00f6tter (Drums\u2009\/\u2009\u2009Percussion)\u00a0 Andreas Wahl (Gitarre \/ E-Gitarre)\u00a0 Stefan Rapp (Bass)\u00a0 Daniel Sepec (Violine)\u00a0 Konstanze Lerbs (Violine)\u00a0 Steffen Schorn (Saxophon)\u00a0\u00a0\u00a0\u00a0 Espresso Classico\u00a0\u00a0 Hannah Zimmer (Violine)\u00a0 Marie Therese Stumpf (Viola)\u00a0 Sophie L\u00fccke (Kontrabass)\u00a0 Rodrigo Blumenstock (Oboe)\u00a0 Tanja Tetzlaff (Cello)\u00a0 Laia Magri (Fagott)\u00a0 Hans-Christian S\u00f8rensen\u00a0 (Percussion)\u00a0\u00a0 ALTE MUSIK\u00a0 Felix Uehlein (Countertenor)\u00a0\u00a0 Spanische N\u00e4chte\u00a0 Raul Camarasa (Percussion)\u00a0 Laia Magri (Fagott \/ Gesang)\u00a0\u00a0\u00a0 Space Bass\u00a0\u00a0 Stefan Preyer (Kontrabass\u2009\/\u2009Elektronik) Stefan Rapp (Bass\u2009\/\u2009Percussion\u2009\/Elektronik)\u00a0 Johannes Fischer (Electro Percussion)\u00a0 Reinhard Schimmelpfeng (Obertongesang\u2009\/\u2009Sounds)\u00a0 Felix Uehlein (Countertenor)\u00a0 Tobias Hertlein (Special Effects)\u00a0\u00a0 Maik Sandman &amp; Band\u00a0 Maik Sandman (Pop\u2009-\/\u2009Rockgesang)\u00a0 Sven Pollk\u00f6tter (Drums)\u00a0 Stefan Rapp (Percussion)\u00a0 Klaus H\u00fcgl (Piano)\u00a0 Max Gaertner (Percussion)\u00a0 Laia Magri, Sophia L\u00fccke, Hannah Zimmer: (Backgroundchor)\u00a0\u00a0 Drum Power\u00a0 Marcus Linke, Tobias H\u00e4rtlein, Andreas Heuwagen, Stefan Rapp, Raul Camarasa, Max Gaertner, Paul Donat, Andreas Winkler, Hans-Christian S\u00f6rensen: (Percussion)Schauspiel Janina Schulz, Franziska Mencz: (Schauspiel)<\/p>\n","protected":false},"excerpt":{"rendered":"<p>MOSAIK MUZIK FESTIVAL Bremen Dieses vison\u00e4re Mosaik solltet ihr euch nicht entgehen lassen! 30.05.2015\u00a0\u00a0 Schwankhalle, Buntentorsteinway 112 19:30 Acoustic \u2022 21:30 Band\u00a0 \u2022 23:30 Finale Vision: Stefan Rapp \/ Max Krome Koordination: Gisela Gr\u00fcndl \/ Annette Kottmaier Visual: Clemens-R. Dethlefsen \/ Artistdesign &nbsp; FAT FUZZY ORCHESTRA\u00a0 Andreas Wahl (Gitarre\u2009\/\u2009E-Gitarre) Stefan Rapp (Percussion) Max Gaertner (Percussion)&hellip; <br \/> <a class=\"read-more\" href=\"https:\/\/artistdesign.de\/blog\/schlagart\">Weiterlesen<\/a><\/p>\n","protected":false},"author":2,"featured_media":0,"parent":0,"menu_order":0,"comment_status":"open","ping_status":"closed","template":"sidebar-page.php","meta":{"ngg_post_thumbnail":0,"footnotes":""},"class_list":["post-661","page","type-page","status-publish","hentry"],"_links":{"self":[{"href":"https:\/\/artistdesign.de\/blog\/wp-json\/wp\/v2\/pages\/661","targetHints":{"allow":["GET"]}}],"collection":[{"href":"https:\/\/artistdesign.de\/blog\/wp-json\/wp\/v2\/pages"}],"about":[{"href":"https:\/\/artistdesign.de\/blog\/wp-json\/wp\/v2\/types\/page"}],"author":[{"embeddable":true,"href":"https:\/\/artistdesign.de\/blog\/wp-json\/wp\/v2\/users\/2"}],"replies":[{"embeddable":true,"href":"https:\/\/artistdesign.de\/blog\/wp-json\/wp\/v2\/comments?post=661"}],"version-history":[{"count":24,"href":"https:\/\/artistdesign.de\/blog\/wp-json\/wp\/v2\/pages\/661\/revisions"}],"predecessor-version":[{"id":672,"href":"https:\/\/artistdesign.de\/blog\/wp-json\/wp\/v2\/pages\/661\/revisions\/672"}],"wp:attachment":[{"href":"https:\/\/artistdesign.de\/blog\/wp-json\/wp\/v2\/media?parent=661"}],"curies":[{"name":"wp","href":"https:\/\/api.w.org\/{rel}","templated":true}]}}