{"id":69,"date":"2011-12-30T21:04:38","date_gmt":"2011-12-30T21:04:38","guid":{"rendered":"http:\/\/artistdesign.de\/blog\/?page_id=69"},"modified":"2014-06-23T18:43:39","modified_gmt":"2014-06-23T18:43:39","slug":"primeval-artwork","status":"publish","type":"page","link":"https:\/\/artistdesign.de\/blog\/primeval-artwork","title":{"rendered":"June Primeval Artwork"},"content":{"rendered":"<p>Ursuppe statt -knall: Ein Kontinent ist im Entstehen, umgeben von urigem, z\u00e4hen Wasser. Unterschiedliche Kr\u00e4fte sind am Wirken, um dem Werden Gestalt zu geben. Sch\u00f6pfung wird sichtbar.<\/p>\n<div style=\"width: 986px\" class=\"wp-caption alignleft\"><a href=\"https:\/\/artistdesign.de\/blog\/wp-content\/uploads\/2012\/01\/Ursuppe_Festland.jpg\"><img loading=\"lazy\" decoding=\"async\" class=\"alignleft size-full wp-image-135\" title=\"Terra incognita: Die Ur ist eine -suppe, nach fest kommt -land | The tide pool is determined by continents\" src=\"https:\/\/artistdesign.de\/blog\/wp-content\/uploads\/2012\/01\/Ursuppe_Festland.jpg\" alt=\"\" width=\"976\" height=\"591\" srcset=\"https:\/\/artistdesign.de\/blog\/wp-content\/uploads\/2012\/01\/Ursuppe_Festland.jpg 976w, https:\/\/artistdesign.de\/blog\/wp-content\/uploads\/2012\/01\/Ursuppe_Festland-300x181.jpg 300w, https:\/\/artistdesign.de\/blog\/wp-content\/uploads\/2012\/01\/Ursuppe_Festland-495x300.jpg 495w\" sizes=\"auto, (max-width: 976px) 100vw, 976px\" \/><\/a><p class=\"wp-caption-text\">Terra incognita: Die Ur ist eine -suppe, nach fest kommt -land | The tide pool is determined by continents<\/p><\/div>\n<p>Primeval soup instead of Big Bang: A continent is emerging, surrounded by rustic and muddy water. Different forces are at work in order to give shape to the Become. Creation comes into view.<\/p>\n<p><a title=\"May Fighters Artwork\" href=\"https:\/\/artistdesign.de\/blog\/fighters-artwork\">\u25c0<\/a> PREV\u00a0 \u263c\u00a0 NEXT <a title=\"July Preliminary Artwork\" href=\"https:\/\/artistdesign.de\/blog\/preliminary-artwork\">\u25ba<\/a><\/p>\n","protected":false},"excerpt":{"rendered":"<p>Ursuppe statt -knall: Ein Kontinent ist im Entstehen, umgeben von urigem, z\u00e4hen Wasser. Unterschiedliche Kr\u00e4fte sind am Wirken, um dem Werden Gestalt zu geben. Sch\u00f6pfung wird sichtbar. Primeval soup instead of Big Bang: A continent is emerging, surrounded by rustic and muddy water. Different forces are at work in order to give shape to the&hellip; <br \/> <a class=\"read-more\" href=\"https:\/\/artistdesign.de\/blog\/primeval-artwork\">Weiterlesen<\/a><\/p>\n","protected":false},"author":1,"featured_media":0,"parent":0,"menu_order":0,"comment_status":"open","ping_status":"closed","template":"sidebar-page.php","meta":{"ngg_post_thumbnail":0,"footnotes":""},"class_list":["post-69","page","type-page","status-publish","hentry"],"_links":{"self":[{"href":"https:\/\/artistdesign.de\/blog\/wp-json\/wp\/v2\/pages\/69","targetHints":{"allow":["GET"]}}],"collection":[{"href":"https:\/\/artistdesign.de\/blog\/wp-json\/wp\/v2\/pages"}],"about":[{"href":"https:\/\/artistdesign.de\/blog\/wp-json\/wp\/v2\/types\/page"}],"author":[{"embeddable":true,"href":"https:\/\/artistdesign.de\/blog\/wp-json\/wp\/v2\/users\/1"}],"replies":[{"embeddable":true,"href":"https:\/\/artistdesign.de\/blog\/wp-json\/wp\/v2\/comments?post=69"}],"version-history":[{"count":11,"href":"https:\/\/artistdesign.de\/blog\/wp-json\/wp\/v2\/pages\/69\/revisions"}],"predecessor-version":[{"id":802,"href":"https:\/\/artistdesign.de\/blog\/wp-json\/wp\/v2\/pages\/69\/revisions\/802"}],"wp:attachment":[{"href":"https:\/\/artistdesign.de\/blog\/wp-json\/wp\/v2\/media?parent=69"}],"curies":[{"name":"wp","href":"https:\/\/api.w.org\/{rel}","templated":true}]}}