{"id":694,"date":"2014-05-31T19:01:45","date_gmt":"2014-05-31T19:01:45","guid":{"rendered":"http:\/\/artistdesign.de\/blog\/?page_id=694"},"modified":"2021-03-02T19:06:56","modified_gmt":"2021-03-02T19:06:56","slug":"wake-up-artistdesign","status":"publish","type":"page","link":"https:\/\/artistdesign.de\/blog\/wake-up-artistdesign","title":{"rendered":"WAKE UP ARTISTDESIGN"},"content":{"rendered":"<p><strong>Noch immer im Sleep Mode? Warum?<\/strong><\/p>\n<p><a href=\"https:\/\/artistdesign.de\/blog\/wp-content\/uploads\/2014\/05\/LOGO_wakeup_ARTISTDESIGN.png\"><img loading=\"lazy\" decoding=\"async\" class=\"size-large wp-image-696 alignnone\" title=\"LOGO WAKE UP ARTISTDESIGN\" src=\"https:\/\/artistdesign.de\/blog\/wp-content\/uploads\/2014\/05\/LOGO_wakeup_ARTISTDESIGN-1024x627.png\" alt=\"LOGO wake UP by ARTISTDESIGN\" width=\"438\" height=\"268\" srcset=\"https:\/\/artistdesign.de\/blog\/wp-content\/uploads\/2014\/05\/LOGO_wakeup_ARTISTDESIGN-1024x627.png 1024w, https:\/\/artistdesign.de\/blog\/wp-content\/uploads\/2014\/05\/LOGO_wakeup_ARTISTDESIGN-300x183.png 300w, https:\/\/artistdesign.de\/blog\/wp-content\/uploads\/2014\/05\/LOGO_wakeup_ARTISTDESIGN-489x300.png 489w, https:\/\/artistdesign.de\/blog\/wp-content\/uploads\/2014\/05\/LOGO_wakeup_ARTISTDESIGN.png 1800w\" sizes=\"auto, (max-width: 438px) 100vw, 438px\" \/><\/a><\/p>\n<p>Heute ist es nicht mehr n\u00f6tig, lethargisch vor sich hin zu d\u00e4mmern.<br \/>Wenn ich herausfinden m\u00f6chte, ob es andere Menschen gibt, die \u00e4hnlich wie ich empfinden und denken, habe ich dank des Internets die M\u00f6glichkeit, mich mit dem modernen universellen Gedankenstrom zu verbinden.<\/p>\n<hr \/>\n<p>Ich gebe hier ein paar Beispiele von Ideengebern, die mich nachhaltig beeindruckt haben.<br \/>Beeindruckt, aber nicht indoktriniert und infiltriert. Das Wichtigste ist nach wie vor, sich anregen zu lassen, sich aber eigene Gedanken zu machen.<\/p>\n<p>Max Igan, z.B:<br \/><a title=\"Energetic Universe of Light and Sound - Max Igan \" href=\"http:\/\/www.youtube.com\/watch?v=SDxnP5t_t3I\" target=\"_blank\" rel=\"noopener noreferrer\">http:\/\/www.youtube.com\/watch?v=SDxnP5t_t3I<\/a><\/p>\n<p>Peter Joseph, The Zeitgeist Movement<br \/><a title=\"The Zeitgeist Movement\" href=\"http:\/\/www.youtube.com\/watch?v=guXirzknYYE\" target=\"_blank\" rel=\"noopener noreferrer\">http:\/\/www.youtube.com\/watch?v=guXirzknYYE<\/a><\/p>\n<p>Charles Gilchrist, Sacred Geometry<br \/><a title=\"Sacred Geometry\" href=\"http:\/\/www.youtube.com\/watch?v=64NR8gIcaD0\" target=\"_blank\" rel=\"noopener noreferrer\">http:\/\/www.youtube.com\/watch?v=64NR8gIcaD0<\/a><\/p>\n<p>Goldener Schnitt, z.B.<br \/><a title=\"Golden Ratio\" href=\"http:\/\/www.youtube.com\/watch?v=03uC9bhX0Rc\" target=\"_blank\" rel=\"noopener noreferrer\">http:\/\/www.youtube.com\/watch?v=03uC9bhX0Rc<\/a><\/p>\n<p>R\u00fcdiger Dahlke, Peace Food<br \/><a title=\"Interview zum Peace Food\" href=\"http:\/\/www.youtube.com\/watch?v=AIEYXYztpXI\" target=\"_blank\" rel=\"noopener noreferrer\">http:\/\/www.youtube.com\/watch?v=AIEYXYztpXI<\/a><\/p>\n<p style=\"background-color: transparent;\">To be continued!<\/p>\n<h1 style=\"background-color: transparent;\">Die Zeugen Coronas<\/h1>\n<p style=\"background-color: transparent;\">N\u00e4chste Eingebung aus aktuellem Einlass:\u00a0 Die Corona Crisis scheint hausgemacht zu sein, da es ihr an faktischer Evidenz mangelt. Recherchiert man die Sterblichkeit in Deutschland im Jahre 2020 und vergleicht diese mit den Werten von 2016 bis 2019, so ergibt sich keine f\u00fcr eine wirkliche Pandemie typische \u00dcbersterblichkeit. Sogar f\u00fcr Schweden mit fehlendem gesamtgesellschaftlichen Lockdown ist keine \u00dcbersterblichkeit f\u00fcr 2020 erkennbar. Daher persifliere ich hier einmal 3 wichtige deutschsprachige Protagonisten als Zeugen Coronas: &#8222;Die Inzidenz steigt&#8220;, &#8222;Es liegt ein exponentielles Wachstum der positiv Getesteten vor&#8220;, &#8222;Es gibt hochansteckende Mutanten des Virus&#8220;, &#8222;Das Gesundheitssystem ist am Limit&#8220;, etc. Aus diesem st\u00e4ndigem panikmachendem Gewarne habe ich ein Bild skizziert, das jeder verstehen kann. Lachen erlaubt!<\/p>\n<div id=\"attachment_1850\" style=\"width: 2010px\" class=\"wp-caption alignleft\"><a href=\"https:\/\/artistdesign.de\/blog\/wp-content\/uploads\/2021\/03\/Triumviral_ILove_04_3zu2.jpg\"><img loading=\"lazy\" decoding=\"async\" aria-describedby=\"caption-attachment-1850\" class=\"wp-image-1850\" style=\"background-color: transparent;\" src=\"https:\/\/artistdesign.de\/blog\/wp-content\/uploads\/2021\/03\/Triumviral_ILove_04_3zu2.jpg\" alt=\"TRIUMVIRAL TRIUMVIRATE\" width=\"2000\" height=\"1333\" srcset=\"https:\/\/artistdesign.de\/blog\/wp-content\/uploads\/2021\/03\/Triumviral_ILove_04_3zu2.jpg 4932w, https:\/\/artistdesign.de\/blog\/wp-content\/uploads\/2021\/03\/Triumviral_ILove_04_3zu2-300x200.jpg 300w, https:\/\/artistdesign.de\/blog\/wp-content\/uploads\/2021\/03\/Triumviral_ILove_04_3zu2-768x512.jpg 768w, https:\/\/artistdesign.de\/blog\/wp-content\/uploads\/2021\/03\/Triumviral_ILove_04_3zu2-1024x683.jpg 1024w, https:\/\/artistdesign.de\/blog\/wp-content\/uploads\/2021\/03\/Triumviral_ILove_04_3zu2-450x300.jpg 450w\" sizes=\"auto, (max-width: 2000px) 100vw, 2000px\" \/><\/a><p id=\"caption-attachment-1850\" class=\"wp-caption-text\">\u00a0\u00a0\u00a0\u00a0 TRIUMVIRAL TRIUMVIRATE\u00a0\u00a0\u00a0\u00a0\u00a0\u00a0 Acrylic, colored pencil and marker on canvas FEB\/MAR 2021, 160 x 120 cm<\/p><\/div>\n<p>\u00a0<\/p>\n<p>\u00a0<\/p>\n<p>\u00a0<\/p>\n<p>\u00a0<\/p>\n<p>\u00a0<\/p>\n<p>\u00a0<\/p>\n<h1>\u00a0<\/h1>\n<h1>\u00a0<\/h1>\n<h1><br \/>Gute Nacht<\/h1>\n<p>Nachdem Aufmerksamkeit und Interesse dauerhaft geweckt sind, k\u00f6nnen wir uns beruhigt wieder hinlegen und tr\u00e4umen weiter. Wir stellen uns ein Schaf vor und nutzen es als Einschlafhilfe!<\/p>\n<div id=\"attachment_825\" style=\"width: 594px\" class=\"wp-caption alignleft\"><a href=\"https:\/\/artistdesign.de\/blog\/wp-content\/uploads\/2014\/05\/schafLack.jpg\"><img loading=\"lazy\" decoding=\"async\" aria-describedby=\"caption-attachment-825\" class=\"size-large wp-image-825\" style=\"background-color: transparent;\" title=\"Einschlafhilfe Schlafschaf\" src=\"https:\/\/artistdesign.de\/blog\/wp-content\/uploads\/2014\/05\/schafLack-1024x768.jpg\" alt=\"Einschlafhilfe Schlafschaf\" width=\"584\" height=\"438\" srcset=\"https:\/\/artistdesign.de\/blog\/wp-content\/uploads\/2014\/05\/schafLack-1024x768.jpg 1024w, https:\/\/artistdesign.de\/blog\/wp-content\/uploads\/2014\/05\/schafLack-300x225.jpg 300w, https:\/\/artistdesign.de\/blog\/wp-content\/uploads\/2014\/05\/schafLack-400x300.jpg 400w\" sizes=\"auto, (max-width: 584px) 100vw, 584px\" \/><\/a><p id=\"caption-attachment-825\" class=\"wp-caption-text\">Einschlafhilfe Schlafschaf<\/p><\/div>\n\n\n<p><\/p>\n\n\n","protected":false},"excerpt":{"rendered":"<p>Noch immer im Sleep Mode? Warum? Heute ist es nicht mehr n\u00f6tig, lethargisch vor sich hin zu d\u00e4mmern.Wenn ich herausfinden m\u00f6chte, ob es andere Menschen gibt, die \u00e4hnlich wie ich empfinden und denken, habe ich dank des Internets die M\u00f6glichkeit, mich mit dem modernen universellen Gedankenstrom zu verbinden. Ich gebe hier ein paar Beispiele von&hellip; <br \/> <a class=\"read-more\" href=\"https:\/\/artistdesign.de\/blog\/wake-up-artistdesign\">Weiterlesen<\/a><\/p>\n","protected":false},"author":2,"featured_media":0,"parent":0,"menu_order":0,"comment_status":"open","ping_status":"closed","template":"sidebar-page.php","meta":{"ngg_post_thumbnail":0,"footnotes":""},"class_list":["post-694","page","type-page","status-publish","hentry"],"_links":{"self":[{"href":"https:\/\/artistdesign.de\/blog\/wp-json\/wp\/v2\/pages\/694","targetHints":{"allow":["GET"]}}],"collection":[{"href":"https:\/\/artistdesign.de\/blog\/wp-json\/wp\/v2\/pages"}],"about":[{"href":"https:\/\/artistdesign.de\/blog\/wp-json\/wp\/v2\/types\/page"}],"author":[{"embeddable":true,"href":"https:\/\/artistdesign.de\/blog\/wp-json\/wp\/v2\/users\/2"}],"replies":[{"embeddable":true,"href":"https:\/\/artistdesign.de\/blog\/wp-json\/wp\/v2\/comments?post=694"}],"version-history":[{"count":25,"href":"https:\/\/artistdesign.de\/blog\/wp-json\/wp\/v2\/pages\/694\/revisions"}],"predecessor-version":[{"id":1855,"href":"https:\/\/artistdesign.de\/blog\/wp-json\/wp\/v2\/pages\/694\/revisions\/1855"}],"wp:attachment":[{"href":"https:\/\/artistdesign.de\/blog\/wp-json\/wp\/v2\/media?parent=694"}],"curies":[{"name":"wp","href":"https:\/\/api.w.org\/{rel}","templated":true}]}}