{"id":75,"date":"2011-12-30T21:16:38","date_gmt":"2011-12-30T21:16:38","guid":{"rendered":"http:\/\/artistdesign.de\/blog\/?page_id=75"},"modified":"2014-06-23T18:36:01","modified_gmt":"2014-06-23T18:36:01","slug":"animal-artwork","status":"publish","type":"page","link":"https:\/\/artistdesign.de\/blog\/animal-artwork","title":{"rendered":"sep Animal Artwork"},"content":{"rendered":"<p>Landscape with unlikely by ivy overgrown, autochthonous tree. This one is obviously shaped as a lucky charm. The last rays of sunlight are transforming the scene to a spooky one. The talisman won&#8217;t remain here very long.<\/p>\n<div style=\"width: 986px\" class=\"wp-caption alignleft\"><a href=\"http:\/\/maps.google.es\/maps?ll=54.263081,11.082008&amp;spn=0.009262,0.019741&amp;t=h&amp;z=16&amp;vpsrc=6&amp;lci=com.panoramio.all\" target=\"_blank\"> <img loading=\"lazy\" decoding=\"async\" class=\"size-full wp-image-134\" title=\"Realit\u00e4tsgewinn, da Gl\u00fcck gehabt | Lucky reality growth\" src=\"https:\/\/artistdesign.de\/blog\/wp-content\/uploads\/2012\/01\/Schweinzeit.jpg\" alt=\"\" width=\"976\" height=\"591\" srcset=\"https:\/\/artistdesign.de\/blog\/wp-content\/uploads\/2012\/01\/Schweinzeit.jpg 976w, https:\/\/artistdesign.de\/blog\/wp-content\/uploads\/2012\/01\/Schweinzeit-300x181.jpg 300w, https:\/\/artistdesign.de\/blog\/wp-content\/uploads\/2012\/01\/Schweinzeit-495x300.jpg 495w\" sizes=\"auto, (max-width: 976px) 100vw, 976px\" \/><\/a><p class=\"wp-caption-text\">Realit\u00e4tsgewinn, da Gl\u00fcck gehabt | Lucky reality growth<\/p><\/div>\n<p>Landschaftsbild mit unwahrscheinlich durch Efeu \u00fcberwuchertem autochthonem Baum. Dieser nimmt dadurch die Form eines Gl\u00fccksbringers ein. Die letzten Sonnenstrahlen geben der Szene einen leicht gespenstischen Charakter, der Gl\u00fccksbringer wird dort nicht mehr lange verharren.<\/p>\n<p><a title=\"August Tourists Artwork\" href=\"https:\/\/artistdesign.de\/blog\/aquatour\">\u25c0<\/a> PREV\u00a0 \u263c\u00a0 NEXT <a title=\"October Inline Artwork\" href=\"https:\/\/artistdesign.de\/blog\/inline-artwork\">\u25ba<\/a><\/p>\n","protected":false},"excerpt":{"rendered":"<p>Landscape with unlikely by ivy overgrown, autochthonous tree. This one is obviously shaped as a lucky charm. The last rays of sunlight are transforming the scene to a spooky one. The talisman won&#8217;t remain here very long. Landschaftsbild mit unwahrscheinlich durch Efeu \u00fcberwuchertem autochthonem Baum. Dieser nimmt dadurch die Form eines Gl\u00fccksbringers ein. Die letzten&hellip; <br \/> <a class=\"read-more\" href=\"https:\/\/artistdesign.de\/blog\/animal-artwork\">Weiterlesen<\/a><\/p>\n","protected":false},"author":1,"featured_media":0,"parent":0,"menu_order":0,"comment_status":"open","ping_status":"closed","template":"sidebar-page.php","meta":{"ngg_post_thumbnail":0,"footnotes":""},"class_list":["post-75","page","type-page","status-publish","hentry"],"_links":{"self":[{"href":"https:\/\/artistdesign.de\/blog\/wp-json\/wp\/v2\/pages\/75","targetHints":{"allow":["GET"]}}],"collection":[{"href":"https:\/\/artistdesign.de\/blog\/wp-json\/wp\/v2\/pages"}],"about":[{"href":"https:\/\/artistdesign.de\/blog\/wp-json\/wp\/v2\/types\/page"}],"author":[{"embeddable":true,"href":"https:\/\/artistdesign.de\/blog\/wp-json\/wp\/v2\/users\/1"}],"replies":[{"embeddable":true,"href":"https:\/\/artistdesign.de\/blog\/wp-json\/wp\/v2\/comments?post=75"}],"version-history":[{"count":11,"href":"https:\/\/artistdesign.de\/blog\/wp-json\/wp\/v2\/pages\/75\/revisions"}],"predecessor-version":[{"id":797,"href":"https:\/\/artistdesign.de\/blog\/wp-json\/wp\/v2\/pages\/75\/revisions\/797"}],"wp:attachment":[{"href":"https:\/\/artistdesign.de\/blog\/wp-json\/wp\/v2\/media?parent=75"}],"curies":[{"name":"wp","href":"https:\/\/api.w.org\/{rel}","templated":true}]}}