{"id":77,"date":"2011-12-30T21:20:32","date_gmt":"2011-12-30T21:20:32","guid":{"rendered":"http:\/\/artistdesign.de\/blog\/?page_id=77"},"modified":"2014-06-23T18:34:38","modified_gmt":"2014-06-23T18:34:38","slug":"inline-artwork","status":"publish","type":"page","link":"https:\/\/artistdesign.de\/blog\/inline-artwork","title":{"rendered":"oct Inline Artwork"},"content":{"rendered":"<p>Die Umsatzkurve steigt um jeden Preis. Der sie beschreitende Seilt\u00e4nzer hat keine andere M\u00f6glichkeit, als den ihm vorgezeichneten Weg st\u00e4ndigen Wachstums zu beschreiten, da er sonst gnadenlos abst\u00fcrzen w\u00fcrde.<\/p>\n<div style=\"width: 986px\" class=\"wp-caption alignleft\"><a href=\"https:\/\/artistdesign.de\/blog\/wp-content\/uploads\/2012\/01\/Satz_Um_Satz.jpg\"><img loading=\"lazy\" decoding=\"async\" class=\"alignleft size-full wp-image-133\" title=\"Step by Step, Satz um Satz: immer linientreu |  Turnover by turnover: always inline\" src=\"https:\/\/artistdesign.de\/blog\/wp-content\/uploads\/2012\/01\/Satz_Um_Satz.jpg\" alt=\"\" width=\"976\" height=\"591\" srcset=\"https:\/\/artistdesign.de\/blog\/wp-content\/uploads\/2012\/01\/Satz_Um_Satz.jpg 976w, https:\/\/artistdesign.de\/blog\/wp-content\/uploads\/2012\/01\/Satz_Um_Satz-300x181.jpg 300w, https:\/\/artistdesign.de\/blog\/wp-content\/uploads\/2012\/01\/Satz_Um_Satz-495x300.jpg 495w\" sizes=\"auto, (max-width: 976px) 100vw, 976px\" \/><\/a><p class=\"wp-caption-text\">Step by Step, Satz um Satz: immer linientreu | Turnover by turnover: always inline<\/p><\/div>\n<p>The sales curve is rising at all costs. The high-wire performer has no other option than to pursue a course of stable growth: otherwise he would fall mercilessly.<\/p>\n<p><a title=\"September Animal Artwork\" href=\"https:\/\/artistdesign.de\/blog\/animal-artwork\">\u25c0<\/a> PREV\u00a0 \u263c\u00a0 NEXT <a title=\"November Hibernation Artwork\" href=\"https:\/\/artistdesign.de\/blog\/hibernation-artwork\">\u25ba<\/a><\/p>\n","protected":false},"excerpt":{"rendered":"<p>Die Umsatzkurve steigt um jeden Preis. Der sie beschreitende Seilt\u00e4nzer hat keine andere M\u00f6glichkeit, als den ihm vorgezeichneten Weg st\u00e4ndigen Wachstums zu beschreiten, da er sonst gnadenlos abst\u00fcrzen w\u00fcrde. The sales curve is rising at all costs. The high-wire performer has no other option than to pursue a course of stable growth: otherwise he would&hellip; <br \/> <a class=\"read-more\" href=\"https:\/\/artistdesign.de\/blog\/inline-artwork\">Weiterlesen<\/a><\/p>\n","protected":false},"author":1,"featured_media":0,"parent":0,"menu_order":0,"comment_status":"open","ping_status":"closed","template":"sidebar-page.php","meta":{"ngg_post_thumbnail":0,"footnotes":""},"class_list":["post-77","page","type-page","status-publish","hentry"],"_links":{"self":[{"href":"https:\/\/artistdesign.de\/blog\/wp-json\/wp\/v2\/pages\/77","targetHints":{"allow":["GET"]}}],"collection":[{"href":"https:\/\/artistdesign.de\/blog\/wp-json\/wp\/v2\/pages"}],"about":[{"href":"https:\/\/artistdesign.de\/blog\/wp-json\/wp\/v2\/types\/page"}],"author":[{"embeddable":true,"href":"https:\/\/artistdesign.de\/blog\/wp-json\/wp\/v2\/users\/1"}],"replies":[{"embeddable":true,"href":"https:\/\/artistdesign.de\/blog\/wp-json\/wp\/v2\/comments?post=77"}],"version-history":[{"count":10,"href":"https:\/\/artistdesign.de\/blog\/wp-json\/wp\/v2\/pages\/77\/revisions"}],"predecessor-version":[{"id":796,"href":"https:\/\/artistdesign.de\/blog\/wp-json\/wp\/v2\/pages\/77\/revisions\/796"}],"wp:attachment":[{"href":"https:\/\/artistdesign.de\/blog\/wp-json\/wp\/v2\/media?parent=77"}],"curies":[{"name":"wp","href":"https:\/\/api.w.org\/{rel}","templated":true}]}}