{"id":81,"date":"2011-12-30T21:26:06","date_gmt":"2011-12-30T21:26:06","guid":{"rendered":"http:\/\/artistdesign.de\/blog\/?page_id=81"},"modified":"2017-08-02T20:32:13","modified_gmt":"2017-08-02T20:32:13","slug":"fireworkday","status":"publish","type":"page","link":"https:\/\/artistdesign.de\/blog\/fireworkday","title":{"rendered":"dec Fireworkday&#8217;s Night"},"content":{"rendered":"<p>Es d\u00e4mmert. Die Luft kribbelt. Je dunkler es wird, desto st\u00e4rker werden die Lichter, von Menschenhand entz\u00fcndet. Licht und Spiel werden immer lauter und st\u00e4rker, so dass selbst die letzten Geister vertrieben werden k\u00f6nnen.<\/p>\n<div style=\"width: 986px\" class=\"wp-caption alignleft\"><a href=\"https:\/\/artistdesign.de\/blog\/wp-content\/uploads\/2012\/01\/Feuerwerktag.jpg\"><img loading=\"lazy\" decoding=\"async\" class=\"alignleft size-full wp-image-129\" title=\"Viele Festtage vollenden Feuerwerktag | Many holidays result a fireworkday\" src=\"https:\/\/artistdesign.de\/blog\/wp-content\/uploads\/2012\/01\/Feuerwerktag.jpg\" alt=\"\" width=\"976\" height=\"591\" srcset=\"https:\/\/artistdesign.de\/blog\/wp-content\/uploads\/2012\/01\/Feuerwerktag.jpg 976w, https:\/\/artistdesign.de\/blog\/wp-content\/uploads\/2012\/01\/Feuerwerktag-300x181.jpg 300w, https:\/\/artistdesign.de\/blog\/wp-content\/uploads\/2012\/01\/Feuerwerktag-495x300.jpg 495w\" sizes=\"auto, (max-width: 976px) 100vw, 976px\" \/><\/a><p class=\"wp-caption-text\">Viele Festtage vollenden Feuerwerktag | Many holidays result a fireworkday<\/p><\/div>\n<p>It dawns. The air prickles. The darker it gets, the brighter the lights shine, lit by human hands. Lights and games become louder and stronger, so that even the last spirits can be exorcised.<\/p>\n<p><a title=\"November Hibernation Artwork\" href=\"https:\/\/artistdesign.de\/blog\/hibernation-artwork\">\u25c0<\/a> PREV\u00a0 \u263c\u00a0 NEXT <a title=\"January Winter\u2019s Artwork\" href=\"https:\/\/artistdesign.de\/blog\/winters-artwork\">\u25ba<\/a><\/p>\n","protected":false},"excerpt":{"rendered":"<p>Es d\u00e4mmert. Die Luft kribbelt. Je dunkler es wird, desto st\u00e4rker werden die Lichter, von Menschenhand entz\u00fcndet. Licht und Spiel werden immer lauter und st\u00e4rker, so dass selbst die letzten Geister vertrieben werden k\u00f6nnen. It dawns. The air prickles. The darker it gets, the brighter the lights shine, lit by human hands. Lights and games&hellip; <br \/> <a class=\"read-more\" href=\"https:\/\/artistdesign.de\/blog\/fireworkday\">Weiterlesen<\/a><\/p>\n","protected":false},"author":1,"featured_media":0,"parent":0,"menu_order":0,"comment_status":"open","ping_status":"closed","template":"sidebar-page.php","meta":{"ngg_post_thumbnail":0,"footnotes":""},"class_list":["post-81","page","type-page","status-publish","hentry"],"_links":{"self":[{"href":"https:\/\/artistdesign.de\/blog\/wp-json\/wp\/v2\/pages\/81","targetHints":{"allow":["GET"]}}],"collection":[{"href":"https:\/\/artistdesign.de\/blog\/wp-json\/wp\/v2\/pages"}],"about":[{"href":"https:\/\/artistdesign.de\/blog\/wp-json\/wp\/v2\/types\/page"}],"author":[{"embeddable":true,"href":"https:\/\/artistdesign.de\/blog\/wp-json\/wp\/v2\/users\/1"}],"replies":[{"embeddable":true,"href":"https:\/\/artistdesign.de\/blog\/wp-json\/wp\/v2\/comments?post=81"}],"version-history":[{"count":12,"href":"https:\/\/artistdesign.de\/blog\/wp-json\/wp\/v2\/pages\/81\/revisions"}],"predecessor-version":[{"id":1333,"href":"https:\/\/artistdesign.de\/blog\/wp-json\/wp\/v2\/pages\/81\/revisions\/1333"}],"wp:attachment":[{"href":"https:\/\/artistdesign.de\/blog\/wp-json\/wp\/v2\/media?parent=81"}],"curies":[{"name":"wp","href":"https:\/\/api.w.org\/{rel}","templated":true}]}}