{"id":879,"date":"2014-12-07T20:19:28","date_gmt":"2014-12-07T20:19:28","guid":{"rendered":"http:\/\/artistdesign.de\/blog\/?page_id=879"},"modified":"2015-07-01T19:24:03","modified_gmt":"2015-07-01T19:24:03","slug":"prima-primaten","status":"publish","type":"page","link":"https:\/\/artistdesign.de\/blog\/prima-primaten","title":{"rendered":"jul  Prima Primaten"},"content":{"rendered":"<p>Bewegung im Urgrund<br \/>\nErzeugt einen Ursprung.<br \/>\nPrima Primaten werden<br \/>\nWerden und Vergehen.<\/p>\n<div id=\"attachment_390\" style=\"width: 594px\" class=\"wp-caption alignleft\"><a href=\"https:\/\/artistdesign.de\/blog\/wp-content\/uploads\/2014\/12\/Prima-Primaten.jpg\"><img loading=\"lazy\" decoding=\"async\" aria-describedby=\"caption-attachment-390\" class=\"alignleft size-large wp-image-843\" title=\"Primat der Primaten | Primacy of Primates | Primacia de Primates\" src=\"https:\/\/artistdesign.de\/blog\/wp-content\/uploads\/2014\/12\/Prima-Primaten-1024x627.jpg\" alt=\"Primat der Primaten | Primacy of Primates | Primacia de Primates\" width=\"584\" height=\"357\" srcset=\"https:\/\/artistdesign.de\/blog\/wp-content\/uploads\/2014\/12\/Prima-Primaten-1024x627.jpg 1024w, https:\/\/artistdesign.de\/blog\/wp-content\/uploads\/2014\/12\/Prima-Primaten-300x183.jpg 300w, https:\/\/artistdesign.de\/blog\/wp-content\/uploads\/2014\/12\/Prima-Primaten-489x300.jpg 489w\" sizes=\"auto, (max-width: 584px) 100vw, 584px\" \/><\/a><p id=\"caption-attachment-390\" class=\"wp-caption-text\">Primat der Primaten | Primacy of Primates | Primac\u00eda de Primates<\/p><\/div>\n<p>ca. 150 x 200 cm | Dispersion auf Papier | Dispersion on paper | Dispersi\u00f3n sobre papel | ca. 1986 | digitally remastered<\/p>\n<p>Auf <a title=\"Prima Primaten auf Artflakes\" href=\"http:\/\/www.artflakes.com\/de\/products\/primat-der-primaten---primacy-of-primates---primacia-de-primates\" target=\"_blank\">ARTFLAKES<\/a> l\u00e4sst sich dieses Opus als Poster, Kunstdruck oder Gru\u00dfkarte kaufen!<br \/>\nGet this artwork as poster, art print or canvas print on <a title=\"Primary Primates on Artflakes\" href=\"http:\/\/www.artflakes.com\/de\/products\/primat-der-primaten---primacy-of-primates---primacia-de-primates\" target=\"_blank\">ARTFLAKES<\/a>!<\/p>\n<p><a title=\"jun Augebogen\" href=\"https:\/\/artistdesign.de\/blog\/augebogen\">\u25c0<\/a> PREV\u00a0 \u263c\u00a0 NEXT <a title=\"aug Sonnenwindfang\" href=\"https:\/\/artistdesign.de\/blog\/sonnenwindfang\">\u25ba<\/a><\/p>\n","protected":false},"excerpt":{"rendered":"<p>Bewegung im Urgrund Erzeugt einen Ursprung. Prima Primaten werden Werden und Vergehen. ca. 150 x 200 cm | Dispersion auf Papier | Dispersion on paper | Dispersi\u00f3n sobre papel | ca. 1986 | digitally remastered Auf ARTFLAKES l\u00e4sst sich dieses Opus als Poster, Kunstdruck oder Gru\u00dfkarte kaufen! Get this artwork as poster, art print or&hellip; <br \/> <a class=\"read-more\" href=\"https:\/\/artistdesign.de\/blog\/prima-primaten\">Weiterlesen<\/a><\/p>\n","protected":false},"author":2,"featured_media":0,"parent":0,"menu_order":0,"comment_status":"open","ping_status":"closed","template":"sidebar-page.php","meta":{"ngg_post_thumbnail":0,"footnotes":""},"class_list":["post-879","page","type-page","status-publish","hentry"],"_links":{"self":[{"href":"https:\/\/artistdesign.de\/blog\/wp-json\/wp\/v2\/pages\/879","targetHints":{"allow":["GET"]}}],"collection":[{"href":"https:\/\/artistdesign.de\/blog\/wp-json\/wp\/v2\/pages"}],"about":[{"href":"https:\/\/artistdesign.de\/blog\/wp-json\/wp\/v2\/types\/page"}],"author":[{"embeddable":true,"href":"https:\/\/artistdesign.de\/blog\/wp-json\/wp\/v2\/users\/2"}],"replies":[{"embeddable":true,"href":"https:\/\/artistdesign.de\/blog\/wp-json\/wp\/v2\/comments?post=879"}],"version-history":[{"count":6,"href":"https:\/\/artistdesign.de\/blog\/wp-json\/wp\/v2\/pages\/879\/revisions"}],"predecessor-version":[{"id":1026,"href":"https:\/\/artistdesign.de\/blog\/wp-json\/wp\/v2\/pages\/879\/revisions\/1026"}],"wp:attachment":[{"href":"https:\/\/artistdesign.de\/blog\/wp-json\/wp\/v2\/media?parent=879"}],"curies":[{"name":"wp","href":"https:\/\/api.w.org\/{rel}","templated":true}]}}