{"id":881,"date":"2014-12-07T20:23:29","date_gmt":"2014-12-07T20:23:29","guid":{"rendered":"http:\/\/artistdesign.de\/blog\/?page_id=881"},"modified":"2015-08-01T19:32:01","modified_gmt":"2015-08-01T19:32:01","slug":"sonnenwindfang","status":"publish","type":"page","link":"https:\/\/artistdesign.de\/blog\/sonnenwindfang","title":{"rendered":"aug Sonnenwindfang"},"content":{"rendered":"<p>Die Sonne windet in alle Richtungen<br \/>\ndie Sonnenwindf\u00e4nger sind auf Empfang<\/p>\n<p>If the sun could only say ME<br \/>\nno one could ever live WE<\/p>\n<div id=\"attachment_392\" style=\"width: 594px\" class=\"wp-caption alignleft\"><a href=\"https:\/\/artistdesign.de\/blog\/wp-content\/uploads\/2014\/12\/SonnenWindFang.jpg\"><img loading=\"lazy\" decoding=\"async\" aria-describedby=\"caption-attachment-392\" class=\"alignleft size-large wp-image-845\" title=\"Sonnenwindfang | Solar Porch | Cancel Solar\" src=\"https:\/\/artistdesign.de\/blog\/wp-content\/uploads\/2014\/12\/SonnenWindFang-1024x627.jpg\" alt=\"Sonnenwindfang | Solar Porch | Cancel Solar\" width=\"584\" height=\"357\" srcset=\"https:\/\/artistdesign.de\/blog\/wp-content\/uploads\/2014\/12\/SonnenWindFang-1024x627.jpg 1024w, https:\/\/artistdesign.de\/blog\/wp-content\/uploads\/2014\/12\/SonnenWindFang-300x183.jpg 300w, https:\/\/artistdesign.de\/blog\/wp-content\/uploads\/2014\/12\/SonnenWindFang-489x300.jpg 489w\" sizes=\"auto, (max-width: 584px) 100vw, 584px\" \/><\/a><p id=\"caption-attachment-392\" class=\"wp-caption-text\">Sonnenwindfang | Solar Porch | Cancel Solar<\/p><\/div>\n<p>154 x 108 cm | Dispersion auf Tapetengrund auf Karton |\u00a0 Primer and Dispersion on carton | Dispersi\u00f3n y imprimaci\u00f3n sobre cart\u00f3n | ca. 1986<\/p>\n<p>Manch einen erinnert dieses Bildwerk in seiner <strong>Malweise<\/strong> an die <strong>van Gogh<\/strong>s.<br \/>\nWas soll ich dazu sagen? Zum einen ehrt es mich, zum anderen aber auch nicht. H\u00e4tte ich mir vorgenommen, so wie van Gogh zu malen, w\u00e4re bestimmt ein v\u00f6llig anderes Bild entstanden, da dann die Besch\u00e4ftigung mit dem niederl\u00e4ndischen Meister und seiner Welt im Vordergrund gestanden h\u00e4tte.<br \/>\nIn diesem Bild untersuche ich die Wirkung der Sonne und zeige eine M\u00f6glichkeit, deren Wirkung gewinnbringend einzufangen. Um das Sonnenlicht malerisch in Schwingung zu versetzen, ist diese oszillierende Malweise entstanden. Enstanden, nicht etwa vorgenommen oder gewollt, etwa im Sinne von: Flecken und Wellen vorzeichnen und dann ausmalen, also kein Malen nach Zahlen in\u00a0 vorher definierte Fl\u00e4chen, sondern tats\u00e4chlich kommen lassen und einfangen. Dabei wach bleiben, zuh\u00f6ren, wie der Wind schwingen, sich ausbreiten will. Und wahrnehmen, bei wem und was er wie landen, andocken, was, wie und wen er treffen kann.<\/p>\n<p>Some people think this painting is similar to the works of van Gogh.<br \/>\nWhat should I say? On the one hand it honors me, on the other hand it does not.<br \/>\nIf I had intended to paint as van Gogh a completely different picture would certainly have emerged. Why? Because of being the Dutch master and living in his world would have been the subject of this imaginated image.<br \/>\nIn my real painting however, I examine the effect of the sun and show a way to profitably capture its emissions. In order to enable the sunlight to oscillate in a picture, this vibrating manner of painting arose. Originated, not made or wanted. Spots and waves are not prefigured. No painting by numbers in pre-defined areas. Just stay awake, listen how the wind whispers and swings, wants to spread. And perceive, whom and what it wants to meet.<\/p>\n<p>F\u00fcr alle, die ein gemaltes Sein, zumal mit einem windigen Titel, erst dann begreifen, wenn sie es be-greifen k\u00f6nnen: Auf <a title=\"Sonnenwindfang auf Artflakes\" href=\"http:\/\/www.artflakes.com\/de\/products\/sonnenwindfang---solar-porch---cancel-solar\" target=\"_blank\">ARTFLAKES<\/a> l\u00e4sst sich dieses Opus als Poster, Kunstdruck oder Gru\u00dfkarte kaufen!<br \/>\nGet in touch with this artwork as a touchable poster, art print or canvas print on <a title=\"Solar Porch on Artflakes\" href=\"http:\/\/www.artflakes.com\/de\/products\/sonnenwindfang---solar-porch---cancel-solar\" target=\"_blank\">ARTFLAKES<\/a>!<\/p>\n<p><a title=\"jul  Prima Primaten\" href=\"https:\/\/artistdesign.de\/blog\/prima-primaten\">\u25c0<\/a> PREV\u00a0 \u263c\u00a0 NEXT <a title=\"sep Schatzsuchende Rothaut\" href=\"https:\/\/artistdesign.de\/blog\/treasure-hunter\">\u25ba<\/a><\/p>\n","protected":false},"excerpt":{"rendered":"<p>Die Sonne windet in alle Richtungen die Sonnenwindf\u00e4nger sind auf Empfang If the sun could only say ME no one could ever live WE 154 x 108 cm | Dispersion auf Tapetengrund auf Karton |\u00a0 Primer and Dispersion on carton | Dispersi\u00f3n y imprimaci\u00f3n sobre cart\u00f3n | ca. 1986 Manch einen erinnert dieses Bildwerk in&hellip; <br \/> <a class=\"read-more\" href=\"https:\/\/artistdesign.de\/blog\/sonnenwindfang\">Weiterlesen<\/a><\/p>\n","protected":false},"author":2,"featured_media":0,"parent":0,"menu_order":0,"comment_status":"open","ping_status":"closed","template":"sidebar-page.php","meta":{"ngg_post_thumbnail":0,"footnotes":""},"class_list":["post-881","page","type-page","status-publish","hentry"],"_links":{"self":[{"href":"https:\/\/artistdesign.de\/blog\/wp-json\/wp\/v2\/pages\/881","targetHints":{"allow":["GET"]}}],"collection":[{"href":"https:\/\/artistdesign.de\/blog\/wp-json\/wp\/v2\/pages"}],"about":[{"href":"https:\/\/artistdesign.de\/blog\/wp-json\/wp\/v2\/types\/page"}],"author":[{"embeddable":true,"href":"https:\/\/artistdesign.de\/blog\/wp-json\/wp\/v2\/users\/2"}],"replies":[{"embeddable":true,"href":"https:\/\/artistdesign.de\/blog\/wp-json\/wp\/v2\/comments?post=881"}],"version-history":[{"count":9,"href":"https:\/\/artistdesign.de\/blog\/wp-json\/wp\/v2\/pages\/881\/revisions"}],"predecessor-version":[{"id":931,"href":"https:\/\/artistdesign.de\/blog\/wp-json\/wp\/v2\/pages\/881\/revisions\/931"}],"wp:attachment":[{"href":"https:\/\/artistdesign.de\/blog\/wp-json\/wp\/v2\/media?parent=881"}],"curies":[{"name":"wp","href":"https:\/\/api.w.org\/{rel}","templated":true}]}}