{"id":890,"date":"2014-12-07T20:39:37","date_gmt":"2014-12-07T20:39:37","guid":{"rendered":"http:\/\/artistdesign.de\/blog\/?page_id=890"},"modified":"2020-12-23T09:36:46","modified_gmt":"2020-12-23T09:36:46","slug":"trivialicht","status":"publish","type":"page","link":"https:\/\/artistdesign.de\/blog\/trivialicht","title":{"rendered":"dec Triviales Leuchten"},"content":{"rendered":"<p><strong>Sei dabei<\/strong><br \/>\n<strong> nimm drei<\/strong><br \/>\n<strong> durchdringe<\/strong><br \/>\n<strong> die Schlinge<\/strong><\/p>\n<div id=\"attachment_393\" style=\"width: 594px\" class=\"wp-caption alignleft\"><a href=\"https:\/\/artistdesign.de\/blog\/wp-content\/uploads\/2014\/12\/Trivialeuchten.jpg\"><img loading=\"lazy\" decoding=\"async\" aria-describedby=\"caption-attachment-393\" class=\"alignleft size-large wp-image-846\" title=\"Triviales Leuchten | 3D Color Interaction | Luz a todo color\" src=\"https:\/\/artistdesign.de\/blog\/wp-content\/uploads\/2014\/12\/Trivialeuchten-1024x627.jpg\" alt=\"Triviales Leuchten | 3D Color Interaction | Luz a todo color\" width=\"584\" height=\"357\" srcset=\"https:\/\/artistdesign.de\/blog\/wp-content\/uploads\/2014\/12\/Trivialeuchten-1024x627.jpg 1024w, https:\/\/artistdesign.de\/blog\/wp-content\/uploads\/2014\/12\/Trivialeuchten-300x183.jpg 300w, https:\/\/artistdesign.de\/blog\/wp-content\/uploads\/2014\/12\/Trivialeuchten-489x300.jpg 489w\" sizes=\"auto, (max-width: 584px) 100vw, 584px\" \/><\/a><p id=\"caption-attachment-393\" class=\"wp-caption-text\">Triviales Leuchten | 3D Color Interaction | Luz a todo color<\/p><\/div>\n<p><strong>Be in thrive<\/strong><br \/>\n<strong> Ttake 5<\/strong><br \/>\n<strong> Survive<br \/>\nyour own drive<\/strong><\/p>\n<p>154 x 108 cm | Dispersion auf Karton | Dispersion on carton | Dispersi\u00f3n sobre cart\u00f3n | ca. 1986<\/p>\n<p>F\u00fcr alle, die dieses triviale Bildwerk anfassen m\u00f6chten: auf <a title=\"Rothaut auf Artflakes\" href=\"http:\/\/www.artflakes.com\/de\/products\/triviales-leuchten---3d-color-interaction---luz-a-todo-color\" target=\"_blank\" rel=\"noopener noreferrer\">ARTFLAKES<\/a> l\u00e4sst sich dieses Opus als Poster, Kunstdruck oder Gru\u00dfkarte kaufen!<br \/>\nGet in touch with this artwork as a touchable poster, art print or canvas print on <a title=\"Red-skinned Hunter on Artflakes\" href=\"http:\/\/www.artflakes.com\/en\/products\/triviales-leuchten---3d-color-interaction---luz-a-todo-color\" target=\"_blank\" rel=\"noopener noreferrer\">ARTFLAKES<\/a>!<\/p>\n<p><a title=\"nov Geburt des Guru\" href=\"https:\/\/artistdesign.de\/blog\/geburt-guru\">\u25c0<\/a> PREV\u00a0 \u263c\u00a0 NEXT <a title=\"jan Costa del Cubo\" href=\"https:\/\/artistdesign.de\/blog\/costa-del-cub\">\u25ba<\/a><\/p>\n<p>&nbsp;<\/p>\n","protected":false},"excerpt":{"rendered":"<p>Sei dabei nimm drei durchdringe die Schlinge Be in thrive Ttake 5 Survive your own drive 154 x 108 cm | Dispersion auf Karton | Dispersion on carton | Dispersi\u00f3n sobre cart\u00f3n | ca. 1986 F\u00fcr alle, die dieses triviale Bildwerk anfassen m\u00f6chten: auf ARTFLAKES l\u00e4sst sich dieses Opus als Poster, Kunstdruck oder Gru\u00dfkarte kaufen!&hellip; <br \/> <a class=\"read-more\" href=\"https:\/\/artistdesign.de\/blog\/trivialicht\">Weiterlesen<\/a><\/p>\n","protected":false},"author":2,"featured_media":0,"parent":0,"menu_order":0,"comment_status":"closed","ping_status":"closed","template":"sidebar-page.php","meta":{"ngg_post_thumbnail":0,"footnotes":""},"class_list":["post-890","page","type-page","status-publish","hentry"],"_links":{"self":[{"href":"https:\/\/artistdesign.de\/blog\/wp-json\/wp\/v2\/pages\/890","targetHints":{"allow":["GET"]}}],"collection":[{"href":"https:\/\/artistdesign.de\/blog\/wp-json\/wp\/v2\/pages"}],"about":[{"href":"https:\/\/artistdesign.de\/blog\/wp-json\/wp\/v2\/types\/page"}],"author":[{"embeddable":true,"href":"https:\/\/artistdesign.de\/blog\/wp-json\/wp\/v2\/users\/2"}],"replies":[{"embeddable":true,"href":"https:\/\/artistdesign.de\/blog\/wp-json\/wp\/v2\/comments?post=890"}],"version-history":[{"count":8,"href":"https:\/\/artistdesign.de\/blog\/wp-json\/wp\/v2\/pages\/890\/revisions"}],"predecessor-version":[{"id":1742,"href":"https:\/\/artistdesign.de\/blog\/wp-json\/wp\/v2\/pages\/890\/revisions\/1742"}],"wp:attachment":[{"href":"https:\/\/artistdesign.de\/blog\/wp-json\/wp\/v2\/media?parent=890"}],"curies":[{"name":"wp","href":"https:\/\/api.w.org\/{rel}","templated":true}]}}