{"id":96,"date":"2011-12-31T06:26:20","date_gmt":"2011-12-31T06:26:20","guid":{"rendered":"http:\/\/artistdesign.de\/blog\/?page_id=96"},"modified":"2019-08-29T06:11:25","modified_gmt":"2019-08-29T06:11:25","slug":"preview-2012","status":"publish","type":"page","link":"https:\/\/artistdesign.de\/blog\/preview-2012","title":{"rendered":"Calendar Preview 2012"},"content":{"rendered":"<p>Zur Zeit ist mein Kunstkalender f\u00fcr 2012 in der Produktion, nachdem ich am letzten Wochendende vor allem die Texte, also die Bildunterschriften, finalisiert habe. \u00dcber die Bildmotive werde ich an dieser Stelle nicht viel verraten, da sich viele meiner Kalender-Kenner gerne \u00fcberraschen lassen. Soviel sei gesagt: Die Motive sind durchaus unterschiedlicher ART, &#8218;reale&#8216; Bildelemente, also fotografische Realit\u00e4ts-Zitate arrangiere ich soweit um, dass Wahrnehmung und Denken des Betrachtenden angeregt werden. Hinterher ist alles anders. Beispiele aus der j\u00fcngeren Vergangenheit zeigen die Richtung an: Der Kalender f\u00fcr 2011 ist nat\u00fcrlicherweise anders als der von 2012, stellt aber einen durchaus repr\u00e4sentativen Querschnitt meiner nach au\u00dfen gewendeten Innenwelt dar: <a title=\"Kunstkalender f\u00fcr 2011\" href=\"http:\/\/clemens-raphael.de\/html\/artKalender11.htm\" target=\"_blank\">clemens-raphael.de\/html\/artKalender11.htm<\/a>.<br \/>\nKommentare zu den einzelnen Kalenderbildern lassen sich dort leider nicht posten, dazu allerdings \u00fcberlege ich mir noch etwas.<\/p>\n<div id=\"attachment_9\" style=\"width: 310px\" class=\"wp-caption alignleft\"><a href=\"https:\/\/artistdesign.de\/blog\/wp-content\/uploads\/2011\/12\/Schweinzeit_T.jpg\"><img loading=\"lazy\" decoding=\"async\" aria-describedby=\"caption-attachment-9\" class=\"size-medium wp-image-9\" title=\"Schweinzeit \u2013 Kalender 2012\" src=\"https:\/\/artistdesign.de\/blog\/wp-content\/uploads\/2011\/12\/Schweinzeit_T-300x200.jpg\" alt=\"Schweinzeit \u2013 Kalender 2012\" width=\"300\" height=\"200\" srcset=\"https:\/\/artistdesign.de\/blog\/wp-content\/uploads\/2011\/12\/Schweinzeit_T-300x200.jpg 300w, https:\/\/artistdesign.de\/blog\/wp-content\/uploads\/2011\/12\/Schweinzeit_T-450x300.jpg 450w, https:\/\/artistdesign.de\/blog\/wp-content\/uploads\/2011\/12\/Schweinzeit_T.jpg 600w\" sizes=\"auto, (max-width: 300px) 100vw, 300px\" \/><\/a><p id=\"caption-attachment-9\" class=\"wp-caption-text\">Schweinzeit \u2013 Calendar 2012<\/p><\/div>\n<p>At present my art calendar for 2012 is in production. The last weekend I have finalized all the texts, above all the captions. About the artwork I will not reveal very much today, because many of my calendar customers like to be surprised. What I want to say: The motives are quite different, &#8218;real&#8216; picture elements, ie photographic reality citations are arranged to the extent that perception and thinking of the viewer will be encouraged, even renewed. Afterwards, everything has changed. Examples of the recent years show what I mean: The calendar for 2011 is obviously different from that of 2012, but it represents an entirely representative cross-section of my outward-turned inner world: <a title=\"Calendar 2011\" href=\"http:\/\/clemens-raphael.de\/html\/artKalender11.htm\" target=\"_blank\">clemens-raphael.de\/html\/artKalender11.htm<\/a> .<br \/>\nComments on the calendar images cannot be posted there, but I&#8217;m working on solving this problem.<\/p>\n","protected":false},"excerpt":{"rendered":"<p>Zur Zeit ist mein Kunstkalender f\u00fcr 2012 in der Produktion, nachdem ich am letzten Wochendende vor allem die Texte, also die Bildunterschriften, finalisiert habe. \u00dcber die Bildmotive werde ich an dieser Stelle nicht viel verraten, da sich viele meiner Kalender-Kenner gerne \u00fcberraschen lassen. Soviel sei gesagt: Die Motive sind durchaus unterschiedlicher ART, &#8218;reale&#8216; Bildelemente, also&hellip; <br \/> <a class=\"read-more\" href=\"https:\/\/artistdesign.de\/blog\/preview-2012\">Weiterlesen<\/a><\/p>\n","protected":false},"author":1,"featured_media":0,"parent":0,"menu_order":0,"comment_status":"closed","ping_status":"closed","template":"sidebar-page.php","meta":{"ngg_post_thumbnail":0,"footnotes":""},"class_list":["post-96","page","type-page","status-publish","hentry"],"_links":{"self":[{"href":"https:\/\/artistdesign.de\/blog\/wp-json\/wp\/v2\/pages\/96","targetHints":{"allow":["GET"]}}],"collection":[{"href":"https:\/\/artistdesign.de\/blog\/wp-json\/wp\/v2\/pages"}],"about":[{"href":"https:\/\/artistdesign.de\/blog\/wp-json\/wp\/v2\/types\/page"}],"author":[{"embeddable":true,"href":"https:\/\/artistdesign.de\/blog\/wp-json\/wp\/v2\/users\/1"}],"replies":[{"embeddable":true,"href":"https:\/\/artistdesign.de\/blog\/wp-json\/wp\/v2\/comments?post=96"}],"version-history":[{"count":7,"href":"https:\/\/artistdesign.de\/blog\/wp-json\/wp\/v2\/pages\/96\/revisions"}],"predecessor-version":[{"id":156,"href":"https:\/\/artistdesign.de\/blog\/wp-json\/wp\/v2\/pages\/96\/revisions\/156"}],"wp:attachment":[{"href":"https:\/\/artistdesign.de\/blog\/wp-json\/wp\/v2\/media?parent=96"}],"curies":[{"name":"wp","href":"https:\/\/api.w.org\/{rel}","templated":true}]}}